{"id":258346,"date":"2023-10-25T13:25:11","date_gmt":"2023-10-25T17:25:11","guid":{"rendered":"https:\/\/maryandthewax.com\/?post_type=product&#038;p=258346"},"modified":"2024-01-05T05:01:07","modified_gmt":"2024-01-05T09:01:07","slug":"boucles-oreilles-dani-bordeaux-and-beige-baleine","status":"publish","type":"product","link":"https:\/\/maryandthewax.com\/?product=boucles-oreilles-dani-bordeaux-and-beige-baleine","title":{"rendered":"BOUCLES OREILLES DANI BORDEAUX AND BEIGE BALEINE"},"content":{"rendered":"<p class=\"p1\">Vos boucles d\u2019oreilles sap\u00e9es en Wax\u00a0: on aime l\u2019id\u00e9e et on aimera les porter. Cet accessoire inattendu rel\u00e8vera votre tenue sans effort\u00a0! Ses couleurs vives en feront un atout ind\u00e9niable pour vous sublimer en toutes circonstances. Le mod\u00e8le DANI habillera joliment votre visage. Sa forme pendante est d\u2019une \u00e9l\u00e9gance simple comme on aime\u00a0!<\/p>\n<p class=\"p1\">Encore une id\u00e9e cadeau originale qui ne passera pas inaper\u00e7ue.<span class=\"Apple-converted-space\">\u00a0<\/span><\/p>\n<p class=\"p1\">Elles n\u00e9cessitent d\u2019avoir les oreilles perc\u00e9es. R\u00e9alis\u00e9s dans l\u2019atelier de Mary, les boucles d\u2019oreilles DANI sont fabriqu\u00e9es en tr\u00e8s petite quantit\u00e9. La position du motif varie selon le mod\u00e8le ; cela en fait un mod\u00e8le unique.<\/p>\n","protected":false},"excerpt":{"rendered":"<p class=\"p1\">Vos boucles d\u2019oreilles sap\u00e9es en Wax\u00a0: on aime l\u2019id\u00e9e et on aimera les porter. Cet accessoire inattendu rel\u00e8vera votre tenue sans effort\u00a0! Ses couleurs vives en feront un atout ind\u00e9niable pour vous sublimer en toutes circonstances. Par leur taille, elles ne passeront pas inaper\u00e7ue et marqueront votre occasion.<\/p>\n<p class=\"p1\">Encore une id\u00e9e cadeau originale pour faire plaisir ou se faire plaisir.<span class=\"Apple-converted-space\">\u00a0<\/span><\/p>\n<p class=\"p2\"><span class=\"Apple-converted-space\">\u00a0<\/span><\/p>\n<p class=\"p1\">Munies de clous, elles n\u00e9cessitent d\u2019avoir les oreilles perc\u00e9es. R\u00e9alis\u00e9s dans l\u2019atelier de Mary, les boucles d\u2019oreilles LILY XL sont fabriqu\u00e9es en tr\u00e8s petite quantit\u00e9. La position du motif varie selon le mod\u00e8le ; cela en fait un mod\u00e8le unique.<\/p>\n","protected":false},"featured_media":258339,"comment_status":"open","ping_status":"closed","template":"","meta":{"_acf_changed":false,"_et_pb_use_builder":"off","_et_pb_old_content":"<p class=\"p1\">Ce porte cl\u00e9 vous accompagnera partout. Ses couleurs vives en feront un atout ind\u00e9niable pour rep\u00e9rer vos pr\u00e9cieuses cl\u00e9s que vous ne trouvez jamais. Il pourra \u00e9galement agr\u00e9menter vos sacs tel un bijou mais aussi les sacs et cartables des plus petits. Offert, il vous permettra de faire passer les messages les plus inattendus. Un petit canard pour les canailles ou un c\u0153ur pour d\u00e9clarer vos sentiments, il peut faire tout cela \u00e0 la fois.<\/p>\r\n<p class=\"p1\">Son rembourrage made in France est dense. Il suffit de lui enlever son anneau ou mousqueton pour le laver. Il vous accompagnera dans votre quotidien ou dans vos occasions sp\u00e9ciales et vous permettra de rep\u00e9rer vos sacs et accessoires en un coup d\u2019\u0153il. Finitions soign\u00e9es et couleurs originales sont \u00e9galement ses atouts majeurs.<\/p>\r\n<p class=\"p1\">Fait main dans l\u2019atelier de Mary, ce porte cl\u00e9 est fabriqu\u00e9 en tr\u00e8s petite quantit\u00e9 voire en mod\u00e8le unique. La position du motif peut varier selon le mod\u00e8le.<\/p>","_et_gb_content_width":""},"product_cat":[29,65],"product_tag":[276],"class_list":{"0":"post-258346","1":"product","2":"type-product","3":"status-publish","4":"has-post-thumbnail","6":"product_cat-bijoux","7":"product_cat-boucles-d-oreilles","8":"product_tag-fabric-blue-big-toes","10":"first","11":"instock","12":"purchasable","13":"product-type-simple"},"acf":[],"yoast_head":"<!-- This site is optimized with the Yoast SEO plugin v27.1.1 - https:\/\/yoast.com\/product\/yoast-seo-wordpress\/ -->\n<title>BOUCLES OREILLES DANI BORDEAUX AND BEIGE BALEINE - maryandthewax.com<\/title>\n<meta name=\"robots\" content=\"index, follow, max-snippet:-1, max-image-preview:large, max-video-preview:-1\" \/>\n<link rel=\"canonical\" href=\"https:\/\/maryandthewax.com\/?product=boucles-oreilles-dani-bordeaux-and-beige-baleine\" \/>\n<meta property=\"og:locale\" content=\"fr_FR\" \/>\n<meta property=\"og:type\" content=\"article\" \/>\n<meta property=\"og:title\" content=\"BOUCLES OREILLES DANI BORDEAUX AND BEIGE BALEINE - maryandthewax.com\" \/>\n<meta property=\"og:description\" content=\"Vos boucles d\u2019oreilles sap\u00e9es en Wax\u00a0: on aime l\u2019id\u00e9e et on aimera les porter. Cet accessoire inattendu rel\u00e8vera votre tenue sans effort\u00a0! Ses couleurs vives en feront un atout ind\u00e9niable pour vous sublimer en toutes circonstances. Par leur taille, elles ne passeront pas inaper\u00e7ue et marqueront votre occasion. Encore une id\u00e9e cadeau originale pour faire plaisir ou se faire plaisir.\u00a0 \u00a0 Munies de clous, elles n\u00e9cessitent d\u2019avoir les oreilles perc\u00e9es. R\u00e9alis\u00e9s dans l\u2019atelier de Mary, les boucles d\u2019oreilles LILY XL sont fabriqu\u00e9es en tr\u00e8s petite quantit\u00e9. La position du motif varie selon le mod\u00e8le ; cela en fait un mod\u00e8le unique.\" \/>\n<meta property=\"og:url\" content=\"https:\/\/maryandthewax.com\/?product=boucles-oreilles-dani-bordeaux-and-beige-baleine\" \/>\n<meta property=\"og:site_name\" content=\"maryandthewax.com\" \/>\n<meta property=\"article:modified_time\" content=\"2024-01-05T09:01:07+00:00\" \/>\n<meta property=\"og:image\" content=\"http:\/\/maryandthewax.com\/wp-content\/uploads\/2023\/10\/J1-045-BOUCLES-OREILLES-DANI-BORDEAUX-AND-BEIGE-BALEINE-1-min-1-scaled.jpg\" \/>\n\t<meta property=\"og:image:width\" content=\"2560\" \/>\n\t<meta property=\"og:image:height\" content=\"1920\" \/>\n\t<meta property=\"og:image:type\" content=\"image\/jpeg\" \/>\n<meta name=\"twitter:card\" content=\"summary_large_image\" \/>\n<meta name=\"twitter:label1\" content=\"Dur\u00e9e de lecture estim\u00e9e\" \/>\n\t<meta name=\"twitter:data1\" content=\"1 minute\" \/>\n<script type=\"application\/ld+json\" class=\"yoast-schema-graph\">{\"@context\":\"https:\/\/schema.org\",\"@graph\":[{\"@type\":\"WebPage\",\"@id\":\"https:\/\/maryandthewax.com\/?product=boucles-oreilles-dani-bordeaux-and-beige-baleine\",\"url\":\"https:\/\/maryandthewax.com\/?product=boucles-oreilles-dani-bordeaux-and-beige-baleine\",\"name\":\"BOUCLES OREILLES DANI BORDEAUX AND BEIGE BALEINE - maryandthewax.com\",\"isPartOf\":{\"@id\":\"https:\/\/maryandthewax.com\/#website\"},\"primaryImageOfPage\":{\"@id\":\"https:\/\/maryandthewax.com\/?product=boucles-oreilles-dani-bordeaux-and-beige-baleine#primaryimage\"},\"image\":{\"@id\":\"https:\/\/maryandthewax.com\/?product=boucles-oreilles-dani-bordeaux-and-beige-baleine#primaryimage\"},\"thumbnailUrl\":\"https:\/\/maryandthewax.com\/wp-content\/uploads\/2023\/10\/J1-045-BOUCLES-OREILLES-DANI-BORDEAUX-AND-BEIGE-BALEINE-1-min-1-scaled.jpg\",\"datePublished\":\"2023-10-25T17:25:11+00:00\",\"dateModified\":\"2024-01-05T09:01:07+00:00\",\"breadcrumb\":{\"@id\":\"https:\/\/maryandthewax.com\/?product=boucles-oreilles-dani-bordeaux-and-beige-baleine#breadcrumb\"},\"inLanguage\":\"fr-FR\",\"potentialAction\":[{\"@type\":\"ReadAction\",\"target\":[\"https:\/\/maryandthewax.com\/?product=boucles-oreilles-dani-bordeaux-and-beige-baleine\"]}]},{\"@type\":\"ImageObject\",\"inLanguage\":\"fr-FR\",\"@id\":\"https:\/\/maryandthewax.com\/?product=boucles-oreilles-dani-bordeaux-and-beige-baleine#primaryimage\",\"url\":\"https:\/\/maryandthewax.com\/wp-content\/uploads\/2023\/10\/J1-045-BOUCLES-OREILLES-DANI-BORDEAUX-AND-BEIGE-BALEINE-1-min-1-scaled.jpg\",\"contentUrl\":\"https:\/\/maryandthewax.com\/wp-content\/uploads\/2023\/10\/J1-045-BOUCLES-OREILLES-DANI-BORDEAUX-AND-BEIGE-BALEINE-1-min-1-scaled.jpg\",\"width\":2560,\"height\":1920},{\"@type\":\"BreadcrumbList\",\"@id\":\"https:\/\/maryandthewax.com\/?product=boucles-oreilles-dani-bordeaux-and-beige-baleine#breadcrumb\",\"itemListElement\":[{\"@type\":\"ListItem\",\"position\":1,\"name\":\"Accueil\",\"item\":\"https:\/\/maryandthewax.com\/\"},{\"@type\":\"ListItem\",\"position\":2,\"name\":\"Shop\",\"item\":\"https:\/\/maryandthewax.com\/?page_id=252790\"},{\"@type\":\"ListItem\",\"position\":3,\"name\":\"BOUCLES OREILLES DANI BORDEAUX AND BEIGE BALEINE\"}]},{\"@type\":\"WebSite\",\"@id\":\"https:\/\/maryandthewax.com\/#website\",\"url\":\"https:\/\/maryandthewax.com\/\",\"name\":\"maryandthewax.com\",\"description\":\"\",\"publisher\":{\"@id\":\"https:\/\/maryandthewax.com\/#organization\"},\"potentialAction\":[{\"@type\":\"SearchAction\",\"target\":{\"@type\":\"EntryPoint\",\"urlTemplate\":\"https:\/\/maryandthewax.com\/?s={search_term_string}\"},\"query-input\":{\"@type\":\"PropertyValueSpecification\",\"valueRequired\":true,\"valueName\":\"search_term_string\"}}],\"inLanguage\":\"fr-FR\"},{\"@type\":\"Organization\",\"@id\":\"https:\/\/maryandthewax.com\/#organization\",\"name\":\"maryandthewax.com\",\"url\":\"https:\/\/maryandthewax.com\/\",\"logo\":{\"@type\":\"ImageObject\",\"inLanguage\":\"fr-FR\",\"@id\":\"https:\/\/maryandthewax.com\/#\/schema\/logo\/image\/\",\"url\":\"https:\/\/maryandthewax.com\/wp-content\/uploads\/2023\/11\/LOGO-MATW-THE-WC-ROND-COULEUR-1080x1080-1.jpg\",\"contentUrl\":\"https:\/\/maryandthewax.com\/wp-content\/uploads\/2023\/11\/LOGO-MATW-THE-WC-ROND-COULEUR-1080x1080-1.jpg\",\"width\":1080,\"height\":1080,\"caption\":\"maryandthewax.com\"},\"image\":{\"@id\":\"https:\/\/maryandthewax.com\/#\/schema\/logo\/image\/\"},\"sameAs\":[\"https:\/\/www.instagram.com\/maryandthewax\/\"]}]}<\/script>\n<!-- \/ Yoast SEO plugin. -->","yoast_head_json":{"title":"BOUCLES OREILLES DANI BORDEAUX AND BEIGE BALEINE - maryandthewax.com","robots":{"index":"index","follow":"follow","max-snippet":"max-snippet:-1","max-image-preview":"max-image-preview:large","max-video-preview":"max-video-preview:-1"},"canonical":"https:\/\/maryandthewax.com\/?product=boucles-oreilles-dani-bordeaux-and-beige-baleine","og_locale":"fr_FR","og_type":"article","og_title":"BOUCLES OREILLES DANI BORDEAUX AND BEIGE BALEINE - maryandthewax.com","og_description":"Vos boucles d\u2019oreilles sap\u00e9es en Wax\u00a0: on aime l\u2019id\u00e9e et on aimera les porter. Cet accessoire inattendu rel\u00e8vera votre tenue sans effort\u00a0! Ses couleurs vives en feront un atout ind\u00e9niable pour vous sublimer en toutes circonstances. Par leur taille, elles ne passeront pas inaper\u00e7ue et marqueront votre occasion. Encore une id\u00e9e cadeau originale pour faire plaisir ou se faire plaisir.\u00a0 \u00a0 Munies de clous, elles n\u00e9cessitent d\u2019avoir les oreilles perc\u00e9es. R\u00e9alis\u00e9s dans l\u2019atelier de Mary, les boucles d\u2019oreilles LILY XL sont fabriqu\u00e9es en tr\u00e8s petite quantit\u00e9. La position du motif varie selon le mod\u00e8le ; cela en fait un mod\u00e8le unique.","og_url":"https:\/\/maryandthewax.com\/?product=boucles-oreilles-dani-bordeaux-and-beige-baleine","og_site_name":"maryandthewax.com","article_modified_time":"2024-01-05T09:01:07+00:00","og_image":[{"width":2560,"height":1920,"url":"http:\/\/maryandthewax.com\/wp-content\/uploads\/2023\/10\/J1-045-BOUCLES-OREILLES-DANI-BORDEAUX-AND-BEIGE-BALEINE-1-min-1-scaled.jpg","type":"image\/jpeg"}],"twitter_card":"summary_large_image","twitter_misc":{"Dur\u00e9e de lecture estim\u00e9e":"1 minute"},"schema":{"@context":"https:\/\/schema.org","@graph":[{"@type":"WebPage","@id":"https:\/\/maryandthewax.com\/?product=boucles-oreilles-dani-bordeaux-and-beige-baleine","url":"https:\/\/maryandthewax.com\/?product=boucles-oreilles-dani-bordeaux-and-beige-baleine","name":"BOUCLES OREILLES DANI BORDEAUX AND BEIGE BALEINE - maryandthewax.com","isPartOf":{"@id":"https:\/\/maryandthewax.com\/#website"},"primaryImageOfPage":{"@id":"https:\/\/maryandthewax.com\/?product=boucles-oreilles-dani-bordeaux-and-beige-baleine#primaryimage"},"image":{"@id":"https:\/\/maryandthewax.com\/?product=boucles-oreilles-dani-bordeaux-and-beige-baleine#primaryimage"},"thumbnailUrl":"https:\/\/maryandthewax.com\/wp-content\/uploads\/2023\/10\/J1-045-BOUCLES-OREILLES-DANI-BORDEAUX-AND-BEIGE-BALEINE-1-min-1-scaled.jpg","datePublished":"2023-10-25T17:25:11+00:00","dateModified":"2024-01-05T09:01:07+00:00","breadcrumb":{"@id":"https:\/\/maryandthewax.com\/?product=boucles-oreilles-dani-bordeaux-and-beige-baleine#breadcrumb"},"inLanguage":"fr-FR","potentialAction":[{"@type":"ReadAction","target":["https:\/\/maryandthewax.com\/?product=boucles-oreilles-dani-bordeaux-and-beige-baleine"]}]},{"@type":"ImageObject","inLanguage":"fr-FR","@id":"https:\/\/maryandthewax.com\/?product=boucles-oreilles-dani-bordeaux-and-beige-baleine#primaryimage","url":"https:\/\/maryandthewax.com\/wp-content\/uploads\/2023\/10\/J1-045-BOUCLES-OREILLES-DANI-BORDEAUX-AND-BEIGE-BALEINE-1-min-1-scaled.jpg","contentUrl":"https:\/\/maryandthewax.com\/wp-content\/uploads\/2023\/10\/J1-045-BOUCLES-OREILLES-DANI-BORDEAUX-AND-BEIGE-BALEINE-1-min-1-scaled.jpg","width":2560,"height":1920},{"@type":"BreadcrumbList","@id":"https:\/\/maryandthewax.com\/?product=boucles-oreilles-dani-bordeaux-and-beige-baleine#breadcrumb","itemListElement":[{"@type":"ListItem","position":1,"name":"Accueil","item":"https:\/\/maryandthewax.com\/"},{"@type":"ListItem","position":2,"name":"Shop","item":"https:\/\/maryandthewax.com\/?page_id=252790"},{"@type":"ListItem","position":3,"name":"BOUCLES OREILLES DANI BORDEAUX AND BEIGE BALEINE"}]},{"@type":"WebSite","@id":"https:\/\/maryandthewax.com\/#website","url":"https:\/\/maryandthewax.com\/","name":"maryandthewax.com","description":"","publisher":{"@id":"https:\/\/maryandthewax.com\/#organization"},"potentialAction":[{"@type":"SearchAction","target":{"@type":"EntryPoint","urlTemplate":"https:\/\/maryandthewax.com\/?s={search_term_string}"},"query-input":{"@type":"PropertyValueSpecification","valueRequired":true,"valueName":"search_term_string"}}],"inLanguage":"fr-FR"},{"@type":"Organization","@id":"https:\/\/maryandthewax.com\/#organization","name":"maryandthewax.com","url":"https:\/\/maryandthewax.com\/","logo":{"@type":"ImageObject","inLanguage":"fr-FR","@id":"https:\/\/maryandthewax.com\/#\/schema\/logo\/image\/","url":"https:\/\/maryandthewax.com\/wp-content\/uploads\/2023\/11\/LOGO-MATW-THE-WC-ROND-COULEUR-1080x1080-1.jpg","contentUrl":"https:\/\/maryandthewax.com\/wp-content\/uploads\/2023\/11\/LOGO-MATW-THE-WC-ROND-COULEUR-1080x1080-1.jpg","width":1080,"height":1080,"caption":"maryandthewax.com"},"image":{"@id":"https:\/\/maryandthewax.com\/#\/schema\/logo\/image\/"},"sameAs":["https:\/\/www.instagram.com\/maryandthewax\/"]}]}},"_links":{"self":[{"href":"https:\/\/maryandthewax.com\/index.php?rest_route=\/wp\/v2\/product\/258346","targetHints":{"allow":["GET"]}}],"collection":[{"href":"https:\/\/maryandthewax.com\/index.php?rest_route=\/wp\/v2\/product"}],"about":[{"href":"https:\/\/maryandthewax.com\/index.php?rest_route=\/wp\/v2\/types\/product"}],"replies":[{"embeddable":true,"href":"https:\/\/maryandthewax.com\/index.php?rest_route=%2Fwp%2Fv2%2Fcomments&post=258346"}],"wp:featuredmedia":[{"embeddable":true,"href":"https:\/\/maryandthewax.com\/index.php?rest_route=\/wp\/v2\/media\/258339"}],"wp:attachment":[{"href":"https:\/\/maryandthewax.com\/index.php?rest_route=%2Fwp%2Fv2%2Fmedia&parent=258346"}],"wp:term":[{"taxonomy":"product_cat","embeddable":true,"href":"https:\/\/maryandthewax.com\/index.php?rest_route=%2Fwp%2Fv2%2Fproduct_cat&post=258346"},{"taxonomy":"product_tag","embeddable":true,"href":"https:\/\/maryandthewax.com\/index.php?rest_route=%2Fwp%2Fv2%2Fproduct_tag&post=258346"}],"curies":[{"name":"wp","href":"https:\/\/api.w.org\/{rel}","templated":true}]}}