{"id":258329,"date":"2023-10-25T12:49:51","date_gmt":"2023-10-25T16:49:51","guid":{"rendered":"https:\/\/maryandthewax.com\/?post_type=product&#038;p=258329"},"modified":"2024-01-05T04:55:09","modified_gmt":"2024-01-05T08:55:09","slug":"bracelet-vaya-light-blue-discus","status":"publish","type":"product","link":"https:\/\/maryandthewax.com\/?product=bracelet-vaya-light-blue-discus","title":{"rendered":"BRACELET VAYA LIGHT BLUE DISCUS"},"content":{"rendered":"<p class=\"p1\">Ce joli accessoire sublimera vos poignets\u00a0! Craquez pour ce bracelet en bois sap\u00e9 en wax. Ses couleurs vives en feront un atout ind\u00e9niable pour sublimer vos tenues.<span class=\"Apple-converted-space\">\u00a0<\/span><\/p>\n<p class=\"p1\">Encore une id\u00e9e cadeau originale qui ne passera pas inaper\u00e7ue.<span class=\"Apple-converted-space\">\u00a0<\/span><span class=\"Apple-converted-space\">\u00a0<\/span><\/p>\n<p class=\"p1\">R\u00e9alis\u00e9s dans l\u2019atelier de Mary, les bracelets sont fabriqu\u00e9s en tr\u00e8s petite quantit\u00e9. La position du motif peut varier selon le mod\u00e8le.<\/p>\n<p class=\"p1\">A noter qu\u2019il convient uniquement pour les petits poignets (voir diam\u00e8tre en description).<\/p>\n","protected":false},"excerpt":{"rendered":"<p class=\"p1\">Ce joli accessoire sublimera vos poignets\u00a0! Craquez pour ce bracelet en bois sap\u00e9 en wax. Ses couleurs vives en feront un atout ind\u00e9niable pour sublimer vos tenues.<\/p>\n<p class=\"p1\">Encore une id\u00e9e cadeau originale qui ne passera pas inaper\u00e7ue.<\/p>\n<p class=\"p1\">R\u00e9alis\u00e9s dans l\u2019atelier de Mary, les bracelets sont fabriqu\u00e9s en tr\u00e8s petite quantit\u00e9. La position du motif peut varier selon le mod\u00e8le.<\/p>\n<p class=\"p1\">A noter qu\u2019il convient uniquement pour les petits poignets (voir diam\u00e8tre en description).<\/p>\n","protected":false},"featured_media":258320,"comment_status":"open","ping_status":"closed","template":"","meta":{"_acf_changed":false,"_et_pb_use_builder":"off","_et_pb_old_content":"<p class=\"p1\">Ce porte cl\u00e9 vous accompagnera partout. Ses couleurs vives en feront un atout ind\u00e9niable pour rep\u00e9rer vos pr\u00e9cieuses cl\u00e9s que vous ne trouvez jamais. Il pourra \u00e9galement agr\u00e9menter vos sacs tel un bijou mais aussi les sacs et cartables des plus petits. Offert, il vous permettra de faire passer les messages les plus inattendus. Un petit canard pour les canailles ou un c\u0153ur pour d\u00e9clarer vos sentiments, il peut faire tout cela \u00e0 la fois.<\/p>\r\n<p class=\"p1\">Son rembourrage made in France est dense. Il suffit de lui enlever son anneau ou mousqueton pour le laver. Il vous accompagnera dans votre quotidien ou dans vos occasions sp\u00e9ciales et vous permettra de rep\u00e9rer vos sacs et accessoires en un coup d\u2019\u0153il. Finitions soign\u00e9es et couleurs originales sont \u00e9galement ses atouts majeurs.<\/p>\r\n<p class=\"p1\">Fait main dans l\u2019atelier de Mary, ce porte cl\u00e9 est fabriqu\u00e9 en tr\u00e8s petite quantit\u00e9 voire en mod\u00e8le unique. La position du motif peut varier selon le mod\u00e8le.<\/p>","_et_gb_content_width":""},"product_cat":[29,66],"product_tag":[272],"class_list":{"0":"post-258329","1":"product","2":"type-product","3":"status-publish","4":"has-post-thumbnail","6":"product_cat-bijoux","7":"product_cat-bracelets","8":"product_tag-fabric-light-blue-discus","10":"first","11":"instock","12":"purchasable","13":"product-type-simple"},"acf":[],"yoast_head":"<!-- This site is optimized with the Yoast SEO plugin v27.1.1 - https:\/\/yoast.com\/product\/yoast-seo-wordpress\/ -->\n<title>BRACELET VAYA LIGHT BLUE DISCUS - maryandthewax.com<\/title>\n<meta name=\"robots\" content=\"index, follow, max-snippet:-1, max-image-preview:large, max-video-preview:-1\" \/>\n<link rel=\"canonical\" href=\"https:\/\/maryandthewax.com\/?product=bracelet-vaya-light-blue-discus\" \/>\n<meta property=\"og:locale\" content=\"fr_FR\" \/>\n<meta property=\"og:type\" content=\"article\" \/>\n<meta property=\"og:title\" content=\"BRACELET VAYA LIGHT BLUE DISCUS - maryandthewax.com\" \/>\n<meta property=\"og:description\" content=\"Ce joli accessoire sublimera vos poignets\u00a0! Craquez pour ce bracelet en bois sap\u00e9 en wax. Ses couleurs vives en feront un atout ind\u00e9niable pour sublimer vos tenues. Encore une id\u00e9e cadeau originale qui ne passera pas inaper\u00e7ue. R\u00e9alis\u00e9s dans l\u2019atelier de Mary, les bracelets sont fabriqu\u00e9s en tr\u00e8s petite quantit\u00e9. La position du motif peut varier selon le mod\u00e8le. A noter qu\u2019il convient uniquement pour les petits poignets (voir diam\u00e8tre en description).\" \/>\n<meta property=\"og:url\" content=\"https:\/\/maryandthewax.com\/?product=bracelet-vaya-light-blue-discus\" \/>\n<meta property=\"og:site_name\" content=\"maryandthewax.com\" \/>\n<meta property=\"article:modified_time\" content=\"2024-01-05T08:55:09+00:00\" \/>\n<meta property=\"og:image\" content=\"http:\/\/maryandthewax.com\/wp-content\/uploads\/2023\/09\/J2-003-BRACELET-VAYA-LIGHT-BLUE-DISCUS-2-PHOTO-1-min-1-scaled.jpg\" \/>\n\t<meta property=\"og:image:width\" content=\"2560\" \/>\n\t<meta property=\"og:image:height\" content=\"1920\" \/>\n\t<meta property=\"og:image:type\" content=\"image\/jpeg\" \/>\n<meta name=\"twitter:card\" content=\"summary_large_image\" \/>\n<script type=\"application\/ld+json\" class=\"yoast-schema-graph\">{\"@context\":\"https:\/\/schema.org\",\"@graph\":[{\"@type\":\"WebPage\",\"@id\":\"https:\/\/maryandthewax.com\/?product=bracelet-vaya-light-blue-discus\",\"url\":\"https:\/\/maryandthewax.com\/?product=bracelet-vaya-light-blue-discus\",\"name\":\"BRACELET VAYA LIGHT BLUE DISCUS - maryandthewax.com\",\"isPartOf\":{\"@id\":\"https:\/\/maryandthewax.com\/#website\"},\"primaryImageOfPage\":{\"@id\":\"https:\/\/maryandthewax.com\/?product=bracelet-vaya-light-blue-discus#primaryimage\"},\"image\":{\"@id\":\"https:\/\/maryandthewax.com\/?product=bracelet-vaya-light-blue-discus#primaryimage\"},\"thumbnailUrl\":\"https:\/\/maryandthewax.com\/wp-content\/uploads\/2023\/09\/J2-003-BRACELET-VAYA-LIGHT-BLUE-DISCUS-2-PHOTO-1-min-1-scaled.jpg\",\"datePublished\":\"2023-10-25T16:49:51+00:00\",\"dateModified\":\"2024-01-05T08:55:09+00:00\",\"breadcrumb\":{\"@id\":\"https:\/\/maryandthewax.com\/?product=bracelet-vaya-light-blue-discus#breadcrumb\"},\"inLanguage\":\"fr-FR\",\"potentialAction\":[{\"@type\":\"ReadAction\",\"target\":[\"https:\/\/maryandthewax.com\/?product=bracelet-vaya-light-blue-discus\"]}]},{\"@type\":\"ImageObject\",\"inLanguage\":\"fr-FR\",\"@id\":\"https:\/\/maryandthewax.com\/?product=bracelet-vaya-light-blue-discus#primaryimage\",\"url\":\"https:\/\/maryandthewax.com\/wp-content\/uploads\/2023\/09\/J2-003-BRACELET-VAYA-LIGHT-BLUE-DISCUS-2-PHOTO-1-min-1-scaled.jpg\",\"contentUrl\":\"https:\/\/maryandthewax.com\/wp-content\/uploads\/2023\/09\/J2-003-BRACELET-VAYA-LIGHT-BLUE-DISCUS-2-PHOTO-1-min-1-scaled.jpg\",\"width\":2560,\"height\":1920},{\"@type\":\"BreadcrumbList\",\"@id\":\"https:\/\/maryandthewax.com\/?product=bracelet-vaya-light-blue-discus#breadcrumb\",\"itemListElement\":[{\"@type\":\"ListItem\",\"position\":1,\"name\":\"Accueil\",\"item\":\"https:\/\/maryandthewax.com\/\"},{\"@type\":\"ListItem\",\"position\":2,\"name\":\"Shop\",\"item\":\"https:\/\/maryandthewax.com\/?page_id=252790\"},{\"@type\":\"ListItem\",\"position\":3,\"name\":\"BRACELET VAYA LIGHT BLUE DISCUS\"}]},{\"@type\":\"WebSite\",\"@id\":\"https:\/\/maryandthewax.com\/#website\",\"url\":\"https:\/\/maryandthewax.com\/\",\"name\":\"maryandthewax.com\",\"description\":\"\",\"publisher\":{\"@id\":\"https:\/\/maryandthewax.com\/#organization\"},\"potentialAction\":[{\"@type\":\"SearchAction\",\"target\":{\"@type\":\"EntryPoint\",\"urlTemplate\":\"https:\/\/maryandthewax.com\/?s={search_term_string}\"},\"query-input\":{\"@type\":\"PropertyValueSpecification\",\"valueRequired\":true,\"valueName\":\"search_term_string\"}}],\"inLanguage\":\"fr-FR\"},{\"@type\":\"Organization\",\"@id\":\"https:\/\/maryandthewax.com\/#organization\",\"name\":\"maryandthewax.com\",\"url\":\"https:\/\/maryandthewax.com\/\",\"logo\":{\"@type\":\"ImageObject\",\"inLanguage\":\"fr-FR\",\"@id\":\"https:\/\/maryandthewax.com\/#\/schema\/logo\/image\/\",\"url\":\"https:\/\/maryandthewax.com\/wp-content\/uploads\/2023\/11\/LOGO-MATW-THE-WC-ROND-COULEUR-1080x1080-1.jpg\",\"contentUrl\":\"https:\/\/maryandthewax.com\/wp-content\/uploads\/2023\/11\/LOGO-MATW-THE-WC-ROND-COULEUR-1080x1080-1.jpg\",\"width\":1080,\"height\":1080,\"caption\":\"maryandthewax.com\"},\"image\":{\"@id\":\"https:\/\/maryandthewax.com\/#\/schema\/logo\/image\/\"},\"sameAs\":[\"https:\/\/www.instagram.com\/maryandthewax\/\"]}]}<\/script>\n<!-- \/ Yoast SEO plugin. -->","yoast_head_json":{"title":"BRACELET VAYA LIGHT BLUE DISCUS - maryandthewax.com","robots":{"index":"index","follow":"follow","max-snippet":"max-snippet:-1","max-image-preview":"max-image-preview:large","max-video-preview":"max-video-preview:-1"},"canonical":"https:\/\/maryandthewax.com\/?product=bracelet-vaya-light-blue-discus","og_locale":"fr_FR","og_type":"article","og_title":"BRACELET VAYA LIGHT BLUE DISCUS - maryandthewax.com","og_description":"Ce joli accessoire sublimera vos poignets\u00a0! Craquez pour ce bracelet en bois sap\u00e9 en wax. Ses couleurs vives en feront un atout ind\u00e9niable pour sublimer vos tenues. Encore une id\u00e9e cadeau originale qui ne passera pas inaper\u00e7ue. R\u00e9alis\u00e9s dans l\u2019atelier de Mary, les bracelets sont fabriqu\u00e9s en tr\u00e8s petite quantit\u00e9. La position du motif peut varier selon le mod\u00e8le. A noter qu\u2019il convient uniquement pour les petits poignets (voir diam\u00e8tre en description).","og_url":"https:\/\/maryandthewax.com\/?product=bracelet-vaya-light-blue-discus","og_site_name":"maryandthewax.com","article_modified_time":"2024-01-05T08:55:09+00:00","og_image":[{"width":2560,"height":1920,"url":"http:\/\/maryandthewax.com\/wp-content\/uploads\/2023\/09\/J2-003-BRACELET-VAYA-LIGHT-BLUE-DISCUS-2-PHOTO-1-min-1-scaled.jpg","type":"image\/jpeg"}],"twitter_card":"summary_large_image","schema":{"@context":"https:\/\/schema.org","@graph":[{"@type":"WebPage","@id":"https:\/\/maryandthewax.com\/?product=bracelet-vaya-light-blue-discus","url":"https:\/\/maryandthewax.com\/?product=bracelet-vaya-light-blue-discus","name":"BRACELET VAYA LIGHT BLUE DISCUS - maryandthewax.com","isPartOf":{"@id":"https:\/\/maryandthewax.com\/#website"},"primaryImageOfPage":{"@id":"https:\/\/maryandthewax.com\/?product=bracelet-vaya-light-blue-discus#primaryimage"},"image":{"@id":"https:\/\/maryandthewax.com\/?product=bracelet-vaya-light-blue-discus#primaryimage"},"thumbnailUrl":"https:\/\/maryandthewax.com\/wp-content\/uploads\/2023\/09\/J2-003-BRACELET-VAYA-LIGHT-BLUE-DISCUS-2-PHOTO-1-min-1-scaled.jpg","datePublished":"2023-10-25T16:49:51+00:00","dateModified":"2024-01-05T08:55:09+00:00","breadcrumb":{"@id":"https:\/\/maryandthewax.com\/?product=bracelet-vaya-light-blue-discus#breadcrumb"},"inLanguage":"fr-FR","potentialAction":[{"@type":"ReadAction","target":["https:\/\/maryandthewax.com\/?product=bracelet-vaya-light-blue-discus"]}]},{"@type":"ImageObject","inLanguage":"fr-FR","@id":"https:\/\/maryandthewax.com\/?product=bracelet-vaya-light-blue-discus#primaryimage","url":"https:\/\/maryandthewax.com\/wp-content\/uploads\/2023\/09\/J2-003-BRACELET-VAYA-LIGHT-BLUE-DISCUS-2-PHOTO-1-min-1-scaled.jpg","contentUrl":"https:\/\/maryandthewax.com\/wp-content\/uploads\/2023\/09\/J2-003-BRACELET-VAYA-LIGHT-BLUE-DISCUS-2-PHOTO-1-min-1-scaled.jpg","width":2560,"height":1920},{"@type":"BreadcrumbList","@id":"https:\/\/maryandthewax.com\/?product=bracelet-vaya-light-blue-discus#breadcrumb","itemListElement":[{"@type":"ListItem","position":1,"name":"Accueil","item":"https:\/\/maryandthewax.com\/"},{"@type":"ListItem","position":2,"name":"Shop","item":"https:\/\/maryandthewax.com\/?page_id=252790"},{"@type":"ListItem","position":3,"name":"BRACELET VAYA LIGHT BLUE DISCUS"}]},{"@type":"WebSite","@id":"https:\/\/maryandthewax.com\/#website","url":"https:\/\/maryandthewax.com\/","name":"maryandthewax.com","description":"","publisher":{"@id":"https:\/\/maryandthewax.com\/#organization"},"potentialAction":[{"@type":"SearchAction","target":{"@type":"EntryPoint","urlTemplate":"https:\/\/maryandthewax.com\/?s={search_term_string}"},"query-input":{"@type":"PropertyValueSpecification","valueRequired":true,"valueName":"search_term_string"}}],"inLanguage":"fr-FR"},{"@type":"Organization","@id":"https:\/\/maryandthewax.com\/#organization","name":"maryandthewax.com","url":"https:\/\/maryandthewax.com\/","logo":{"@type":"ImageObject","inLanguage":"fr-FR","@id":"https:\/\/maryandthewax.com\/#\/schema\/logo\/image\/","url":"https:\/\/maryandthewax.com\/wp-content\/uploads\/2023\/11\/LOGO-MATW-THE-WC-ROND-COULEUR-1080x1080-1.jpg","contentUrl":"https:\/\/maryandthewax.com\/wp-content\/uploads\/2023\/11\/LOGO-MATW-THE-WC-ROND-COULEUR-1080x1080-1.jpg","width":1080,"height":1080,"caption":"maryandthewax.com"},"image":{"@id":"https:\/\/maryandthewax.com\/#\/schema\/logo\/image\/"},"sameAs":["https:\/\/www.instagram.com\/maryandthewax\/"]}]}},"_links":{"self":[{"href":"https:\/\/maryandthewax.com\/index.php?rest_route=\/wp\/v2\/product\/258329","targetHints":{"allow":["GET"]}}],"collection":[{"href":"https:\/\/maryandthewax.com\/index.php?rest_route=\/wp\/v2\/product"}],"about":[{"href":"https:\/\/maryandthewax.com\/index.php?rest_route=\/wp\/v2\/types\/product"}],"replies":[{"embeddable":true,"href":"https:\/\/maryandthewax.com\/index.php?rest_route=%2Fwp%2Fv2%2Fcomments&post=258329"}],"wp:featuredmedia":[{"embeddable":true,"href":"https:\/\/maryandthewax.com\/index.php?rest_route=\/wp\/v2\/media\/258320"}],"wp:attachment":[{"href":"https:\/\/maryandthewax.com\/index.php?rest_route=%2Fwp%2Fv2%2Fmedia&parent=258329"}],"wp:term":[{"taxonomy":"product_cat","embeddable":true,"href":"https:\/\/maryandthewax.com\/index.php?rest_route=%2Fwp%2Fv2%2Fproduct_cat&post=258329"},{"taxonomy":"product_tag","embeddable":true,"href":"https:\/\/maryandthewax.com\/index.php?rest_route=%2Fwp%2Fv2%2Fproduct_tag&post=258329"}],"curies":[{"name":"wp","href":"https:\/\/api.w.org\/{rel}","templated":true}]}}