{"id":258310,"date":"2023-10-25T12:20:36","date_gmt":"2023-10-25T16:20:36","guid":{"rendered":"https:\/\/maryandthewax.com\/?post_type=product&#038;p=258310"},"modified":"2024-12-14T13:33:57","modified_gmt":"2024-12-14T17:33:57","slug":"marque-page-sape-yellow-and-red-ecailles","status":"publish","type":"product","link":"https:\/\/maryandthewax.com\/?product=marque-page-sape-yellow-and-red-ecailles","title":{"rendered":"MARQUE PAGE SAPE YELLOW AND RED ECAILLES"},"content":{"rendered":"<p class=\"p1\">Les inconditionnels de la lecture appr\u00e9cieront l\u2019utilit\u00e9 du marque-page. Le<span class=\"Apple-converted-space\">\u00a0 <\/span>marque-pages propos\u00e9 par Mary vous permettra de distinguer efficacement la page d\u2019un livre ou d\u2019un cahier que vous souhaitez identifier afin de mieux la retrouver.<span class=\"Apple-converted-space\">\u00a0<\/span><\/p>\n<p class=\"p1\">Equip\u00e9 d\u2019un \u00e9lastique, il ne risquera pas de glisser.<\/p>\n<p class=\"p1\">Vous pourrez choisir le marque-pages qui vous ressemble ou qui vous surprendra au gr\u00e9 de vos lectures. Vous retrouverez en un clin d\u2019\u0153il votre fil de lecture\u00a0!<span class=\"Apple-converted-space\">\u00a0<\/span><\/p>\n<p class=\"p1\">Encore une id\u00e9e cadeau pratique qui saura attirer toutes les attentions.<span class=\"Apple-converted-space\">\u00a0 <\/span>Fait main dans l\u2019atelier de Mary, ce marque-page sap\u00e9 est fabriqu\u00e9 en tr\u00e8s petite quantit\u00e9. La position du motif peut varier selon le mod\u00e8le.<\/p>\n","protected":false},"excerpt":{"rendered":"<p class=\"p1\">Les inconditionnels de la lecture appr\u00e9cieront l\u2019utilit\u00e9 du marque-page. Le<span class=\"Apple-converted-space\">\u00a0 <\/span>marque-pages propos\u00e9 par Mary vous permettra de distinguer efficacement la page d\u2019un livre ou d\u2019un cahier que vous souhaitez identifier afin de mieux la retrouver.<span class=\"Apple-converted-space\">\u00a0<\/span><\/p>\n<p class=\"p1\">Equip\u00e9 d\u2019un \u00e9lastique, il ne risquera pas de glisser.<\/p>\n<p class=\"p1\">Vous pourrez choisir le marque-pages qui vous ressemble ou qui vous surprendra au gr\u00e9 de vos lectures. Vous retrouverez en un clin d\u2019\u0153il votre fil de lecture\u00a0!<span class=\"Apple-converted-space\">\u00a0<\/span><\/p>\n<p class=\"p1\">Encore une id\u00e9e cadeau pratique qui saura attirer toutes les attentions.<span class=\"Apple-converted-space\">\u00a0 <\/span>Fait main dans l\u2019atelier de Mary, ce marque-page sap\u00e9 est fabriqu\u00e9 en tr\u00e8s petite quantit\u00e9. La position du motif peut varier selon le mod\u00e8le.<\/p>\n","protected":false},"featured_media":258300,"comment_status":"open","ping_status":"closed","template":"","meta":{"_acf_changed":false,"_et_pb_use_builder":"off","_et_pb_old_content":"<p class=\"p1\">Ce porte cl\u00e9 vous accompagnera partout. Ses couleurs vives en feront un atout ind\u00e9niable pour rep\u00e9rer vos pr\u00e9cieuses cl\u00e9s que vous ne trouvez jamais. Il pourra \u00e9galement agr\u00e9menter vos sacs tel un bijou mais aussi les sacs et cartables des plus petits. Offert, il vous permettra de faire passer les messages les plus inattendus. Un petit canard pour les canailles ou un c\u0153ur pour d\u00e9clarer vos sentiments, il peut faire tout cela \u00e0 la fois.<\/p>\r\n<p class=\"p1\">Son rembourrage made in France est dense. Il suffit de lui enlever son anneau ou mousqueton pour le laver. Il vous accompagnera dans votre quotidien ou dans vos occasions sp\u00e9ciales et vous permettra de rep\u00e9rer vos sacs et accessoires en un coup d\u2019\u0153il. Finitions soign\u00e9es et couleurs originales sont \u00e9galement ses atouts majeurs.<\/p>\r\n<p class=\"p1\">Fait main dans l\u2019atelier de Mary, ce porte cl\u00e9 est fabriqu\u00e9 en tr\u00e8s petite quantit\u00e9 voire en mod\u00e8le unique. La position du motif peut varier selon le mod\u00e8le.<\/p>","_et_gb_content_width":""},"product_cat":[70,30],"product_tag":[206],"class_list":{"0":"post-258310","1":"product","2":"type-product","3":"status-publish","4":"has-post-thumbnail","6":"product_cat-marque-pages","7":"product_cat-papeterie","8":"product_tag-fabric-green-and-brown-royalty","10":"first","11":"instock","12":"purchasable","13":"product-type-simple"},"acf":[],"yoast_head":"<!-- This site is optimized with the Yoast SEO plugin v27.1.1 - https:\/\/yoast.com\/product\/yoast-seo-wordpress\/ -->\n<title>MARQUE PAGE SAPE YELLOW AND RED ECAILLES - maryandthewax.com<\/title>\n<meta name=\"robots\" content=\"index, follow, max-snippet:-1, max-image-preview:large, max-video-preview:-1\" \/>\n<link rel=\"canonical\" href=\"https:\/\/maryandthewax.com\/?product=marque-page-sape-yellow-and-red-ecailles\" \/>\n<meta property=\"og:locale\" content=\"fr_FR\" \/>\n<meta property=\"og:type\" content=\"article\" \/>\n<meta property=\"og:title\" content=\"MARQUE PAGE SAPE YELLOW AND RED ECAILLES - maryandthewax.com\" \/>\n<meta property=\"og:description\" content=\"Les inconditionnels de la lecture appr\u00e9cieront l\u2019utilit\u00e9 du marque-page. Le\u00a0 marque-pages propos\u00e9 par Mary vous permettra de distinguer efficacement la page d\u2019un livre ou d\u2019un cahier que vous souhaitez identifier afin de mieux la retrouver.\u00a0 Equip\u00e9 d\u2019un \u00e9lastique, il ne risquera pas de glisser. Vous pourrez choisir le marque-pages qui vous ressemble ou qui vous surprendra au gr\u00e9 de vos lectures. Vous retrouverez en un clin d\u2019\u0153il votre fil de lecture\u00a0!\u00a0 Encore une id\u00e9e cadeau pratique qui saura attirer toutes les attentions.\u00a0 Fait main dans l\u2019atelier de Mary, ce marque-page sap\u00e9 est fabriqu\u00e9 en tr\u00e8s petite quantit\u00e9. La position du motif peut varier selon le mod\u00e8le.\" \/>\n<meta property=\"og:url\" content=\"https:\/\/maryandthewax.com\/?product=marque-page-sape-yellow-and-red-ecailles\" \/>\n<meta property=\"og:site_name\" content=\"maryandthewax.com\" \/>\n<meta property=\"article:modified_time\" content=\"2024-12-14T17:33:57+00:00\" \/>\n<meta property=\"og:image\" content=\"http:\/\/maryandthewax.com\/wp-content\/uploads\/2023\/10\/P3-002-MARQUE-PAGE-SAPE-YELLOW-AND-RED-ECAILLES-2-PHOTO-1-min.jpg\" \/>\n\t<meta property=\"og:image:width\" content=\"1080\" \/>\n\t<meta property=\"og:image:height\" content=\"1078\" \/>\n\t<meta property=\"og:image:type\" content=\"image\/jpeg\" \/>\n<meta name=\"twitter:card\" content=\"summary_large_image\" \/>\n<meta name=\"twitter:label1\" content=\"Dur\u00e9e de lecture estim\u00e9e\" \/>\n\t<meta name=\"twitter:data1\" content=\"1 minute\" \/>\n<script type=\"application\/ld+json\" class=\"yoast-schema-graph\">{\"@context\":\"https:\/\/schema.org\",\"@graph\":[{\"@type\":\"WebPage\",\"@id\":\"https:\/\/maryandthewax.com\/?product=marque-page-sape-yellow-and-red-ecailles\",\"url\":\"https:\/\/maryandthewax.com\/?product=marque-page-sape-yellow-and-red-ecailles\",\"name\":\"MARQUE PAGE SAPE YELLOW AND RED ECAILLES - maryandthewax.com\",\"isPartOf\":{\"@id\":\"https:\/\/maryandthewax.com\/#website\"},\"primaryImageOfPage\":{\"@id\":\"https:\/\/maryandthewax.com\/?product=marque-page-sape-yellow-and-red-ecailles#primaryimage\"},\"image\":{\"@id\":\"https:\/\/maryandthewax.com\/?product=marque-page-sape-yellow-and-red-ecailles#primaryimage\"},\"thumbnailUrl\":\"https:\/\/maryandthewax.com\/wp-content\/uploads\/2023\/10\/P3-002-MARQUE-PAGE-SAPE-YELLOW-AND-RED-ECAILLES-2-PHOTO-1-min.jpg\",\"datePublished\":\"2023-10-25T16:20:36+00:00\",\"dateModified\":\"2024-12-14T17:33:57+00:00\",\"breadcrumb\":{\"@id\":\"https:\/\/maryandthewax.com\/?product=marque-page-sape-yellow-and-red-ecailles#breadcrumb\"},\"inLanguage\":\"fr-FR\",\"potentialAction\":[{\"@type\":\"ReadAction\",\"target\":[\"https:\/\/maryandthewax.com\/?product=marque-page-sape-yellow-and-red-ecailles\"]}]},{\"@type\":\"ImageObject\",\"inLanguage\":\"fr-FR\",\"@id\":\"https:\/\/maryandthewax.com\/?product=marque-page-sape-yellow-and-red-ecailles#primaryimage\",\"url\":\"https:\/\/maryandthewax.com\/wp-content\/uploads\/2023\/10\/P3-002-MARQUE-PAGE-SAPE-YELLOW-AND-RED-ECAILLES-2-PHOTO-1-min.jpg\",\"contentUrl\":\"https:\/\/maryandthewax.com\/wp-content\/uploads\/2023\/10\/P3-002-MARQUE-PAGE-SAPE-YELLOW-AND-RED-ECAILLES-2-PHOTO-1-min.jpg\",\"width\":1080,\"height\":1078},{\"@type\":\"BreadcrumbList\",\"@id\":\"https:\/\/maryandthewax.com\/?product=marque-page-sape-yellow-and-red-ecailles#breadcrumb\",\"itemListElement\":[{\"@type\":\"ListItem\",\"position\":1,\"name\":\"Accueil\",\"item\":\"https:\/\/maryandthewax.com\/\"},{\"@type\":\"ListItem\",\"position\":2,\"name\":\"Shop\",\"item\":\"https:\/\/maryandthewax.com\/?page_id=252790\"},{\"@type\":\"ListItem\",\"position\":3,\"name\":\"MARQUE PAGE SAPE YELLOW AND RED ECAILLES\"}]},{\"@type\":\"WebSite\",\"@id\":\"https:\/\/maryandthewax.com\/#website\",\"url\":\"https:\/\/maryandthewax.com\/\",\"name\":\"maryandthewax.com\",\"description\":\"\",\"publisher\":{\"@id\":\"https:\/\/maryandthewax.com\/#organization\"},\"potentialAction\":[{\"@type\":\"SearchAction\",\"target\":{\"@type\":\"EntryPoint\",\"urlTemplate\":\"https:\/\/maryandthewax.com\/?s={search_term_string}\"},\"query-input\":{\"@type\":\"PropertyValueSpecification\",\"valueRequired\":true,\"valueName\":\"search_term_string\"}}],\"inLanguage\":\"fr-FR\"},{\"@type\":\"Organization\",\"@id\":\"https:\/\/maryandthewax.com\/#organization\",\"name\":\"maryandthewax.com\",\"url\":\"https:\/\/maryandthewax.com\/\",\"logo\":{\"@type\":\"ImageObject\",\"inLanguage\":\"fr-FR\",\"@id\":\"https:\/\/maryandthewax.com\/#\/schema\/logo\/image\/\",\"url\":\"https:\/\/maryandthewax.com\/wp-content\/uploads\/2023\/11\/LOGO-MATW-THE-WC-ROND-COULEUR-1080x1080-1.jpg\",\"contentUrl\":\"https:\/\/maryandthewax.com\/wp-content\/uploads\/2023\/11\/LOGO-MATW-THE-WC-ROND-COULEUR-1080x1080-1.jpg\",\"width\":1080,\"height\":1080,\"caption\":\"maryandthewax.com\"},\"image\":{\"@id\":\"https:\/\/maryandthewax.com\/#\/schema\/logo\/image\/\"},\"sameAs\":[\"https:\/\/www.instagram.com\/maryandthewax\/\"]}]}<\/script>\n<!-- \/ Yoast SEO plugin. -->","yoast_head_json":{"title":"MARQUE PAGE SAPE YELLOW AND RED ECAILLES - maryandthewax.com","robots":{"index":"index","follow":"follow","max-snippet":"max-snippet:-1","max-image-preview":"max-image-preview:large","max-video-preview":"max-video-preview:-1"},"canonical":"https:\/\/maryandthewax.com\/?product=marque-page-sape-yellow-and-red-ecailles","og_locale":"fr_FR","og_type":"article","og_title":"MARQUE PAGE SAPE YELLOW AND RED ECAILLES - maryandthewax.com","og_description":"Les inconditionnels de la lecture appr\u00e9cieront l\u2019utilit\u00e9 du marque-page. Le\u00a0 marque-pages propos\u00e9 par Mary vous permettra de distinguer efficacement la page d\u2019un livre ou d\u2019un cahier que vous souhaitez identifier afin de mieux la retrouver.\u00a0 Equip\u00e9 d\u2019un \u00e9lastique, il ne risquera pas de glisser. Vous pourrez choisir le marque-pages qui vous ressemble ou qui vous surprendra au gr\u00e9 de vos lectures. Vous retrouverez en un clin d\u2019\u0153il votre fil de lecture\u00a0!\u00a0 Encore une id\u00e9e cadeau pratique qui saura attirer toutes les attentions.\u00a0 Fait main dans l\u2019atelier de Mary, ce marque-page sap\u00e9 est fabriqu\u00e9 en tr\u00e8s petite quantit\u00e9. La position du motif peut varier selon le mod\u00e8le.","og_url":"https:\/\/maryandthewax.com\/?product=marque-page-sape-yellow-and-red-ecailles","og_site_name":"maryandthewax.com","article_modified_time":"2024-12-14T17:33:57+00:00","og_image":[{"width":1080,"height":1078,"url":"http:\/\/maryandthewax.com\/wp-content\/uploads\/2023\/10\/P3-002-MARQUE-PAGE-SAPE-YELLOW-AND-RED-ECAILLES-2-PHOTO-1-min.jpg","type":"image\/jpeg"}],"twitter_card":"summary_large_image","twitter_misc":{"Dur\u00e9e de lecture estim\u00e9e":"1 minute"},"schema":{"@context":"https:\/\/schema.org","@graph":[{"@type":"WebPage","@id":"https:\/\/maryandthewax.com\/?product=marque-page-sape-yellow-and-red-ecailles","url":"https:\/\/maryandthewax.com\/?product=marque-page-sape-yellow-and-red-ecailles","name":"MARQUE PAGE SAPE YELLOW AND RED ECAILLES - maryandthewax.com","isPartOf":{"@id":"https:\/\/maryandthewax.com\/#website"},"primaryImageOfPage":{"@id":"https:\/\/maryandthewax.com\/?product=marque-page-sape-yellow-and-red-ecailles#primaryimage"},"image":{"@id":"https:\/\/maryandthewax.com\/?product=marque-page-sape-yellow-and-red-ecailles#primaryimage"},"thumbnailUrl":"https:\/\/maryandthewax.com\/wp-content\/uploads\/2023\/10\/P3-002-MARQUE-PAGE-SAPE-YELLOW-AND-RED-ECAILLES-2-PHOTO-1-min.jpg","datePublished":"2023-10-25T16:20:36+00:00","dateModified":"2024-12-14T17:33:57+00:00","breadcrumb":{"@id":"https:\/\/maryandthewax.com\/?product=marque-page-sape-yellow-and-red-ecailles#breadcrumb"},"inLanguage":"fr-FR","potentialAction":[{"@type":"ReadAction","target":["https:\/\/maryandthewax.com\/?product=marque-page-sape-yellow-and-red-ecailles"]}]},{"@type":"ImageObject","inLanguage":"fr-FR","@id":"https:\/\/maryandthewax.com\/?product=marque-page-sape-yellow-and-red-ecailles#primaryimage","url":"https:\/\/maryandthewax.com\/wp-content\/uploads\/2023\/10\/P3-002-MARQUE-PAGE-SAPE-YELLOW-AND-RED-ECAILLES-2-PHOTO-1-min.jpg","contentUrl":"https:\/\/maryandthewax.com\/wp-content\/uploads\/2023\/10\/P3-002-MARQUE-PAGE-SAPE-YELLOW-AND-RED-ECAILLES-2-PHOTO-1-min.jpg","width":1080,"height":1078},{"@type":"BreadcrumbList","@id":"https:\/\/maryandthewax.com\/?product=marque-page-sape-yellow-and-red-ecailles#breadcrumb","itemListElement":[{"@type":"ListItem","position":1,"name":"Accueil","item":"https:\/\/maryandthewax.com\/"},{"@type":"ListItem","position":2,"name":"Shop","item":"https:\/\/maryandthewax.com\/?page_id=252790"},{"@type":"ListItem","position":3,"name":"MARQUE PAGE SAPE YELLOW AND RED ECAILLES"}]},{"@type":"WebSite","@id":"https:\/\/maryandthewax.com\/#website","url":"https:\/\/maryandthewax.com\/","name":"maryandthewax.com","description":"","publisher":{"@id":"https:\/\/maryandthewax.com\/#organization"},"potentialAction":[{"@type":"SearchAction","target":{"@type":"EntryPoint","urlTemplate":"https:\/\/maryandthewax.com\/?s={search_term_string}"},"query-input":{"@type":"PropertyValueSpecification","valueRequired":true,"valueName":"search_term_string"}}],"inLanguage":"fr-FR"},{"@type":"Organization","@id":"https:\/\/maryandthewax.com\/#organization","name":"maryandthewax.com","url":"https:\/\/maryandthewax.com\/","logo":{"@type":"ImageObject","inLanguage":"fr-FR","@id":"https:\/\/maryandthewax.com\/#\/schema\/logo\/image\/","url":"https:\/\/maryandthewax.com\/wp-content\/uploads\/2023\/11\/LOGO-MATW-THE-WC-ROND-COULEUR-1080x1080-1.jpg","contentUrl":"https:\/\/maryandthewax.com\/wp-content\/uploads\/2023\/11\/LOGO-MATW-THE-WC-ROND-COULEUR-1080x1080-1.jpg","width":1080,"height":1080,"caption":"maryandthewax.com"},"image":{"@id":"https:\/\/maryandthewax.com\/#\/schema\/logo\/image\/"},"sameAs":["https:\/\/www.instagram.com\/maryandthewax\/"]}]}},"_links":{"self":[{"href":"https:\/\/maryandthewax.com\/index.php?rest_route=\/wp\/v2\/product\/258310","targetHints":{"allow":["GET"]}}],"collection":[{"href":"https:\/\/maryandthewax.com\/index.php?rest_route=\/wp\/v2\/product"}],"about":[{"href":"https:\/\/maryandthewax.com\/index.php?rest_route=\/wp\/v2\/types\/product"}],"replies":[{"embeddable":true,"href":"https:\/\/maryandthewax.com\/index.php?rest_route=%2Fwp%2Fv2%2Fcomments&post=258310"}],"wp:featuredmedia":[{"embeddable":true,"href":"https:\/\/maryandthewax.com\/index.php?rest_route=\/wp\/v2\/media\/258300"}],"wp:attachment":[{"href":"https:\/\/maryandthewax.com\/index.php?rest_route=%2Fwp%2Fv2%2Fmedia&parent=258310"}],"wp:term":[{"taxonomy":"product_cat","embeddable":true,"href":"https:\/\/maryandthewax.com\/index.php?rest_route=%2Fwp%2Fv2%2Fproduct_cat&post=258310"},{"taxonomy":"product_tag","embeddable":true,"href":"https:\/\/maryandthewax.com\/index.php?rest_route=%2Fwp%2Fv2%2Fproduct_tag&post=258310"}],"curies":[{"name":"wp","href":"https:\/\/api.w.org\/{rel}","templated":true}]}}