{"id":258188,"date":"2023-10-24T22:58:33","date_gmt":"2023-10-25T02:58:33","guid":{"rendered":"https:\/\/maryandthewax.com\/?post_type=product&#038;p=258188"},"modified":"2024-01-05T03:45:05","modified_gmt":"2024-01-05T07:45:05","slug":"eventail-yellow-liana","status":"publish","type":"product","link":"https:\/\/maryandthewax.com\/?product=eventail-yellow-liana","title":{"rendered":"EVENTAIL YELLOW LIANA"},"content":{"rendered":"<p class=\"p1\">Styl\u00e9e jusqu\u2019au bout des doigts\u2026<\/p>\n<p class=\"p1\">L\u2019\u00e9ventail en wax est la parfaite finition de votre tenue. Coordonn\u00e9 ou en totale d\u00e9calage, il s\u2019agira de choisir celui qui vous plaira. Il est muni de manches et d\u2019un tressage en cuir pour une finition soign\u00e9e et un maintien impeccable. Vos \u00e9v\u00e8nements les plus chauds seront rafraichis tout en couleur\u2026<\/p>\n<p class=\"p1\">Cet accessoire, color\u00e9 et utile, est disponible dans plusieurs imprim\u00e9s Wax s\u00e9lectionn\u00e9s par Mary.<span class=\"Apple-converted-space\">\u00a0<\/span><\/p>\n<p class=\"p1\">Fait main en C\u00f4te d\u2019Ivoire par un artisan, votre \u00e9ventail est fabriqu\u00e9 en tr\u00e8s petite quantit\u00e9 voire en mod\u00e8le unique. La position du motif peut varier selon le mod\u00e8le.<\/p>\n","protected":false},"excerpt":{"rendered":"<p class=\"p1\">Styl\u00e9e jusqu\u2019au bout des doigts\u2026<\/p>\n<p class=\"p1\">L\u2019\u00e9ventail en wax est la parfaite finition de votre tenue. Coordonn\u00e9 ou en totale d\u00e9calage, il s\u2019agira de choisir celui qui vous plaira. Il est muni de manches et d\u2019un tressage en cuir pour une finition soign\u00e9e et un maintien impeccable. Vos \u00e9v\u00e8nements les plus chauds seront rafraichis tout en couleur\u2026<\/p>\n<p class=\"p1\">Cet accessoire, color\u00e9 et utile, est disponible dans plusieurs imprim\u00e9s Wax s\u00e9lectionn\u00e9s par Mary.<span class=\"Apple-converted-space\">\u00a0<\/span><\/p>\n<p class=\"p1\">Fait main en C\u00f4te d\u2019Ivoire par un artisan, votre \u00e9ventail est fabriqu\u00e9 en tr\u00e8s petite quantit\u00e9 voire en mod\u00e8le unique. La position du motif peut varier selon le mod\u00e8le.<\/p>\n","protected":false},"featured_media":258163,"comment_status":"open","ping_status":"closed","template":"","meta":{"_acf_changed":false,"_et_pb_use_builder":"off","_et_pb_old_content":"<p class=\"p1\">Ce porte cl\u00e9 vous accompagnera partout. Ses couleurs vives en feront un atout ind\u00e9niable pour rep\u00e9rer vos pr\u00e9cieuses cl\u00e9s que vous ne trouvez jamais. Il pourra \u00e9galement agr\u00e9menter vos sacs tel un bijou mais aussi les sacs et cartables des plus petits. Offert, il vous permettra de faire passer les messages les plus inattendus. Un petit canard pour les canailles ou un c\u0153ur pour d\u00e9clarer vos sentiments, il peut faire tout cela \u00e0 la fois.<\/p>\r\n<p class=\"p1\">Son rembourrage made in France est dense. Il suffit de lui enlever son anneau ou mousqueton pour le laver. Il vous accompagnera dans votre quotidien ou dans vos occasions sp\u00e9ciales et vous permettra de rep\u00e9rer vos sacs et accessoires en un coup d\u2019\u0153il. Finitions soign\u00e9es et couleurs originales sont \u00e9galement ses atouts majeurs.<\/p>\r\n<p class=\"p1\">Fait main dans l\u2019atelier de Mary, ce porte cl\u00e9 est fabriqu\u00e9 en tr\u00e8s petite quantit\u00e9 voire en mod\u00e8le unique. La position du motif peut varier selon le mod\u00e8le.<\/p>","_et_gb_content_width":""},"product_cat":[28,64],"product_tag":[260],"class_list":{"0":"post-258188","1":"product","2":"type-product","3":"status-publish","4":"has-post-thumbnail","6":"product_cat-accessoires","7":"product_cat-eventails","8":"product_tag-fabric-yellow-liana","10":"first","11":"instock","12":"purchasable","13":"product-type-simple"},"acf":[],"yoast_head":"<!-- This site is optimized with the Yoast SEO plugin v27.1.1 - https:\/\/yoast.com\/product\/yoast-seo-wordpress\/ -->\n<title>EVENTAIL YELLOW LIANA - maryandthewax.com<\/title>\n<meta name=\"robots\" content=\"index, follow, max-snippet:-1, max-image-preview:large, max-video-preview:-1\" \/>\n<link rel=\"canonical\" href=\"https:\/\/maryandthewax.com\/?product=eventail-yellow-liana\" \/>\n<meta property=\"og:locale\" content=\"fr_FR\" \/>\n<meta property=\"og:type\" content=\"article\" \/>\n<meta property=\"og:title\" content=\"EVENTAIL YELLOW LIANA - maryandthewax.com\" \/>\n<meta property=\"og:description\" content=\"Styl\u00e9e jusqu\u2019au bout des doigts\u2026 L\u2019\u00e9ventail en wax est la parfaite finition de votre tenue. Coordonn\u00e9 ou en totale d\u00e9calage, il s\u2019agira de choisir celui qui vous plaira. Il est muni de manches et d\u2019un tressage en cuir pour une finition soign\u00e9e et un maintien impeccable. Vos \u00e9v\u00e8nements les plus chauds seront rafraichis tout en couleur\u2026 Cet accessoire, color\u00e9 et utile, est disponible dans plusieurs imprim\u00e9s Wax s\u00e9lectionn\u00e9s par Mary.\u00a0 Fait main en C\u00f4te d\u2019Ivoire par un artisan, votre \u00e9ventail est fabriqu\u00e9 en tr\u00e8s petite quantit\u00e9 voire en mod\u00e8le unique. La position du motif peut varier selon le mod\u00e8le.\" \/>\n<meta property=\"og:url\" content=\"https:\/\/maryandthewax.com\/?product=eventail-yellow-liana\" \/>\n<meta property=\"og:site_name\" content=\"maryandthewax.com\" \/>\n<meta property=\"article:modified_time\" content=\"2024-01-05T07:45:05+00:00\" \/>\n<meta property=\"og:image\" content=\"https:\/\/maryandthewax.com\/wp-content\/uploads\/2023\/10\/A6-024-EVENTAIL-YELLOW-LIANA-1-min.jpg\" \/>\n\t<meta property=\"og:image:width\" content=\"1920\" \/>\n\t<meta property=\"og:image:height\" content=\"1916\" \/>\n\t<meta property=\"og:image:type\" content=\"image\/jpeg\" \/>\n<meta name=\"twitter:card\" content=\"summary_large_image\" \/>\n<meta name=\"twitter:label1\" content=\"Dur\u00e9e de lecture estim\u00e9e\" \/>\n\t<meta name=\"twitter:data1\" content=\"1 minute\" \/>\n<script type=\"application\/ld+json\" class=\"yoast-schema-graph\">{\"@context\":\"https:\/\/schema.org\",\"@graph\":[{\"@type\":\"WebPage\",\"@id\":\"https:\/\/maryandthewax.com\/?product=eventail-yellow-liana\",\"url\":\"https:\/\/maryandthewax.com\/?product=eventail-yellow-liana\",\"name\":\"EVENTAIL YELLOW LIANA - maryandthewax.com\",\"isPartOf\":{\"@id\":\"https:\/\/maryandthewax.com\/#website\"},\"primaryImageOfPage\":{\"@id\":\"https:\/\/maryandthewax.com\/?product=eventail-yellow-liana#primaryimage\"},\"image\":{\"@id\":\"https:\/\/maryandthewax.com\/?product=eventail-yellow-liana#primaryimage\"},\"thumbnailUrl\":\"https:\/\/maryandthewax.com\/wp-content\/uploads\/2023\/10\/A6-024-EVENTAIL-YELLOW-LIANA-1-min.jpg\",\"datePublished\":\"2023-10-25T02:58:33+00:00\",\"dateModified\":\"2024-01-05T07:45:05+00:00\",\"breadcrumb\":{\"@id\":\"https:\/\/maryandthewax.com\/?product=eventail-yellow-liana#breadcrumb\"},\"inLanguage\":\"fr-FR\",\"potentialAction\":[{\"@type\":\"ReadAction\",\"target\":[\"https:\/\/maryandthewax.com\/?product=eventail-yellow-liana\"]}]},{\"@type\":\"ImageObject\",\"inLanguage\":\"fr-FR\",\"@id\":\"https:\/\/maryandthewax.com\/?product=eventail-yellow-liana#primaryimage\",\"url\":\"https:\/\/maryandthewax.com\/wp-content\/uploads\/2023\/10\/A6-024-EVENTAIL-YELLOW-LIANA-1-min.jpg\",\"contentUrl\":\"https:\/\/maryandthewax.com\/wp-content\/uploads\/2023\/10\/A6-024-EVENTAIL-YELLOW-LIANA-1-min.jpg\",\"width\":1920,\"height\":1916},{\"@type\":\"BreadcrumbList\",\"@id\":\"https:\/\/maryandthewax.com\/?product=eventail-yellow-liana#breadcrumb\",\"itemListElement\":[{\"@type\":\"ListItem\",\"position\":1,\"name\":\"Accueil\",\"item\":\"https:\/\/maryandthewax.com\/\"},{\"@type\":\"ListItem\",\"position\":2,\"name\":\"Shop\",\"item\":\"https:\/\/maryandthewax.com\/?page_id=252790\"},{\"@type\":\"ListItem\",\"position\":3,\"name\":\"EVENTAIL YELLOW LIANA\"}]},{\"@type\":\"WebSite\",\"@id\":\"https:\/\/maryandthewax.com\/#website\",\"url\":\"https:\/\/maryandthewax.com\/\",\"name\":\"maryandthewax.com\",\"description\":\"\",\"publisher\":{\"@id\":\"https:\/\/maryandthewax.com\/#organization\"},\"potentialAction\":[{\"@type\":\"SearchAction\",\"target\":{\"@type\":\"EntryPoint\",\"urlTemplate\":\"https:\/\/maryandthewax.com\/?s={search_term_string}\"},\"query-input\":{\"@type\":\"PropertyValueSpecification\",\"valueRequired\":true,\"valueName\":\"search_term_string\"}}],\"inLanguage\":\"fr-FR\"},{\"@type\":\"Organization\",\"@id\":\"https:\/\/maryandthewax.com\/#organization\",\"name\":\"maryandthewax.com\",\"url\":\"https:\/\/maryandthewax.com\/\",\"logo\":{\"@type\":\"ImageObject\",\"inLanguage\":\"fr-FR\",\"@id\":\"https:\/\/maryandthewax.com\/#\/schema\/logo\/image\/\",\"url\":\"https:\/\/maryandthewax.com\/wp-content\/uploads\/2023\/11\/LOGO-MATW-THE-WC-ROND-COULEUR-1080x1080-1.jpg\",\"contentUrl\":\"https:\/\/maryandthewax.com\/wp-content\/uploads\/2023\/11\/LOGO-MATW-THE-WC-ROND-COULEUR-1080x1080-1.jpg\",\"width\":1080,\"height\":1080,\"caption\":\"maryandthewax.com\"},\"image\":{\"@id\":\"https:\/\/maryandthewax.com\/#\/schema\/logo\/image\/\"},\"sameAs\":[\"https:\/\/www.instagram.com\/maryandthewax\/\"]}]}<\/script>\n<!-- \/ Yoast SEO plugin. -->","yoast_head_json":{"title":"EVENTAIL YELLOW LIANA - maryandthewax.com","robots":{"index":"index","follow":"follow","max-snippet":"max-snippet:-1","max-image-preview":"max-image-preview:large","max-video-preview":"max-video-preview:-1"},"canonical":"https:\/\/maryandthewax.com\/?product=eventail-yellow-liana","og_locale":"fr_FR","og_type":"article","og_title":"EVENTAIL YELLOW LIANA - maryandthewax.com","og_description":"Styl\u00e9e jusqu\u2019au bout des doigts\u2026 L\u2019\u00e9ventail en wax est la parfaite finition de votre tenue. Coordonn\u00e9 ou en totale d\u00e9calage, il s\u2019agira de choisir celui qui vous plaira. Il est muni de manches et d\u2019un tressage en cuir pour une finition soign\u00e9e et un maintien impeccable. Vos \u00e9v\u00e8nements les plus chauds seront rafraichis tout en couleur\u2026 Cet accessoire, color\u00e9 et utile, est disponible dans plusieurs imprim\u00e9s Wax s\u00e9lectionn\u00e9s par Mary.\u00a0 Fait main en C\u00f4te d\u2019Ivoire par un artisan, votre \u00e9ventail est fabriqu\u00e9 en tr\u00e8s petite quantit\u00e9 voire en mod\u00e8le unique. La position du motif peut varier selon le mod\u00e8le.","og_url":"https:\/\/maryandthewax.com\/?product=eventail-yellow-liana","og_site_name":"maryandthewax.com","article_modified_time":"2024-01-05T07:45:05+00:00","og_image":[{"width":1920,"height":1916,"url":"https:\/\/maryandthewax.com\/wp-content\/uploads\/2023\/10\/A6-024-EVENTAIL-YELLOW-LIANA-1-min.jpg","type":"image\/jpeg"}],"twitter_card":"summary_large_image","twitter_misc":{"Dur\u00e9e de lecture estim\u00e9e":"1 minute"},"schema":{"@context":"https:\/\/schema.org","@graph":[{"@type":"WebPage","@id":"https:\/\/maryandthewax.com\/?product=eventail-yellow-liana","url":"https:\/\/maryandthewax.com\/?product=eventail-yellow-liana","name":"EVENTAIL YELLOW LIANA - maryandthewax.com","isPartOf":{"@id":"https:\/\/maryandthewax.com\/#website"},"primaryImageOfPage":{"@id":"https:\/\/maryandthewax.com\/?product=eventail-yellow-liana#primaryimage"},"image":{"@id":"https:\/\/maryandthewax.com\/?product=eventail-yellow-liana#primaryimage"},"thumbnailUrl":"https:\/\/maryandthewax.com\/wp-content\/uploads\/2023\/10\/A6-024-EVENTAIL-YELLOW-LIANA-1-min.jpg","datePublished":"2023-10-25T02:58:33+00:00","dateModified":"2024-01-05T07:45:05+00:00","breadcrumb":{"@id":"https:\/\/maryandthewax.com\/?product=eventail-yellow-liana#breadcrumb"},"inLanguage":"fr-FR","potentialAction":[{"@type":"ReadAction","target":["https:\/\/maryandthewax.com\/?product=eventail-yellow-liana"]}]},{"@type":"ImageObject","inLanguage":"fr-FR","@id":"https:\/\/maryandthewax.com\/?product=eventail-yellow-liana#primaryimage","url":"https:\/\/maryandthewax.com\/wp-content\/uploads\/2023\/10\/A6-024-EVENTAIL-YELLOW-LIANA-1-min.jpg","contentUrl":"https:\/\/maryandthewax.com\/wp-content\/uploads\/2023\/10\/A6-024-EVENTAIL-YELLOW-LIANA-1-min.jpg","width":1920,"height":1916},{"@type":"BreadcrumbList","@id":"https:\/\/maryandthewax.com\/?product=eventail-yellow-liana#breadcrumb","itemListElement":[{"@type":"ListItem","position":1,"name":"Accueil","item":"https:\/\/maryandthewax.com\/"},{"@type":"ListItem","position":2,"name":"Shop","item":"https:\/\/maryandthewax.com\/?page_id=252790"},{"@type":"ListItem","position":3,"name":"EVENTAIL YELLOW LIANA"}]},{"@type":"WebSite","@id":"https:\/\/maryandthewax.com\/#website","url":"https:\/\/maryandthewax.com\/","name":"maryandthewax.com","description":"","publisher":{"@id":"https:\/\/maryandthewax.com\/#organization"},"potentialAction":[{"@type":"SearchAction","target":{"@type":"EntryPoint","urlTemplate":"https:\/\/maryandthewax.com\/?s={search_term_string}"},"query-input":{"@type":"PropertyValueSpecification","valueRequired":true,"valueName":"search_term_string"}}],"inLanguage":"fr-FR"},{"@type":"Organization","@id":"https:\/\/maryandthewax.com\/#organization","name":"maryandthewax.com","url":"https:\/\/maryandthewax.com\/","logo":{"@type":"ImageObject","inLanguage":"fr-FR","@id":"https:\/\/maryandthewax.com\/#\/schema\/logo\/image\/","url":"https:\/\/maryandthewax.com\/wp-content\/uploads\/2023\/11\/LOGO-MATW-THE-WC-ROND-COULEUR-1080x1080-1.jpg","contentUrl":"https:\/\/maryandthewax.com\/wp-content\/uploads\/2023\/11\/LOGO-MATW-THE-WC-ROND-COULEUR-1080x1080-1.jpg","width":1080,"height":1080,"caption":"maryandthewax.com"},"image":{"@id":"https:\/\/maryandthewax.com\/#\/schema\/logo\/image\/"},"sameAs":["https:\/\/www.instagram.com\/maryandthewax\/"]}]}},"_links":{"self":[{"href":"https:\/\/maryandthewax.com\/index.php?rest_route=\/wp\/v2\/product\/258188","targetHints":{"allow":["GET"]}}],"collection":[{"href":"https:\/\/maryandthewax.com\/index.php?rest_route=\/wp\/v2\/product"}],"about":[{"href":"https:\/\/maryandthewax.com\/index.php?rest_route=\/wp\/v2\/types\/product"}],"replies":[{"embeddable":true,"href":"https:\/\/maryandthewax.com\/index.php?rest_route=%2Fwp%2Fv2%2Fcomments&post=258188"}],"wp:featuredmedia":[{"embeddable":true,"href":"https:\/\/maryandthewax.com\/index.php?rest_route=\/wp\/v2\/media\/258163"}],"wp:attachment":[{"href":"https:\/\/maryandthewax.com\/index.php?rest_route=%2Fwp%2Fv2%2Fmedia&parent=258188"}],"wp:term":[{"taxonomy":"product_cat","embeddable":true,"href":"https:\/\/maryandthewax.com\/index.php?rest_route=%2Fwp%2Fv2%2Fproduct_cat&post=258188"},{"taxonomy":"product_tag","embeddable":true,"href":"https:\/\/maryandthewax.com\/index.php?rest_route=%2Fwp%2Fv2%2Fproduct_tag&post=258188"}],"curies":[{"name":"wp","href":"https:\/\/api.w.org\/{rel}","templated":true}]}}