{"id":258107,"date":"2023-10-24T21:46:47","date_gmt":"2023-10-25T01:46:47","guid":{"rendered":"https:\/\/maryandthewax.com\/?post_type=product&#038;p=258107"},"modified":"2024-01-05T04:56:55","modified_gmt":"2024-01-05T08:56:55","slug":"bandawax-lagoon-cocoa-copie","status":"publish","type":"product","link":"https:\/\/maryandthewax.com\/?product=bandawax-lagoon-cocoa-copie","title":{"rendered":"BANDAWAX ORANGE AND BEIGE AWOULABA"},"content":{"rendered":"<p class=\"p2\">C\u2019est un bandeau de t\u00eate dot\u00e9 d\u2019une tige qui facilite sa mise en place. Celle-ci, en aluminium, est int\u00e9gr\u00e9e au bandeau\u00a0; elle ne rouille pas et permet donc le lavage de l\u2019ensemble du bandeau sans difficult\u00e9. Vous pourrez le nouer selon votre go\u00fbt et l\u2019humeur du jour. Mary propose trois formats\u00a0: Medium ou Large pour les adultes et Small pour les petits. Vous pourrez m\u00eame (pour certains mod\u00e8les) vous coordonner avec votre mini you.<\/p>\n<p class=\"p2\">Ce joli accessoire pour les cheveux est disponible dans de nombreux imprim\u00e9s Wax s\u00e9lectionn\u00e9s par Mary.<span class=\"Apple-converted-space\">\u00a0<\/span><\/p>\n<p class=\"p2\">Votre BANDAWAX est un accessoire du quotidien ou de vos occasions sp\u00e9ciales. Il sera un v\u00e9ritable atout pratique et styl\u00e9 pour rehausser votre tenue. <span class=\"Apple-converted-space\">\u00a0<\/span><\/p>\n<p class=\"p2\">Fait main dans l\u2019atelier de Mary, ce bandeau est fabriqu\u00e9 en tr\u00e8s petite quantit\u00e9 voire en mod\u00e8le unique. La position du motif peut varier selon le mod\u00e8le.<\/p>\n","protected":false},"excerpt":{"rendered":"<p class=\"p2\">C\u2019est un bandeau de t\u00eate dot\u00e9 d\u2019une tige qui facilite sa mise en place. Celle-ci, en aluminium, est int\u00e9gr\u00e9e au bandeau\u00a0; elle ne rouille pas et permet donc le lavage de l\u2019ensemble du bandeau sans difficult\u00e9. Vous pourrez le nouer selon votre go\u00fbt et l\u2019humeur du jour. Mary propose trois formats\u00a0: Medium ou Large pour les adultes et Small pour les petits. Vous pourrez m\u00eame (pour certains mod\u00e8les) vous coordonner avec votre mini you.<\/p>\n<p class=\"p2\">Ce joli accessoire pour les cheveux est disponible dans de nombreux imprim\u00e9s Wax s\u00e9lectionn\u00e9s par Mary.<span class=\"Apple-converted-space\">\u00a0<\/span><\/p>\n<p class=\"p2\">Votre BANDAWAX est un accessoire du quotidien ou de vos occasions sp\u00e9ciales. Il sera un v\u00e9ritable atout pratique et styl\u00e9 pour rehausser votre tenue. <span class=\"Apple-converted-space\">\u00a0<\/span><\/p>\n<p class=\"p2\">Fait main dans l\u2019atelier de Mary, ce bandeau est fabriqu\u00e9 en tr\u00e8s petite quantit\u00e9 voire en mod\u00e8le unique. La position du motif peut varier selon le mod\u00e8le.<\/p>\n","protected":false},"featured_media":257617,"comment_status":"open","ping_status":"closed","template":"","meta":{"_acf_changed":false,"_et_pb_use_builder":"off","_et_pb_old_content":"<p class=\"p1\">Ce porte cl\u00e9 vous accompagnera partout. Ses couleurs vives en feront un atout ind\u00e9niable pour rep\u00e9rer vos pr\u00e9cieuses cl\u00e9s que vous ne trouvez jamais. Il pourra \u00e9galement agr\u00e9menter vos sacs tel un bijou mais aussi les sacs et cartables des plus petits. Offert, il vous permettra de faire passer les messages les plus inattendus. Un petit canard pour les canailles ou un c\u0153ur pour d\u00e9clarer vos sentiments, il peut faire tout cela \u00e0 la fois.<\/p>\r\n<p class=\"p1\">Son rembourrage made in France est dense. Il suffit de lui enlever son anneau ou mousqueton pour le laver. Il vous accompagnera dans votre quotidien ou dans vos occasions sp\u00e9ciales et vous permettra de rep\u00e9rer vos sacs et accessoires en un coup d\u2019\u0153il. Finitions soign\u00e9es et couleurs originales sont \u00e9galement ses atouts majeurs.<\/p>\r\n<p class=\"p1\">Fait main dans l\u2019atelier de Mary, ce porte cl\u00e9 est fabriqu\u00e9 en tr\u00e8s petite quantit\u00e9 voire en mod\u00e8le unique. La position du motif peut varier selon le mod\u00e8le.<\/p>","_et_gb_content_width":""},"product_cat":[28,61],"product_tag":[147],"class_list":{"0":"post-258107","1":"product","2":"type-product","3":"status-publish","4":"has-post-thumbnail","6":"product_cat-accessoires","7":"product_cat-bandeaux","8":"product_tag-fabric-orange-and-beige-awoulaba","10":"first","11":"instock","12":"purchasable","13":"product-type-variable"},"acf":[],"yoast_head":"<!-- This site is optimized with the Yoast SEO plugin v27.1.1 - https:\/\/yoast.com\/product\/yoast-seo-wordpress\/ -->\n<title>BANDAWAX ORANGE AND BEIGE AWOULABA - maryandthewax.com<\/title>\n<meta name=\"robots\" content=\"index, follow, max-snippet:-1, max-image-preview:large, max-video-preview:-1\" \/>\n<link rel=\"canonical\" href=\"https:\/\/maryandthewax.com\/?product=bandawax-lagoon-cocoa-copie\" \/>\n<meta property=\"og:locale\" content=\"fr_FR\" \/>\n<meta property=\"og:type\" content=\"article\" \/>\n<meta property=\"og:title\" content=\"BANDAWAX ORANGE AND BEIGE AWOULABA - maryandthewax.com\" \/>\n<meta property=\"og:description\" content=\"C\u2019est un bandeau de t\u00eate dot\u00e9 d\u2019une tige qui facilite sa mise en place. Celle-ci, en aluminium, est int\u00e9gr\u00e9e au bandeau\u00a0; elle ne rouille pas et permet donc le lavage de l\u2019ensemble du bandeau sans difficult\u00e9. Vous pourrez le nouer selon votre go\u00fbt et l\u2019humeur du jour. Mary propose trois formats\u00a0: Medium ou Large pour les adultes et Small pour les petits. Vous pourrez m\u00eame (pour certains mod\u00e8les) vous coordonner avec votre mini you. Ce joli accessoire pour les cheveux est disponible dans de nombreux imprim\u00e9s Wax s\u00e9lectionn\u00e9s par Mary.\u00a0 Votre BANDAWAX est un accessoire du quotidien ou de vos occasions sp\u00e9ciales. Il sera un v\u00e9ritable atout pratique et styl\u00e9 pour rehausser votre tenue. \u00a0 Fait main dans l\u2019atelier de Mary, ce bandeau est fabriqu\u00e9 en tr\u00e8s petite quantit\u00e9 voire en mod\u00e8le unique. La position du motif peut varier selon le mod\u00e8le.\" \/>\n<meta property=\"og:url\" content=\"https:\/\/maryandthewax.com\/?product=bandawax-lagoon-cocoa-copie\" \/>\n<meta property=\"og:site_name\" content=\"maryandthewax.com\" \/>\n<meta property=\"article:modified_time\" content=\"2024-01-05T08:56:55+00:00\" \/>\n<meta property=\"og:image\" content=\"https:\/\/maryandthewax.com\/wp-content\/uploads\/2023\/10\/A4-019-BANDAWAX-ORANGE-AND-BEIGE-AWOULABA-0S-0M-2L-PHOTO-2-min.jpg\" \/>\n\t<meta property=\"og:image:width\" content=\"1080\" \/>\n\t<meta property=\"og:image:height\" content=\"1078\" \/>\n\t<meta property=\"og:image:type\" content=\"image\/jpeg\" \/>\n<meta name=\"twitter:card\" content=\"summary_large_image\" \/>\n<meta name=\"twitter:label1\" content=\"Dur\u00e9e de lecture estim\u00e9e\" \/>\n\t<meta name=\"twitter:data1\" content=\"1 minute\" \/>\n<script type=\"application\/ld+json\" class=\"yoast-schema-graph\">{\"@context\":\"https:\/\/schema.org\",\"@graph\":[{\"@type\":\"WebPage\",\"@id\":\"https:\/\/maryandthewax.com\/?product=bandawax-lagoon-cocoa-copie\",\"url\":\"https:\/\/maryandthewax.com\/?product=bandawax-lagoon-cocoa-copie\",\"name\":\"BANDAWAX ORANGE AND BEIGE AWOULABA - maryandthewax.com\",\"isPartOf\":{\"@id\":\"https:\/\/maryandthewax.com\/#website\"},\"primaryImageOfPage\":{\"@id\":\"https:\/\/maryandthewax.com\/?product=bandawax-lagoon-cocoa-copie#primaryimage\"},\"image\":{\"@id\":\"https:\/\/maryandthewax.com\/?product=bandawax-lagoon-cocoa-copie#primaryimage\"},\"thumbnailUrl\":\"https:\/\/maryandthewax.com\/wp-content\/uploads\/2023\/10\/A4-019-BANDAWAX-ORANGE-AND-BEIGE-AWOULABA-0S-0M-2L-PHOTO-2-min.jpg\",\"datePublished\":\"2023-10-25T01:46:47+00:00\",\"dateModified\":\"2024-01-05T08:56:55+00:00\",\"breadcrumb\":{\"@id\":\"https:\/\/maryandthewax.com\/?product=bandawax-lagoon-cocoa-copie#breadcrumb\"},\"inLanguage\":\"fr-FR\",\"potentialAction\":[{\"@type\":\"ReadAction\",\"target\":[\"https:\/\/maryandthewax.com\/?product=bandawax-lagoon-cocoa-copie\"]}]},{\"@type\":\"ImageObject\",\"inLanguage\":\"fr-FR\",\"@id\":\"https:\/\/maryandthewax.com\/?product=bandawax-lagoon-cocoa-copie#primaryimage\",\"url\":\"https:\/\/maryandthewax.com\/wp-content\/uploads\/2023\/10\/A4-019-BANDAWAX-ORANGE-AND-BEIGE-AWOULABA-0S-0M-2L-PHOTO-2-min.jpg\",\"contentUrl\":\"https:\/\/maryandthewax.com\/wp-content\/uploads\/2023\/10\/A4-019-BANDAWAX-ORANGE-AND-BEIGE-AWOULABA-0S-0M-2L-PHOTO-2-min.jpg\",\"width\":1080,\"height\":1078},{\"@type\":\"BreadcrumbList\",\"@id\":\"https:\/\/maryandthewax.com\/?product=bandawax-lagoon-cocoa-copie#breadcrumb\",\"itemListElement\":[{\"@type\":\"ListItem\",\"position\":1,\"name\":\"Accueil\",\"item\":\"https:\/\/maryandthewax.com\/\"},{\"@type\":\"ListItem\",\"position\":2,\"name\":\"Shop\",\"item\":\"https:\/\/maryandthewax.com\/?page_id=252790\"},{\"@type\":\"ListItem\",\"position\":3,\"name\":\"BANDAWAX ORANGE AND BEIGE AWOULABA\"}]},{\"@type\":\"WebSite\",\"@id\":\"https:\/\/maryandthewax.com\/#website\",\"url\":\"https:\/\/maryandthewax.com\/\",\"name\":\"maryandthewax.com\",\"description\":\"\",\"publisher\":{\"@id\":\"https:\/\/maryandthewax.com\/#organization\"},\"potentialAction\":[{\"@type\":\"SearchAction\",\"target\":{\"@type\":\"EntryPoint\",\"urlTemplate\":\"https:\/\/maryandthewax.com\/?s={search_term_string}\"},\"query-input\":{\"@type\":\"PropertyValueSpecification\",\"valueRequired\":true,\"valueName\":\"search_term_string\"}}],\"inLanguage\":\"fr-FR\"},{\"@type\":\"Organization\",\"@id\":\"https:\/\/maryandthewax.com\/#organization\",\"name\":\"maryandthewax.com\",\"url\":\"https:\/\/maryandthewax.com\/\",\"logo\":{\"@type\":\"ImageObject\",\"inLanguage\":\"fr-FR\",\"@id\":\"https:\/\/maryandthewax.com\/#\/schema\/logo\/image\/\",\"url\":\"https:\/\/maryandthewax.com\/wp-content\/uploads\/2023\/11\/LOGO-MATW-THE-WC-ROND-COULEUR-1080x1080-1.jpg\",\"contentUrl\":\"https:\/\/maryandthewax.com\/wp-content\/uploads\/2023\/11\/LOGO-MATW-THE-WC-ROND-COULEUR-1080x1080-1.jpg\",\"width\":1080,\"height\":1080,\"caption\":\"maryandthewax.com\"},\"image\":{\"@id\":\"https:\/\/maryandthewax.com\/#\/schema\/logo\/image\/\"},\"sameAs\":[\"https:\/\/www.instagram.com\/maryandthewax\/\"]}]}<\/script>\n<!-- \/ Yoast SEO plugin. -->","yoast_head_json":{"title":"BANDAWAX ORANGE AND BEIGE AWOULABA - maryandthewax.com","robots":{"index":"index","follow":"follow","max-snippet":"max-snippet:-1","max-image-preview":"max-image-preview:large","max-video-preview":"max-video-preview:-1"},"canonical":"https:\/\/maryandthewax.com\/?product=bandawax-lagoon-cocoa-copie","og_locale":"fr_FR","og_type":"article","og_title":"BANDAWAX ORANGE AND BEIGE AWOULABA - maryandthewax.com","og_description":"C\u2019est un bandeau de t\u00eate dot\u00e9 d\u2019une tige qui facilite sa mise en place. Celle-ci, en aluminium, est int\u00e9gr\u00e9e au bandeau\u00a0; elle ne rouille pas et permet donc le lavage de l\u2019ensemble du bandeau sans difficult\u00e9. Vous pourrez le nouer selon votre go\u00fbt et l\u2019humeur du jour. Mary propose trois formats\u00a0: Medium ou Large pour les adultes et Small pour les petits. Vous pourrez m\u00eame (pour certains mod\u00e8les) vous coordonner avec votre mini you. Ce joli accessoire pour les cheveux est disponible dans de nombreux imprim\u00e9s Wax s\u00e9lectionn\u00e9s par Mary.\u00a0 Votre BANDAWAX est un accessoire du quotidien ou de vos occasions sp\u00e9ciales. Il sera un v\u00e9ritable atout pratique et styl\u00e9 pour rehausser votre tenue. \u00a0 Fait main dans l\u2019atelier de Mary, ce bandeau est fabriqu\u00e9 en tr\u00e8s petite quantit\u00e9 voire en mod\u00e8le unique. La position du motif peut varier selon le mod\u00e8le.","og_url":"https:\/\/maryandthewax.com\/?product=bandawax-lagoon-cocoa-copie","og_site_name":"maryandthewax.com","article_modified_time":"2024-01-05T08:56:55+00:00","og_image":[{"width":1080,"height":1078,"url":"https:\/\/maryandthewax.com\/wp-content\/uploads\/2023\/10\/A4-019-BANDAWAX-ORANGE-AND-BEIGE-AWOULABA-0S-0M-2L-PHOTO-2-min.jpg","type":"image\/jpeg"}],"twitter_card":"summary_large_image","twitter_misc":{"Dur\u00e9e de lecture estim\u00e9e":"1 minute"},"schema":{"@context":"https:\/\/schema.org","@graph":[{"@type":"WebPage","@id":"https:\/\/maryandthewax.com\/?product=bandawax-lagoon-cocoa-copie","url":"https:\/\/maryandthewax.com\/?product=bandawax-lagoon-cocoa-copie","name":"BANDAWAX ORANGE AND BEIGE AWOULABA - maryandthewax.com","isPartOf":{"@id":"https:\/\/maryandthewax.com\/#website"},"primaryImageOfPage":{"@id":"https:\/\/maryandthewax.com\/?product=bandawax-lagoon-cocoa-copie#primaryimage"},"image":{"@id":"https:\/\/maryandthewax.com\/?product=bandawax-lagoon-cocoa-copie#primaryimage"},"thumbnailUrl":"https:\/\/maryandthewax.com\/wp-content\/uploads\/2023\/10\/A4-019-BANDAWAX-ORANGE-AND-BEIGE-AWOULABA-0S-0M-2L-PHOTO-2-min.jpg","datePublished":"2023-10-25T01:46:47+00:00","dateModified":"2024-01-05T08:56:55+00:00","breadcrumb":{"@id":"https:\/\/maryandthewax.com\/?product=bandawax-lagoon-cocoa-copie#breadcrumb"},"inLanguage":"fr-FR","potentialAction":[{"@type":"ReadAction","target":["https:\/\/maryandthewax.com\/?product=bandawax-lagoon-cocoa-copie"]}]},{"@type":"ImageObject","inLanguage":"fr-FR","@id":"https:\/\/maryandthewax.com\/?product=bandawax-lagoon-cocoa-copie#primaryimage","url":"https:\/\/maryandthewax.com\/wp-content\/uploads\/2023\/10\/A4-019-BANDAWAX-ORANGE-AND-BEIGE-AWOULABA-0S-0M-2L-PHOTO-2-min.jpg","contentUrl":"https:\/\/maryandthewax.com\/wp-content\/uploads\/2023\/10\/A4-019-BANDAWAX-ORANGE-AND-BEIGE-AWOULABA-0S-0M-2L-PHOTO-2-min.jpg","width":1080,"height":1078},{"@type":"BreadcrumbList","@id":"https:\/\/maryandthewax.com\/?product=bandawax-lagoon-cocoa-copie#breadcrumb","itemListElement":[{"@type":"ListItem","position":1,"name":"Accueil","item":"https:\/\/maryandthewax.com\/"},{"@type":"ListItem","position":2,"name":"Shop","item":"https:\/\/maryandthewax.com\/?page_id=252790"},{"@type":"ListItem","position":3,"name":"BANDAWAX ORANGE AND BEIGE AWOULABA"}]},{"@type":"WebSite","@id":"https:\/\/maryandthewax.com\/#website","url":"https:\/\/maryandthewax.com\/","name":"maryandthewax.com","description":"","publisher":{"@id":"https:\/\/maryandthewax.com\/#organization"},"potentialAction":[{"@type":"SearchAction","target":{"@type":"EntryPoint","urlTemplate":"https:\/\/maryandthewax.com\/?s={search_term_string}"},"query-input":{"@type":"PropertyValueSpecification","valueRequired":true,"valueName":"search_term_string"}}],"inLanguage":"fr-FR"},{"@type":"Organization","@id":"https:\/\/maryandthewax.com\/#organization","name":"maryandthewax.com","url":"https:\/\/maryandthewax.com\/","logo":{"@type":"ImageObject","inLanguage":"fr-FR","@id":"https:\/\/maryandthewax.com\/#\/schema\/logo\/image\/","url":"https:\/\/maryandthewax.com\/wp-content\/uploads\/2023\/11\/LOGO-MATW-THE-WC-ROND-COULEUR-1080x1080-1.jpg","contentUrl":"https:\/\/maryandthewax.com\/wp-content\/uploads\/2023\/11\/LOGO-MATW-THE-WC-ROND-COULEUR-1080x1080-1.jpg","width":1080,"height":1080,"caption":"maryandthewax.com"},"image":{"@id":"https:\/\/maryandthewax.com\/#\/schema\/logo\/image\/"},"sameAs":["https:\/\/www.instagram.com\/maryandthewax\/"]}]}},"_links":{"self":[{"href":"https:\/\/maryandthewax.com\/index.php?rest_route=\/wp\/v2\/product\/258107","targetHints":{"allow":["GET"]}}],"collection":[{"href":"https:\/\/maryandthewax.com\/index.php?rest_route=\/wp\/v2\/product"}],"about":[{"href":"https:\/\/maryandthewax.com\/index.php?rest_route=\/wp\/v2\/types\/product"}],"replies":[{"embeddable":true,"href":"https:\/\/maryandthewax.com\/index.php?rest_route=%2Fwp%2Fv2%2Fcomments&post=258107"}],"wp:featuredmedia":[{"embeddable":true,"href":"https:\/\/maryandthewax.com\/index.php?rest_route=\/wp\/v2\/media\/257617"}],"wp:attachment":[{"href":"https:\/\/maryandthewax.com\/index.php?rest_route=%2Fwp%2Fv2%2Fmedia&parent=258107"}],"wp:term":[{"taxonomy":"product_cat","embeddable":true,"href":"https:\/\/maryandthewax.com\/index.php?rest_route=%2Fwp%2Fv2%2Fproduct_cat&post=258107"},{"taxonomy":"product_tag","embeddable":true,"href":"https:\/\/maryandthewax.com\/index.php?rest_route=%2Fwp%2Fv2%2Fproduct_tag&post=258107"}],"curies":[{"name":"wp","href":"https:\/\/api.w.org\/{rel}","templated":true}]}}