{"id":257522,"date":"2023-10-22T19:18:45","date_gmt":"2023-10-22T23:18:45","guid":{"rendered":"https:\/\/maryandthewax.com\/?post_type=product&#038;p=257522"},"modified":"2024-01-05T04:00:15","modified_gmt":"2024-01-05T08:00:15","slug":"maretet-pink-princess-flowers","status":"publish","type":"product","link":"https:\/\/maryandthewax.com\/?product=maretet-pink-princess-flowers","title":{"rendered":"MARETET PINK PRINCESS FLOWERS"},"content":{"rendered":"<p class=\"p1\">multipLe mar\u00e9t\u00e8t est un foulard de t\u00eate rectangulaire permettant l\u2019attache \u00e9l\u00e9gante des cheveux. Il trouve son origine \u00e0 la fin du 18<span class=\"s1\"><sup>\u00e8me<\/sup><\/span> si\u00e8cle. En Louisiane, \u00e0 travers la loi TIGNON, ils tent\u00e8rent de maintenir visible les \u00e9carts entre classes sociales en imposant aux esclaves affranchies de cacher leurs cheveux. Ainsi les femmes noires libres nouaient un foulard pour masquer leurs cheveux.<span class=\"Apple-converted-space\">\u00a0 <\/span>Elles firent de cette contrainte un atout en en faisant un v\u00e9ritable accessoire de leur tenue. Aux Antilles, les foulards de t\u00eate, souvent en Madras, ont signifi\u00e9 selon le nombre de pointes r\u00e9alis\u00e9es sur la coiffe un statut ou \u00e9tat sentimental de la femme qui le portait\u00a0: c\u0153ur \u00e0 prendre ou pris, femme mari\u00e9e voire susceptible de prendre des amants\u00a0!<\/p>\n<p class=\"p1\">Les techniques d\u2019attache sont nombreuses. Mary propose deux formats (M\u00e9dium ou Large) permettant un large choix d\u2019attaches, partielles ou compl\u00e8tes, de la t\u00eate. Ce joli accessoire pour les cheveux est disponible dans de nombreux imprim\u00e9s Wax s\u00e9lectionn\u00e9s par Mary.<span class=\"Apple-converted-space\">\u00a0<\/span><\/p>\n<p class=\"p1\">Votre mar\u00e9t\u00e8t CABEWAX est un accessoire du quotidien ou de vos occasions sp\u00e9ciales. Il sera un v\u00e9ritable atout pratique et styl\u00e9 pour rehausser votre tenue. <span class=\"Apple-converted-space\">\u00a0<\/span><\/p>\n<p class=\"p1\">Fait main dans l\u2019atelier de Mary, ce foulard est fabriqu\u00e9 en tr\u00e8s petite quantit\u00e9 voire en mod\u00e8le unique. La position du motif peut varier selon le mod\u00e8le<\/p>\n","protected":false},"excerpt":{"rendered":"<p class=\"p1\">Le mar\u00e9t\u00e8t est un foulard de t\u00eate rectangulaire permettant l\u2019attache \u00e9l\u00e9gante des cheveux. Il trouve son origine \u00e0 la fin du 18<span class=\"s1\"><sup>\u00e8me<\/sup><\/span> si\u00e8cle. En Louisiane, \u00e0 travers la loi TIGNON, ils tent\u00e8rent de maintenir visible les \u00e9carts entre classes sociales en imposant aux esclaves affranchies de cacher leurs cheveux. Ainsi les femmes noires libres nouaient un foulard pour masquer leurs cheveux.<span class=\"Apple-converted-space\">\u00a0 <\/span>Elles firent de cette contrainte un atout en en faisant un v\u00e9ritable accessoire de leur tenue. Aux Antilles, les foulards de t\u00eate, souvent en Madras, ont signifi\u00e9 selon le nombre de pointes r\u00e9alis\u00e9es sur la coiffe un statut ou \u00e9tat sentimental de la femme qui le portait\u00a0: c\u0153ur \u00e0 prendre ou pris, femme mari\u00e9e voire susceptible de prendre des amants\u00a0!<\/p>\n<p class=\"p1\">Les techniques d\u2019attache sont nombreuses. Mary propose deux formats (M\u00e9dium ou Large) permettant un large choix d\u2019attaches, partielles ou compl\u00e8tes, de la t\u00eate. Ce joli accessoire pour les cheveux est disponible dans de nombreux imprim\u00e9s Wax s\u00e9lectionn\u00e9s par Mary.<\/p>\n<p class=\"p1\">Votre mar\u00e9t\u00e8t CABEWAX est un accessoire du quotidien ou de vos occasions sp\u00e9ciales. Il sera un v\u00e9ritable atout pratique et styl\u00e9 pour rehausser votre tenue.<\/p>\n<p class=\"p1\">Fait main dans l\u2019atelier de Mary, ce foulard est fabriqu\u00e9 en tr\u00e8s petite quantit\u00e9 voire en mod\u00e8le unique. La position du motif peut varier selon le mod\u00e8le<\/p>\n","protected":false},"featured_media":257440,"comment_status":"open","ping_status":"closed","template":"","meta":{"_acf_changed":false,"_et_pb_use_builder":"off","_et_pb_old_content":"<p class=\"p1\">Ce porte cl\u00e9 vous accompagnera partout. Ses couleurs vives en feront un atout ind\u00e9niable pour rep\u00e9rer vos pr\u00e9cieuses cl\u00e9s que vous ne trouvez jamais. Il pourra \u00e9galement agr\u00e9menter vos sacs tel un bijou mais aussi les sacs et cartables des plus petits. Offert, il vous permettra de faire passer les messages les plus inattendus. Un petit canard pour les canailles ou un c\u0153ur pour d\u00e9clarer vos sentiments, il peut faire tout cela \u00e0 la fois.<\/p>\r\n<p class=\"p1\">Son rembourrage made in France est dense. Il suffit de lui enlever son anneau ou mousqueton pour le laver. Il vous accompagnera dans votre quotidien ou dans vos occasions sp\u00e9ciales et vous permettra de rep\u00e9rer vos sacs et accessoires en un coup d\u2019\u0153il. Finitions soign\u00e9es et couleurs originales sont \u00e9galement ses atouts majeurs.<\/p>\r\n<p class=\"p1\">Fait main dans l\u2019atelier de Mary, ce porte cl\u00e9 est fabriqu\u00e9 en tr\u00e8s petite quantit\u00e9 voire en mod\u00e8le unique. La position du motif peut varier selon le mod\u00e8le.<\/p>","_et_gb_content_width":""},"product_cat":[28,59],"product_tag":[150],"class_list":{"0":"post-257522","1":"product","2":"type-product","3":"status-publish","4":"has-post-thumbnail","6":"product_cat-accessoires","7":"product_cat-maretets","8":"product_tag-fabric-pink-princess-flowers","10":"first","11":"instock","12":"purchasable","13":"product-type-variable"},"acf":[],"yoast_head":"<!-- This site is optimized with the Yoast SEO plugin v27.1.1 - https:\/\/yoast.com\/product\/yoast-seo-wordpress\/ -->\n<title>MARETET PINK PRINCESS FLOWERS - maryandthewax.com<\/title>\n<meta name=\"robots\" content=\"index, follow, max-snippet:-1, max-image-preview:large, max-video-preview:-1\" \/>\n<link rel=\"canonical\" href=\"https:\/\/maryandthewax.com\/?product=maretet-pink-princess-flowers\" \/>\n<meta property=\"og:locale\" content=\"fr_FR\" \/>\n<meta property=\"og:type\" content=\"article\" \/>\n<meta property=\"og:title\" content=\"MARETET PINK PRINCESS FLOWERS - maryandthewax.com\" \/>\n<meta property=\"og:description\" content=\"Le mar\u00e9t\u00e8t est un foulard de t\u00eate rectangulaire permettant l\u2019attache \u00e9l\u00e9gante des cheveux. Il trouve son origine \u00e0 la fin du 18\u00e8me si\u00e8cle. En Louisiane, \u00e0 travers la loi TIGNON, ils tent\u00e8rent de maintenir visible les \u00e9carts entre classes sociales en imposant aux esclaves affranchies de cacher leurs cheveux. Ainsi les femmes noires libres nouaient un foulard pour masquer leurs cheveux.\u00a0 Elles firent de cette contrainte un atout en en faisant un v\u00e9ritable accessoire de leur tenue. Aux Antilles, les foulards de t\u00eate, souvent en Madras, ont signifi\u00e9 selon le nombre de pointes r\u00e9alis\u00e9es sur la coiffe un statut ou \u00e9tat sentimental de la femme qui le portait\u00a0: c\u0153ur \u00e0 prendre ou pris, femme mari\u00e9e voire susceptible de prendre des amants\u00a0! Les techniques d\u2019attache sont nombreuses. Mary propose deux formats (M\u00e9dium ou Large) permettant un large choix d\u2019attaches, partielles ou compl\u00e8tes, de la t\u00eate. Ce joli accessoire pour les cheveux est disponible dans de nombreux imprim\u00e9s Wax s\u00e9lectionn\u00e9s par Mary. Votre mar\u00e9t\u00e8t CABEWAX est un accessoire du quotidien ou de vos occasions sp\u00e9ciales. Il sera un v\u00e9ritable atout pratique et styl\u00e9 pour rehausser votre tenue. Fait main dans l\u2019atelier de Mary, ce foulard est fabriqu\u00e9 en tr\u00e8s petite quantit\u00e9 voire en mod\u00e8le unique. La position du motif peut varier selon le mod\u00e8le\" \/>\n<meta property=\"og:url\" content=\"https:\/\/maryandthewax.com\/?product=maretet-pink-princess-flowers\" \/>\n<meta property=\"og:site_name\" content=\"maryandthewax.com\" \/>\n<meta property=\"article:modified_time\" content=\"2024-01-05T08:00:15+00:00\" \/>\n<meta property=\"og:image\" content=\"https:\/\/maryandthewax.com\/wp-content\/uploads\/2023\/10\/A2-014-MARE-TET-PINK-PRINCESS-FLOWERS-2M-PHOTO-1-min.jpg\" \/>\n\t<meta property=\"og:image:width\" content=\"1920\" \/>\n\t<meta property=\"og:image:height\" content=\"1916\" \/>\n\t<meta property=\"og:image:type\" content=\"image\/jpeg\" \/>\n<meta name=\"twitter:card\" content=\"summary_large_image\" \/>\n<meta name=\"twitter:label1\" content=\"Dur\u00e9e de lecture estim\u00e9e\" \/>\n\t<meta name=\"twitter:data1\" content=\"1 minute\" \/>\n<script type=\"application\/ld+json\" class=\"yoast-schema-graph\">{\"@context\":\"https:\/\/schema.org\",\"@graph\":[{\"@type\":\"WebPage\",\"@id\":\"https:\/\/maryandthewax.com\/?product=maretet-pink-princess-flowers\",\"url\":\"https:\/\/maryandthewax.com\/?product=maretet-pink-princess-flowers\",\"name\":\"MARETET PINK PRINCESS FLOWERS - maryandthewax.com\",\"isPartOf\":{\"@id\":\"https:\/\/maryandthewax.com\/#website\"},\"primaryImageOfPage\":{\"@id\":\"https:\/\/maryandthewax.com\/?product=maretet-pink-princess-flowers#primaryimage\"},\"image\":{\"@id\":\"https:\/\/maryandthewax.com\/?product=maretet-pink-princess-flowers#primaryimage\"},\"thumbnailUrl\":\"https:\/\/maryandthewax.com\/wp-content\/uploads\/2023\/10\/A2-014-MARE-TET-PINK-PRINCESS-FLOWERS-2M-PHOTO-1-min.jpg\",\"datePublished\":\"2023-10-22T23:18:45+00:00\",\"dateModified\":\"2024-01-05T08:00:15+00:00\",\"breadcrumb\":{\"@id\":\"https:\/\/maryandthewax.com\/?product=maretet-pink-princess-flowers#breadcrumb\"},\"inLanguage\":\"fr-FR\",\"potentialAction\":[{\"@type\":\"ReadAction\",\"target\":[\"https:\/\/maryandthewax.com\/?product=maretet-pink-princess-flowers\"]}]},{\"@type\":\"ImageObject\",\"inLanguage\":\"fr-FR\",\"@id\":\"https:\/\/maryandthewax.com\/?product=maretet-pink-princess-flowers#primaryimage\",\"url\":\"https:\/\/maryandthewax.com\/wp-content\/uploads\/2023\/10\/A2-014-MARE-TET-PINK-PRINCESS-FLOWERS-2M-PHOTO-1-min.jpg\",\"contentUrl\":\"https:\/\/maryandthewax.com\/wp-content\/uploads\/2023\/10\/A2-014-MARE-TET-PINK-PRINCESS-FLOWERS-2M-PHOTO-1-min.jpg\",\"width\":1920,\"height\":1916},{\"@type\":\"BreadcrumbList\",\"@id\":\"https:\/\/maryandthewax.com\/?product=maretet-pink-princess-flowers#breadcrumb\",\"itemListElement\":[{\"@type\":\"ListItem\",\"position\":1,\"name\":\"Accueil\",\"item\":\"https:\/\/maryandthewax.com\/\"},{\"@type\":\"ListItem\",\"position\":2,\"name\":\"Shop\",\"item\":\"https:\/\/maryandthewax.com\/?page_id=252790\"},{\"@type\":\"ListItem\",\"position\":3,\"name\":\"MARETET PINK PRINCESS FLOWERS\"}]},{\"@type\":\"WebSite\",\"@id\":\"https:\/\/maryandthewax.com\/#website\",\"url\":\"https:\/\/maryandthewax.com\/\",\"name\":\"maryandthewax.com\",\"description\":\"\",\"publisher\":{\"@id\":\"https:\/\/maryandthewax.com\/#organization\"},\"potentialAction\":[{\"@type\":\"SearchAction\",\"target\":{\"@type\":\"EntryPoint\",\"urlTemplate\":\"https:\/\/maryandthewax.com\/?s={search_term_string}\"},\"query-input\":{\"@type\":\"PropertyValueSpecification\",\"valueRequired\":true,\"valueName\":\"search_term_string\"}}],\"inLanguage\":\"fr-FR\"},{\"@type\":\"Organization\",\"@id\":\"https:\/\/maryandthewax.com\/#organization\",\"name\":\"maryandthewax.com\",\"url\":\"https:\/\/maryandthewax.com\/\",\"logo\":{\"@type\":\"ImageObject\",\"inLanguage\":\"fr-FR\",\"@id\":\"https:\/\/maryandthewax.com\/#\/schema\/logo\/image\/\",\"url\":\"https:\/\/maryandthewax.com\/wp-content\/uploads\/2023\/11\/LOGO-MATW-THE-WC-ROND-COULEUR-1080x1080-1.jpg\",\"contentUrl\":\"https:\/\/maryandthewax.com\/wp-content\/uploads\/2023\/11\/LOGO-MATW-THE-WC-ROND-COULEUR-1080x1080-1.jpg\",\"width\":1080,\"height\":1080,\"caption\":\"maryandthewax.com\"},\"image\":{\"@id\":\"https:\/\/maryandthewax.com\/#\/schema\/logo\/image\/\"},\"sameAs\":[\"https:\/\/www.instagram.com\/maryandthewax\/\"]}]}<\/script>\n<!-- \/ Yoast SEO plugin. -->","yoast_head_json":{"title":"MARETET PINK PRINCESS FLOWERS - maryandthewax.com","robots":{"index":"index","follow":"follow","max-snippet":"max-snippet:-1","max-image-preview":"max-image-preview:large","max-video-preview":"max-video-preview:-1"},"canonical":"https:\/\/maryandthewax.com\/?product=maretet-pink-princess-flowers","og_locale":"fr_FR","og_type":"article","og_title":"MARETET PINK PRINCESS FLOWERS - maryandthewax.com","og_description":"Le mar\u00e9t\u00e8t est un foulard de t\u00eate rectangulaire permettant l\u2019attache \u00e9l\u00e9gante des cheveux. Il trouve son origine \u00e0 la fin du 18\u00e8me si\u00e8cle. En Louisiane, \u00e0 travers la loi TIGNON, ils tent\u00e8rent de maintenir visible les \u00e9carts entre classes sociales en imposant aux esclaves affranchies de cacher leurs cheveux. Ainsi les femmes noires libres nouaient un foulard pour masquer leurs cheveux.\u00a0 Elles firent de cette contrainte un atout en en faisant un v\u00e9ritable accessoire de leur tenue. Aux Antilles, les foulards de t\u00eate, souvent en Madras, ont signifi\u00e9 selon le nombre de pointes r\u00e9alis\u00e9es sur la coiffe un statut ou \u00e9tat sentimental de la femme qui le portait\u00a0: c\u0153ur \u00e0 prendre ou pris, femme mari\u00e9e voire susceptible de prendre des amants\u00a0! Les techniques d\u2019attache sont nombreuses. Mary propose deux formats (M\u00e9dium ou Large) permettant un large choix d\u2019attaches, partielles ou compl\u00e8tes, de la t\u00eate. Ce joli accessoire pour les cheveux est disponible dans de nombreux imprim\u00e9s Wax s\u00e9lectionn\u00e9s par Mary. Votre mar\u00e9t\u00e8t CABEWAX est un accessoire du quotidien ou de vos occasions sp\u00e9ciales. Il sera un v\u00e9ritable atout pratique et styl\u00e9 pour rehausser votre tenue. Fait main dans l\u2019atelier de Mary, ce foulard est fabriqu\u00e9 en tr\u00e8s petite quantit\u00e9 voire en mod\u00e8le unique. La position du motif peut varier selon le mod\u00e8le","og_url":"https:\/\/maryandthewax.com\/?product=maretet-pink-princess-flowers","og_site_name":"maryandthewax.com","article_modified_time":"2024-01-05T08:00:15+00:00","og_image":[{"width":1920,"height":1916,"url":"https:\/\/maryandthewax.com\/wp-content\/uploads\/2023\/10\/A2-014-MARE-TET-PINK-PRINCESS-FLOWERS-2M-PHOTO-1-min.jpg","type":"image\/jpeg"}],"twitter_card":"summary_large_image","twitter_misc":{"Dur\u00e9e de lecture estim\u00e9e":"1 minute"},"schema":{"@context":"https:\/\/schema.org","@graph":[{"@type":"WebPage","@id":"https:\/\/maryandthewax.com\/?product=maretet-pink-princess-flowers","url":"https:\/\/maryandthewax.com\/?product=maretet-pink-princess-flowers","name":"MARETET PINK PRINCESS FLOWERS - maryandthewax.com","isPartOf":{"@id":"https:\/\/maryandthewax.com\/#website"},"primaryImageOfPage":{"@id":"https:\/\/maryandthewax.com\/?product=maretet-pink-princess-flowers#primaryimage"},"image":{"@id":"https:\/\/maryandthewax.com\/?product=maretet-pink-princess-flowers#primaryimage"},"thumbnailUrl":"https:\/\/maryandthewax.com\/wp-content\/uploads\/2023\/10\/A2-014-MARE-TET-PINK-PRINCESS-FLOWERS-2M-PHOTO-1-min.jpg","datePublished":"2023-10-22T23:18:45+00:00","dateModified":"2024-01-05T08:00:15+00:00","breadcrumb":{"@id":"https:\/\/maryandthewax.com\/?product=maretet-pink-princess-flowers#breadcrumb"},"inLanguage":"fr-FR","potentialAction":[{"@type":"ReadAction","target":["https:\/\/maryandthewax.com\/?product=maretet-pink-princess-flowers"]}]},{"@type":"ImageObject","inLanguage":"fr-FR","@id":"https:\/\/maryandthewax.com\/?product=maretet-pink-princess-flowers#primaryimage","url":"https:\/\/maryandthewax.com\/wp-content\/uploads\/2023\/10\/A2-014-MARE-TET-PINK-PRINCESS-FLOWERS-2M-PHOTO-1-min.jpg","contentUrl":"https:\/\/maryandthewax.com\/wp-content\/uploads\/2023\/10\/A2-014-MARE-TET-PINK-PRINCESS-FLOWERS-2M-PHOTO-1-min.jpg","width":1920,"height":1916},{"@type":"BreadcrumbList","@id":"https:\/\/maryandthewax.com\/?product=maretet-pink-princess-flowers#breadcrumb","itemListElement":[{"@type":"ListItem","position":1,"name":"Accueil","item":"https:\/\/maryandthewax.com\/"},{"@type":"ListItem","position":2,"name":"Shop","item":"https:\/\/maryandthewax.com\/?page_id=252790"},{"@type":"ListItem","position":3,"name":"MARETET PINK PRINCESS FLOWERS"}]},{"@type":"WebSite","@id":"https:\/\/maryandthewax.com\/#website","url":"https:\/\/maryandthewax.com\/","name":"maryandthewax.com","description":"","publisher":{"@id":"https:\/\/maryandthewax.com\/#organization"},"potentialAction":[{"@type":"SearchAction","target":{"@type":"EntryPoint","urlTemplate":"https:\/\/maryandthewax.com\/?s={search_term_string}"},"query-input":{"@type":"PropertyValueSpecification","valueRequired":true,"valueName":"search_term_string"}}],"inLanguage":"fr-FR"},{"@type":"Organization","@id":"https:\/\/maryandthewax.com\/#organization","name":"maryandthewax.com","url":"https:\/\/maryandthewax.com\/","logo":{"@type":"ImageObject","inLanguage":"fr-FR","@id":"https:\/\/maryandthewax.com\/#\/schema\/logo\/image\/","url":"https:\/\/maryandthewax.com\/wp-content\/uploads\/2023\/11\/LOGO-MATW-THE-WC-ROND-COULEUR-1080x1080-1.jpg","contentUrl":"https:\/\/maryandthewax.com\/wp-content\/uploads\/2023\/11\/LOGO-MATW-THE-WC-ROND-COULEUR-1080x1080-1.jpg","width":1080,"height":1080,"caption":"maryandthewax.com"},"image":{"@id":"https:\/\/maryandthewax.com\/#\/schema\/logo\/image\/"},"sameAs":["https:\/\/www.instagram.com\/maryandthewax\/"]}]}},"_links":{"self":[{"href":"https:\/\/maryandthewax.com\/index.php?rest_route=\/wp\/v2\/product\/257522","targetHints":{"allow":["GET"]}}],"collection":[{"href":"https:\/\/maryandthewax.com\/index.php?rest_route=\/wp\/v2\/product"}],"about":[{"href":"https:\/\/maryandthewax.com\/index.php?rest_route=\/wp\/v2\/types\/product"}],"replies":[{"embeddable":true,"href":"https:\/\/maryandthewax.com\/index.php?rest_route=%2Fwp%2Fv2%2Fcomments&post=257522"}],"wp:featuredmedia":[{"embeddable":true,"href":"https:\/\/maryandthewax.com\/index.php?rest_route=\/wp\/v2\/media\/257440"}],"wp:attachment":[{"href":"https:\/\/maryandthewax.com\/index.php?rest_route=%2Fwp%2Fv2%2Fmedia&parent=257522"}],"wp:term":[{"taxonomy":"product_cat","embeddable":true,"href":"https:\/\/maryandthewax.com\/index.php?rest_route=%2Fwp%2Fv2%2Fproduct_cat&post=257522"},{"taxonomy":"product_tag","embeddable":true,"href":"https:\/\/maryandthewax.com\/index.php?rest_route=%2Fwp%2Fv2%2Fproduct_tag&post=257522"}],"curies":[{"name":"wp","href":"https:\/\/api.w.org\/{rel}","templated":true}]}}