{"id":257341,"date":"2023-10-20T10:34:41","date_gmt":"2023-10-20T14:34:41","guid":{"rendered":"https:\/\/maryandthewax.com\/?post_type=product&#038;p=257341"},"modified":"2024-01-05T05:24:51","modified_gmt":"2024-01-05T09:24:51","slug":"jupe-courte-froncee-sage","status":"publish","type":"product","link":"https:\/\/maryandthewax.com\/?product=jupe-courte-froncee-sage","title":{"rendered":"Jupes ABIDJAN"},"content":{"rendered":"<p class=\"p1\">Il y a des classiques \u00e0 avoir dans sa garde-robe. La jupe en wax en fait partie. Fondez pour une jupe ajust\u00e9e \u00e0 votre taille dans le tissu que vous souhaitez. Mary vous propose une large s\u00e9lection de tissus wax pour votre bonheur.<span class=\"Apple-converted-space\">\u00a0<\/span><\/p>\n<p class=\"p1\">La jupe ABIDJAN est une jupe fronc\u00e9e courte (au-dessus du genoux) avec une large ceinture marquant \u00e9l\u00e9gamment votre taille. Sa fermeture \u00e9clair au dos vous permettra de l\u2019enfiler en un clin d\u2019\u0153il. Avec ou sans poches, associ\u00e9e \u00e0 un chemisier, un d\u00e9bardeur ou le top \u00e0 nouer MAREKOW, elle s\u2019impose avec originalit\u00e9 dans vos occasions les plus formelles comme les plus d\u00e9contract\u00e9es.<span class=\"Apple-converted-space\">\u00a0<\/span><\/p>\n<p class=\"p1\">Fait main dans l\u2019atelier de Mary, votre jupe ABIDJAN est fabriqu\u00e9e en mod\u00e8le unique \u00e0 vos mesures sur <span class=\"s1\"><b>commande<\/b><\/span>.<\/p>\n<p class=\"p1\">Vous trouverez votre bonheur en passant <span class=\"s1\"><b>commande <\/b><\/span>dans l\u2019onglet \u00ab\u00a0sur commande\u00a0\u00bb en indiquant votre souhait.<span class=\"Apple-converted-space\">\u00a0<\/span><\/p>\n","protected":false},"excerpt":{"rendered":"<p class=\"p1\">Il y a des classiques \u00e0 avoir dans sa garde-robe. La jupe en wax en fait partie. Fondez pour une jupe ajust\u00e9e \u00e0 votre taille dans le tissu que vous souhaitez. Mary vous propose une large s\u00e9lection de tissus wax pour votre bonheur.<span class=\"Apple-converted-space\">\u00a0<\/span><\/p>\n<p class=\"p1\">La jupe ABIDJAN est une jupe fronc\u00e9e courte (au-dessus du genoux) avec une large ceinture marquant \u00e9l\u00e9gamment votre taille. Sa fermeture \u00e9clair au dos vous permettra de l\u2019enfiler en un clin d\u2019\u0153il. Avec ou sans poches, associ\u00e9e \u00e0 un chemisier, un d\u00e9bardeur ou le top \u00e0 nouer MAREKOW, elle s\u2019impose avec originalit\u00e9 dans vos occasions les plus formelles comme les plus d\u00e9contract\u00e9es.<span class=\"Apple-converted-space\">\u00a0<\/span><\/p>\n<p class=\"p1\">Fait main dans l\u2019atelier de Mary, votre jupe ABIDJAN est fabriqu\u00e9e en mod\u00e8le unique \u00e0 vos mesures sur <span class=\"s1\"><b>commande<\/b><\/span>.<\/p>\n<p class=\"p1\">Vous trouverez votre bonheur en passant <span class=\"s1\"><b>commande <\/b><\/span>dans l\u2019onglet \u00ab\u00a0sur commande\u00a0\u00bb en indiquant votre souhait.<span class=\"Apple-converted-space\">\u00a0<\/span><\/p>\n","protected":false},"featured_media":257347,"comment_status":"open","ping_status":"closed","template":"","meta":{"_acf_changed":false,"_et_pb_use_builder":"off","_et_pb_old_content":"<p class=\"p1\">Ce porte cl\u00e9 vous accompagnera partout. Ses couleurs vives en feront un atout ind\u00e9niable pour rep\u00e9rer vos pr\u00e9cieuses cl\u00e9s que vous ne trouvez jamais. Il pourra \u00e9galement agr\u00e9menter vos sacs tel un bijou mais aussi les sacs et cartables des plus petits. Offert, il vous permettra de faire passer les messages les plus inattendus. Un petit canard pour les canailles ou un c\u0153ur pour d\u00e9clarer vos sentiments, il peut faire tout cela \u00e0 la fois.<\/p>\r\n<p class=\"p1\">Son rembourrage made in France est dense. Il suffit de lui enlever son anneau ou mousqueton pour le laver. Il vous accompagnera dans votre quotidien ou dans vos occasions sp\u00e9ciales et vous permettra de rep\u00e9rer vos sacs et accessoires en un coup d\u2019\u0153il. Finitions soign\u00e9es et couleurs originales sont \u00e9galement ses atouts majeurs.<\/p>\r\n<p class=\"p1\">Fait main dans l\u2019atelier de Mary, ce porte cl\u00e9 est fabriqu\u00e9 en tr\u00e8s petite quantit\u00e9 voire en mod\u00e8le unique. La position du motif peut varier selon le mod\u00e8le.<\/p>","_et_gb_content_width":""},"product_cat":[73,31],"product_tag":[],"class_list":{"0":"post-257341","1":"product","2":"type-product","3":"status-publish","4":"has-post-thumbnail","6":"product_cat-jupes-abidjan","7":"product_cat-pret-a-porter","9":"first","10":"instock","11":"purchasable","12":"product-type-variable"},"acf":[],"yoast_head":"<!-- This site is optimized with the Yoast SEO plugin v27.1.1 - https:\/\/yoast.com\/product\/yoast-seo-wordpress\/ -->\n<title>Jupes ABIDJAN - maryandthewax.com<\/title>\n<meta name=\"robots\" content=\"index, follow, max-snippet:-1, max-image-preview:large, max-video-preview:-1\" \/>\n<link rel=\"canonical\" href=\"https:\/\/maryandthewax.com\/?product=jupe-courte-froncee-sage\" \/>\n<meta property=\"og:locale\" content=\"fr_FR\" \/>\n<meta property=\"og:type\" content=\"article\" \/>\n<meta property=\"og:title\" content=\"Jupes ABIDJAN - maryandthewax.com\" \/>\n<meta property=\"og:description\" content=\"Il y a des classiques \u00e0 avoir dans sa garde-robe. La jupe en wax en fait partie. Fondez pour une jupe ajust\u00e9e \u00e0 votre taille dans le tissu que vous souhaitez. Mary vous propose une large s\u00e9lection de tissus wax pour votre bonheur.\u00a0 La jupe ABIDJAN est une jupe fronc\u00e9e courte (au-dessus du genoux) avec une large ceinture marquant \u00e9l\u00e9gamment votre taille. Sa fermeture \u00e9clair au dos vous permettra de l\u2019enfiler en un clin d\u2019\u0153il. Avec ou sans poches, associ\u00e9e \u00e0 un chemisier, un d\u00e9bardeur ou le top \u00e0 nouer MAREKOW, elle s\u2019impose avec originalit\u00e9 dans vos occasions les plus formelles comme les plus d\u00e9contract\u00e9es.\u00a0 Fait main dans l\u2019atelier de Mary, votre jupe ABIDJAN est fabriqu\u00e9e en mod\u00e8le unique \u00e0 vos mesures sur commande. Vous trouverez votre bonheur en passant commande dans l\u2019onglet \u00ab\u00a0sur commande\u00a0\u00bb en indiquant votre souhait.\u00a0\" \/>\n<meta property=\"og:url\" content=\"https:\/\/maryandthewax.com\/?product=jupe-courte-froncee-sage\" \/>\n<meta property=\"og:site_name\" content=\"maryandthewax.com\" \/>\n<meta property=\"article:modified_time\" content=\"2024-01-05T09:24:51+00:00\" \/>\n<meta property=\"og:image\" content=\"https:\/\/maryandthewax.com\/wp-content\/uploads\/2023\/10\/4.jpg\" \/>\n\t<meta property=\"og:image:width\" content=\"300\" \/>\n\t<meta property=\"og:image:height\" content=\"300\" \/>\n\t<meta property=\"og:image:type\" content=\"image\/jpeg\" \/>\n<meta name=\"twitter:card\" content=\"summary_large_image\" \/>\n<meta name=\"twitter:label1\" content=\"Dur\u00e9e de lecture estim\u00e9e\" \/>\n\t<meta name=\"twitter:data1\" content=\"1 minute\" \/>\n<script type=\"application\/ld+json\" class=\"yoast-schema-graph\">{\"@context\":\"https:\/\/schema.org\",\"@graph\":[{\"@type\":\"WebPage\",\"@id\":\"https:\/\/maryandthewax.com\/?product=jupe-courte-froncee-sage\",\"url\":\"https:\/\/maryandthewax.com\/?product=jupe-courte-froncee-sage\",\"name\":\"Jupes ABIDJAN - maryandthewax.com\",\"isPartOf\":{\"@id\":\"https:\/\/maryandthewax.com\/#website\"},\"primaryImageOfPage\":{\"@id\":\"https:\/\/maryandthewax.com\/?product=jupe-courte-froncee-sage#primaryimage\"},\"image\":{\"@id\":\"https:\/\/maryandthewax.com\/?product=jupe-courte-froncee-sage#primaryimage\"},\"thumbnailUrl\":\"https:\/\/maryandthewax.com\/wp-content\/uploads\/2023\/10\/4.jpg\",\"datePublished\":\"2023-10-20T14:34:41+00:00\",\"dateModified\":\"2024-01-05T09:24:51+00:00\",\"breadcrumb\":{\"@id\":\"https:\/\/maryandthewax.com\/?product=jupe-courte-froncee-sage#breadcrumb\"},\"inLanguage\":\"fr-FR\",\"potentialAction\":[{\"@type\":\"ReadAction\",\"target\":[\"https:\/\/maryandthewax.com\/?product=jupe-courte-froncee-sage\"]}]},{\"@type\":\"ImageObject\",\"inLanguage\":\"fr-FR\",\"@id\":\"https:\/\/maryandthewax.com\/?product=jupe-courte-froncee-sage#primaryimage\",\"url\":\"https:\/\/maryandthewax.com\/wp-content\/uploads\/2023\/10\/4.jpg\",\"contentUrl\":\"https:\/\/maryandthewax.com\/wp-content\/uploads\/2023\/10\/4.jpg\",\"width\":300,\"height\":300},{\"@type\":\"BreadcrumbList\",\"@id\":\"https:\/\/maryandthewax.com\/?product=jupe-courte-froncee-sage#breadcrumb\",\"itemListElement\":[{\"@type\":\"ListItem\",\"position\":1,\"name\":\"Accueil\",\"item\":\"https:\/\/maryandthewax.com\/\"},{\"@type\":\"ListItem\",\"position\":2,\"name\":\"Shop\",\"item\":\"https:\/\/maryandthewax.com\/?page_id=252790\"},{\"@type\":\"ListItem\",\"position\":3,\"name\":\"Jupes ABIDJAN\"}]},{\"@type\":\"WebSite\",\"@id\":\"https:\/\/maryandthewax.com\/#website\",\"url\":\"https:\/\/maryandthewax.com\/\",\"name\":\"maryandthewax.com\",\"description\":\"\",\"publisher\":{\"@id\":\"https:\/\/maryandthewax.com\/#organization\"},\"potentialAction\":[{\"@type\":\"SearchAction\",\"target\":{\"@type\":\"EntryPoint\",\"urlTemplate\":\"https:\/\/maryandthewax.com\/?s={search_term_string}\"},\"query-input\":{\"@type\":\"PropertyValueSpecification\",\"valueRequired\":true,\"valueName\":\"search_term_string\"}}],\"inLanguage\":\"fr-FR\"},{\"@type\":\"Organization\",\"@id\":\"https:\/\/maryandthewax.com\/#organization\",\"name\":\"maryandthewax.com\",\"url\":\"https:\/\/maryandthewax.com\/\",\"logo\":{\"@type\":\"ImageObject\",\"inLanguage\":\"fr-FR\",\"@id\":\"https:\/\/maryandthewax.com\/#\/schema\/logo\/image\/\",\"url\":\"https:\/\/maryandthewax.com\/wp-content\/uploads\/2023\/11\/LOGO-MATW-THE-WC-ROND-COULEUR-1080x1080-1.jpg\",\"contentUrl\":\"https:\/\/maryandthewax.com\/wp-content\/uploads\/2023\/11\/LOGO-MATW-THE-WC-ROND-COULEUR-1080x1080-1.jpg\",\"width\":1080,\"height\":1080,\"caption\":\"maryandthewax.com\"},\"image\":{\"@id\":\"https:\/\/maryandthewax.com\/#\/schema\/logo\/image\/\"},\"sameAs\":[\"https:\/\/www.instagram.com\/maryandthewax\/\"]}]}<\/script>\n<!-- \/ Yoast SEO plugin. -->","yoast_head_json":{"title":"Jupes ABIDJAN - maryandthewax.com","robots":{"index":"index","follow":"follow","max-snippet":"max-snippet:-1","max-image-preview":"max-image-preview:large","max-video-preview":"max-video-preview:-1"},"canonical":"https:\/\/maryandthewax.com\/?product=jupe-courte-froncee-sage","og_locale":"fr_FR","og_type":"article","og_title":"Jupes ABIDJAN - maryandthewax.com","og_description":"Il y a des classiques \u00e0 avoir dans sa garde-robe. La jupe en wax en fait partie. Fondez pour une jupe ajust\u00e9e \u00e0 votre taille dans le tissu que vous souhaitez. Mary vous propose une large s\u00e9lection de tissus wax pour votre bonheur.\u00a0 La jupe ABIDJAN est une jupe fronc\u00e9e courte (au-dessus du genoux) avec une large ceinture marquant \u00e9l\u00e9gamment votre taille. Sa fermeture \u00e9clair au dos vous permettra de l\u2019enfiler en un clin d\u2019\u0153il. Avec ou sans poches, associ\u00e9e \u00e0 un chemisier, un d\u00e9bardeur ou le top \u00e0 nouer MAREKOW, elle s\u2019impose avec originalit\u00e9 dans vos occasions les plus formelles comme les plus d\u00e9contract\u00e9es.\u00a0 Fait main dans l\u2019atelier de Mary, votre jupe ABIDJAN est fabriqu\u00e9e en mod\u00e8le unique \u00e0 vos mesures sur commande. Vous trouverez votre bonheur en passant commande dans l\u2019onglet \u00ab\u00a0sur commande\u00a0\u00bb en indiquant votre souhait.\u00a0","og_url":"https:\/\/maryandthewax.com\/?product=jupe-courte-froncee-sage","og_site_name":"maryandthewax.com","article_modified_time":"2024-01-05T09:24:51+00:00","og_image":[{"width":300,"height":300,"url":"https:\/\/maryandthewax.com\/wp-content\/uploads\/2023\/10\/4.jpg","type":"image\/jpeg"}],"twitter_card":"summary_large_image","twitter_misc":{"Dur\u00e9e de lecture estim\u00e9e":"1 minute"},"schema":{"@context":"https:\/\/schema.org","@graph":[{"@type":"WebPage","@id":"https:\/\/maryandthewax.com\/?product=jupe-courte-froncee-sage","url":"https:\/\/maryandthewax.com\/?product=jupe-courte-froncee-sage","name":"Jupes ABIDJAN - maryandthewax.com","isPartOf":{"@id":"https:\/\/maryandthewax.com\/#website"},"primaryImageOfPage":{"@id":"https:\/\/maryandthewax.com\/?product=jupe-courte-froncee-sage#primaryimage"},"image":{"@id":"https:\/\/maryandthewax.com\/?product=jupe-courte-froncee-sage#primaryimage"},"thumbnailUrl":"https:\/\/maryandthewax.com\/wp-content\/uploads\/2023\/10\/4.jpg","datePublished":"2023-10-20T14:34:41+00:00","dateModified":"2024-01-05T09:24:51+00:00","breadcrumb":{"@id":"https:\/\/maryandthewax.com\/?product=jupe-courte-froncee-sage#breadcrumb"},"inLanguage":"fr-FR","potentialAction":[{"@type":"ReadAction","target":["https:\/\/maryandthewax.com\/?product=jupe-courte-froncee-sage"]}]},{"@type":"ImageObject","inLanguage":"fr-FR","@id":"https:\/\/maryandthewax.com\/?product=jupe-courte-froncee-sage#primaryimage","url":"https:\/\/maryandthewax.com\/wp-content\/uploads\/2023\/10\/4.jpg","contentUrl":"https:\/\/maryandthewax.com\/wp-content\/uploads\/2023\/10\/4.jpg","width":300,"height":300},{"@type":"BreadcrumbList","@id":"https:\/\/maryandthewax.com\/?product=jupe-courte-froncee-sage#breadcrumb","itemListElement":[{"@type":"ListItem","position":1,"name":"Accueil","item":"https:\/\/maryandthewax.com\/"},{"@type":"ListItem","position":2,"name":"Shop","item":"https:\/\/maryandthewax.com\/?page_id=252790"},{"@type":"ListItem","position":3,"name":"Jupes ABIDJAN"}]},{"@type":"WebSite","@id":"https:\/\/maryandthewax.com\/#website","url":"https:\/\/maryandthewax.com\/","name":"maryandthewax.com","description":"","publisher":{"@id":"https:\/\/maryandthewax.com\/#organization"},"potentialAction":[{"@type":"SearchAction","target":{"@type":"EntryPoint","urlTemplate":"https:\/\/maryandthewax.com\/?s={search_term_string}"},"query-input":{"@type":"PropertyValueSpecification","valueRequired":true,"valueName":"search_term_string"}}],"inLanguage":"fr-FR"},{"@type":"Organization","@id":"https:\/\/maryandthewax.com\/#organization","name":"maryandthewax.com","url":"https:\/\/maryandthewax.com\/","logo":{"@type":"ImageObject","inLanguage":"fr-FR","@id":"https:\/\/maryandthewax.com\/#\/schema\/logo\/image\/","url":"https:\/\/maryandthewax.com\/wp-content\/uploads\/2023\/11\/LOGO-MATW-THE-WC-ROND-COULEUR-1080x1080-1.jpg","contentUrl":"https:\/\/maryandthewax.com\/wp-content\/uploads\/2023\/11\/LOGO-MATW-THE-WC-ROND-COULEUR-1080x1080-1.jpg","width":1080,"height":1080,"caption":"maryandthewax.com"},"image":{"@id":"https:\/\/maryandthewax.com\/#\/schema\/logo\/image\/"},"sameAs":["https:\/\/www.instagram.com\/maryandthewax\/"]}]}},"_links":{"self":[{"href":"https:\/\/maryandthewax.com\/index.php?rest_route=\/wp\/v2\/product\/257341","targetHints":{"allow":["GET"]}}],"collection":[{"href":"https:\/\/maryandthewax.com\/index.php?rest_route=\/wp\/v2\/product"}],"about":[{"href":"https:\/\/maryandthewax.com\/index.php?rest_route=\/wp\/v2\/types\/product"}],"replies":[{"embeddable":true,"href":"https:\/\/maryandthewax.com\/index.php?rest_route=%2Fwp%2Fv2%2Fcomments&post=257341"}],"wp:featuredmedia":[{"embeddable":true,"href":"https:\/\/maryandthewax.com\/index.php?rest_route=\/wp\/v2\/media\/257347"}],"wp:attachment":[{"href":"https:\/\/maryandthewax.com\/index.php?rest_route=%2Fwp%2Fv2%2Fmedia&parent=257341"}],"wp:term":[{"taxonomy":"product_cat","embeddable":true,"href":"https:\/\/maryandthewax.com\/index.php?rest_route=%2Fwp%2Fv2%2Fproduct_cat&post=257341"},{"taxonomy":"product_tag","embeddable":true,"href":"https:\/\/maryandthewax.com\/index.php?rest_route=%2Fwp%2Fv2%2Fproduct_tag&post=257341"}],"curies":[{"name":"wp","href":"https:\/\/api.w.org\/{rel}","templated":true}]}}