{"id":257321,"date":"2023-10-20T10:07:59","date_gmt":"2023-10-20T14:07:59","guid":{"rendered":"https:\/\/maryandthewax.com\/?post_type=product&#038;p=257321"},"modified":"2024-01-05T05:42:34","modified_gmt":"2024-01-05T09:42:34","slug":"livre-dor","status":"publish","type":"product","link":"https:\/\/maryandthewax.com\/?product=livre-dor","title":{"rendered":"Livres d&#8217;Or"},"content":{"rendered":"<p class=\"p1\">Une occasion sp\u00e9ciale\u00a0? Vous souhaitez mettre \u00e0 disposition de vos invit\u00e9s un livre d\u2019Or\u00a0sap\u00e9 en wax\u00a0? C\u2019est possible\u00a0! Une cr\u00e9ation que Mary propose <span class=\"s1\"><b>sur commande<\/b><\/span>.<span class=\"Apple-converted-space\">\u00a0<\/span><\/p>\n<p class=\"p1\">Mary a choisi les carnets de la marque CANSON. Marque europ\u00e9enne d\u2019origine fran\u00e7aise cr\u00e9\u00e9e en 1557, CANSON est une des plus grandes sp\u00e9cialistes de la fabrication du papier de haute qualit\u00e9. Connue pour son papier d\u00e9dier aux dessins artistiques, cette marque est reconnue wordwide pour sa qualit\u00e9, ses finitions irr\u00e9prochables issues d\u2019un v\u00e9ritable savoir-faire papetier.<span class=\"Apple-converted-space\">\u00a0 <\/span>Le mod\u00e8le propos\u00e9 est dans un format large (27,9cm x 35,6cm). Il comporte 192 pages de papier canson blanc naturel (100g\/m<span class=\"s2\"><sup>2<\/sup><\/span>). Sa couverture rigide lui conf\u00e8re une meilleure tenue et dur\u00e9e dans le temps. <span class=\"Apple-converted-space\">\u00a0<\/span><\/p>\n<p class=\"p1\">Mary vous propose un habillage permanent en Wax v\u00e9ritable. Vous pouvez choisir le tissu qui vous ressemble ou qui marquera vos convives pour l\u2019occasion retenue.<span class=\"Apple-converted-space\">\u00a0<\/span><\/p>\n<p class=\"p1\">Fait main dans l\u2019atelier de Mary, ce livre d\u2019or sap\u00e9 est fabriqu\u00e9 en mod\u00e8le unique sur commande.<\/p>\n<p class=\"p1\">Vous trouverez votre bonheur en passant <span class=\"s1\"><b>commande <\/b><\/span>dans l\u2019onglet \u00ab\u00a0sur commande\u00a0\u00bb en indiquant votre souhait.<span class=\"Apple-converted-space\">\u00a0<\/span><\/p>\n","protected":false},"excerpt":{"rendered":"<p class=\"p1\">Une occasion sp\u00e9ciale\u00a0? Vous souhaitez mettre \u00e0 disposition de vos invit\u00e9s un livre d\u2019Or\u00a0sap\u00e9 en wax\u00a0? C\u2019est possible\u00a0! Une cr\u00e9ation que Mary propose <span class=\"s1\"><b>sur commande<\/b><\/span>.<span class=\"Apple-converted-space\">\u00a0<\/span><\/p>\n<p class=\"p1\">Mary a choisi les carnets de la marque CANSON. Marque europ\u00e9enne d\u2019origine fran\u00e7aise cr\u00e9\u00e9e en 1557, CANSON est une des plus grandes sp\u00e9cialistes de la fabrication du papier de haute qualit\u00e9. Connue pour son papier d\u00e9dier aux dessins artistiques, cette marque est reconnue wordwide pour sa qualit\u00e9, ses finitions irr\u00e9prochables issues d\u2019un v\u00e9ritable savoir-faire papetier.<span class=\"Apple-converted-space\">\u00a0 <\/span>Le mod\u00e8le propos\u00e9 est dans un format large (27,9cm x 35,6cm). Il comporte 192 pages de papier canson blanc naturel (100g\/m<span class=\"s2\"><sup>2<\/sup><\/span>). Sa couverture rigide lui conf\u00e8re une meilleure tenue et dur\u00e9e dans le temps. <span class=\"Apple-converted-space\">\u00a0<\/span><\/p>\n<p class=\"p1\">Mary vous propose un habillage permanent en Wax v\u00e9ritable. Vous pouvez choisir le tissu qui vous ressemble ou qui marquera vos convives pour l\u2019occasion retenue.<span class=\"Apple-converted-space\">\u00a0<\/span><\/p>\n<p class=\"p1\">Fait main dans l\u2019atelier de Mary, ce livre d\u2019or sap\u00e9 est fabriqu\u00e9 en mod\u00e8le unique sur commande.<\/p>\n<p class=\"p1\">Vous trouverez votre bonheur en passant <span class=\"s1\"><b>commande <\/b><\/span>dans l\u2019onglet \u00ab\u00a0sur commande\u00a0\u00bb en indiquant votre souhait.<span class=\"Apple-converted-space\">\u00a0<\/span><\/p>\n","protected":false},"featured_media":257325,"comment_status":"open","ping_status":"closed","template":"","meta":{"_acf_changed":false,"_et_pb_use_builder":"off","_et_pb_old_content":"<p class=\"p1\">Ce porte cl\u00e9 vous accompagnera partout. Ses couleurs vives en feront un atout ind\u00e9niable pour rep\u00e9rer vos pr\u00e9cieuses cl\u00e9s que vous ne trouvez jamais. Il pourra \u00e9galement agr\u00e9menter vos sacs tel un bijou mais aussi les sacs et cartables des plus petits. Offert, il vous permettra de faire passer les messages les plus inattendus. Un petit canard pour les canailles ou un c\u0153ur pour d\u00e9clarer vos sentiments, il peut faire tout cela \u00e0 la fois.<\/p>\r\n<p class=\"p1\">Son rembourrage made in France est dense. Il suffit de lui enlever son anneau ou mousqueton pour le laver. Il vous accompagnera dans votre quotidien ou dans vos occasions sp\u00e9ciales et vous permettra de rep\u00e9rer vos sacs et accessoires en un coup d\u2019\u0153il. Finitions soign\u00e9es et couleurs originales sont \u00e9galement ses atouts majeurs.<\/p>\r\n<p class=\"p1\">Fait main dans l\u2019atelier de Mary, ce porte cl\u00e9 est fabriqu\u00e9 en tr\u00e8s petite quantit\u00e9 voire en mod\u00e8le unique. La position du motif peut varier selon le mod\u00e8le.<\/p>","_et_gb_content_width":""},"product_cat":[99,30],"product_tag":[],"class_list":{"0":"post-257321","1":"product","2":"type-product","3":"status-publish","4":"has-post-thumbnail","6":"product_cat-livre-dor","7":"product_cat-papeterie","9":"first","10":"instock","11":"purchasable","12":"product-type-simple"},"acf":[],"yoast_head":"<!-- This site is optimized with the Yoast SEO plugin v27.1.1 - https:\/\/yoast.com\/product\/yoast-seo-wordpress\/ -->\n<title>Livres d&#039;Or - maryandthewax.com<\/title>\n<meta name=\"robots\" content=\"index, follow, max-snippet:-1, max-image-preview:large, max-video-preview:-1\" \/>\n<link rel=\"canonical\" href=\"https:\/\/maryandthewax.com\/?product=livre-dor\" \/>\n<meta property=\"og:locale\" content=\"fr_FR\" \/>\n<meta property=\"og:type\" content=\"article\" \/>\n<meta property=\"og:title\" content=\"Livres d&#039;Or - maryandthewax.com\" \/>\n<meta property=\"og:description\" content=\"Une occasion sp\u00e9ciale\u00a0? Vous souhaitez mettre \u00e0 disposition de vos invit\u00e9s un livre d\u2019Or\u00a0sap\u00e9 en wax\u00a0? C\u2019est possible\u00a0! Une cr\u00e9ation que Mary propose sur commande.\u00a0 Mary a choisi les carnets de la marque CANSON. Marque europ\u00e9enne d\u2019origine fran\u00e7aise cr\u00e9\u00e9e en 1557, CANSON est une des plus grandes sp\u00e9cialistes de la fabrication du papier de haute qualit\u00e9. Connue pour son papier d\u00e9dier aux dessins artistiques, cette marque est reconnue wordwide pour sa qualit\u00e9, ses finitions irr\u00e9prochables issues d\u2019un v\u00e9ritable savoir-faire papetier.\u00a0 Le mod\u00e8le propos\u00e9 est dans un format large (27,9cm x 35,6cm). Il comporte 192 pages de papier canson blanc naturel (100g\/m2). Sa couverture rigide lui conf\u00e8re une meilleure tenue et dur\u00e9e dans le temps. \u00a0 Mary vous propose un habillage permanent en Wax v\u00e9ritable. Vous pouvez choisir le tissu qui vous ressemble ou qui marquera vos convives pour l\u2019occasion retenue.\u00a0 Fait main dans l\u2019atelier de Mary, ce livre d\u2019or sap\u00e9 est fabriqu\u00e9 en mod\u00e8le unique sur commande. Vous trouverez votre bonheur en passant commande dans l\u2019onglet \u00ab\u00a0sur commande\u00a0\u00bb en indiquant votre souhait.\u00a0\" \/>\n<meta property=\"og:url\" content=\"https:\/\/maryandthewax.com\/?product=livre-dor\" \/>\n<meta property=\"og:site_name\" content=\"maryandthewax.com\" \/>\n<meta property=\"article:modified_time\" content=\"2024-01-05T09:42:34+00:00\" \/>\n<meta property=\"og:image\" content=\"https:\/\/maryandthewax.com\/wp-content\/uploads\/2023\/10\/12.jpg\" \/>\n\t<meta property=\"og:image:width\" content=\"300\" \/>\n\t<meta property=\"og:image:height\" content=\"300\" \/>\n\t<meta property=\"og:image:type\" content=\"image\/jpeg\" \/>\n<meta name=\"twitter:card\" content=\"summary_large_image\" \/>\n<meta name=\"twitter:label1\" content=\"Dur\u00e9e de lecture estim\u00e9e\" \/>\n\t<meta name=\"twitter:data1\" content=\"1 minute\" \/>\n<script type=\"application\/ld+json\" class=\"yoast-schema-graph\">{\"@context\":\"https:\/\/schema.org\",\"@graph\":[{\"@type\":\"WebPage\",\"@id\":\"https:\/\/maryandthewax.com\/?product=livre-dor\",\"url\":\"https:\/\/maryandthewax.com\/?product=livre-dor\",\"name\":\"Livres d'Or - maryandthewax.com\",\"isPartOf\":{\"@id\":\"https:\/\/maryandthewax.com\/#website\"},\"primaryImageOfPage\":{\"@id\":\"https:\/\/maryandthewax.com\/?product=livre-dor#primaryimage\"},\"image\":{\"@id\":\"https:\/\/maryandthewax.com\/?product=livre-dor#primaryimage\"},\"thumbnailUrl\":\"https:\/\/maryandthewax.com\/wp-content\/uploads\/2023\/10\/12.jpg\",\"datePublished\":\"2023-10-20T14:07:59+00:00\",\"dateModified\":\"2024-01-05T09:42:34+00:00\",\"breadcrumb\":{\"@id\":\"https:\/\/maryandthewax.com\/?product=livre-dor#breadcrumb\"},\"inLanguage\":\"fr-FR\",\"potentialAction\":[{\"@type\":\"ReadAction\",\"target\":[\"https:\/\/maryandthewax.com\/?product=livre-dor\"]}]},{\"@type\":\"ImageObject\",\"inLanguage\":\"fr-FR\",\"@id\":\"https:\/\/maryandthewax.com\/?product=livre-dor#primaryimage\",\"url\":\"https:\/\/maryandthewax.com\/wp-content\/uploads\/2023\/10\/12.jpg\",\"contentUrl\":\"https:\/\/maryandthewax.com\/wp-content\/uploads\/2023\/10\/12.jpg\",\"width\":300,\"height\":300},{\"@type\":\"BreadcrumbList\",\"@id\":\"https:\/\/maryandthewax.com\/?product=livre-dor#breadcrumb\",\"itemListElement\":[{\"@type\":\"ListItem\",\"position\":1,\"name\":\"Accueil\",\"item\":\"https:\/\/maryandthewax.com\/\"},{\"@type\":\"ListItem\",\"position\":2,\"name\":\"Shop\",\"item\":\"https:\/\/maryandthewax.com\/?page_id=252790\"},{\"@type\":\"ListItem\",\"position\":3,\"name\":\"Livres d&#8217;Or\"}]},{\"@type\":\"WebSite\",\"@id\":\"https:\/\/maryandthewax.com\/#website\",\"url\":\"https:\/\/maryandthewax.com\/\",\"name\":\"maryandthewax.com\",\"description\":\"\",\"publisher\":{\"@id\":\"https:\/\/maryandthewax.com\/#organization\"},\"potentialAction\":[{\"@type\":\"SearchAction\",\"target\":{\"@type\":\"EntryPoint\",\"urlTemplate\":\"https:\/\/maryandthewax.com\/?s={search_term_string}\"},\"query-input\":{\"@type\":\"PropertyValueSpecification\",\"valueRequired\":true,\"valueName\":\"search_term_string\"}}],\"inLanguage\":\"fr-FR\"},{\"@type\":\"Organization\",\"@id\":\"https:\/\/maryandthewax.com\/#organization\",\"name\":\"maryandthewax.com\",\"url\":\"https:\/\/maryandthewax.com\/\",\"logo\":{\"@type\":\"ImageObject\",\"inLanguage\":\"fr-FR\",\"@id\":\"https:\/\/maryandthewax.com\/#\/schema\/logo\/image\/\",\"url\":\"https:\/\/maryandthewax.com\/wp-content\/uploads\/2023\/11\/LOGO-MATW-THE-WC-ROND-COULEUR-1080x1080-1.jpg\",\"contentUrl\":\"https:\/\/maryandthewax.com\/wp-content\/uploads\/2023\/11\/LOGO-MATW-THE-WC-ROND-COULEUR-1080x1080-1.jpg\",\"width\":1080,\"height\":1080,\"caption\":\"maryandthewax.com\"},\"image\":{\"@id\":\"https:\/\/maryandthewax.com\/#\/schema\/logo\/image\/\"},\"sameAs\":[\"https:\/\/www.instagram.com\/maryandthewax\/\"]}]}<\/script>\n<!-- \/ Yoast SEO plugin. -->","yoast_head_json":{"title":"Livres d'Or - maryandthewax.com","robots":{"index":"index","follow":"follow","max-snippet":"max-snippet:-1","max-image-preview":"max-image-preview:large","max-video-preview":"max-video-preview:-1"},"canonical":"https:\/\/maryandthewax.com\/?product=livre-dor","og_locale":"fr_FR","og_type":"article","og_title":"Livres d'Or - maryandthewax.com","og_description":"Une occasion sp\u00e9ciale\u00a0? Vous souhaitez mettre \u00e0 disposition de vos invit\u00e9s un livre d\u2019Or\u00a0sap\u00e9 en wax\u00a0? C\u2019est possible\u00a0! Une cr\u00e9ation que Mary propose sur commande.\u00a0 Mary a choisi les carnets de la marque CANSON. Marque europ\u00e9enne d\u2019origine fran\u00e7aise cr\u00e9\u00e9e en 1557, CANSON est une des plus grandes sp\u00e9cialistes de la fabrication du papier de haute qualit\u00e9. Connue pour son papier d\u00e9dier aux dessins artistiques, cette marque est reconnue wordwide pour sa qualit\u00e9, ses finitions irr\u00e9prochables issues d\u2019un v\u00e9ritable savoir-faire papetier.\u00a0 Le mod\u00e8le propos\u00e9 est dans un format large (27,9cm x 35,6cm). Il comporte 192 pages de papier canson blanc naturel (100g\/m2). Sa couverture rigide lui conf\u00e8re une meilleure tenue et dur\u00e9e dans le temps. \u00a0 Mary vous propose un habillage permanent en Wax v\u00e9ritable. Vous pouvez choisir le tissu qui vous ressemble ou qui marquera vos convives pour l\u2019occasion retenue.\u00a0 Fait main dans l\u2019atelier de Mary, ce livre d\u2019or sap\u00e9 est fabriqu\u00e9 en mod\u00e8le unique sur commande. Vous trouverez votre bonheur en passant commande dans l\u2019onglet \u00ab\u00a0sur commande\u00a0\u00bb en indiquant votre souhait.\u00a0","og_url":"https:\/\/maryandthewax.com\/?product=livre-dor","og_site_name":"maryandthewax.com","article_modified_time":"2024-01-05T09:42:34+00:00","og_image":[{"width":300,"height":300,"url":"https:\/\/maryandthewax.com\/wp-content\/uploads\/2023\/10\/12.jpg","type":"image\/jpeg"}],"twitter_card":"summary_large_image","twitter_misc":{"Dur\u00e9e de lecture estim\u00e9e":"1 minute"},"schema":{"@context":"https:\/\/schema.org","@graph":[{"@type":"WebPage","@id":"https:\/\/maryandthewax.com\/?product=livre-dor","url":"https:\/\/maryandthewax.com\/?product=livre-dor","name":"Livres d'Or - maryandthewax.com","isPartOf":{"@id":"https:\/\/maryandthewax.com\/#website"},"primaryImageOfPage":{"@id":"https:\/\/maryandthewax.com\/?product=livre-dor#primaryimage"},"image":{"@id":"https:\/\/maryandthewax.com\/?product=livre-dor#primaryimage"},"thumbnailUrl":"https:\/\/maryandthewax.com\/wp-content\/uploads\/2023\/10\/12.jpg","datePublished":"2023-10-20T14:07:59+00:00","dateModified":"2024-01-05T09:42:34+00:00","breadcrumb":{"@id":"https:\/\/maryandthewax.com\/?product=livre-dor#breadcrumb"},"inLanguage":"fr-FR","potentialAction":[{"@type":"ReadAction","target":["https:\/\/maryandthewax.com\/?product=livre-dor"]}]},{"@type":"ImageObject","inLanguage":"fr-FR","@id":"https:\/\/maryandthewax.com\/?product=livre-dor#primaryimage","url":"https:\/\/maryandthewax.com\/wp-content\/uploads\/2023\/10\/12.jpg","contentUrl":"https:\/\/maryandthewax.com\/wp-content\/uploads\/2023\/10\/12.jpg","width":300,"height":300},{"@type":"BreadcrumbList","@id":"https:\/\/maryandthewax.com\/?product=livre-dor#breadcrumb","itemListElement":[{"@type":"ListItem","position":1,"name":"Accueil","item":"https:\/\/maryandthewax.com\/"},{"@type":"ListItem","position":2,"name":"Shop","item":"https:\/\/maryandthewax.com\/?page_id=252790"},{"@type":"ListItem","position":3,"name":"Livres d&#8217;Or"}]},{"@type":"WebSite","@id":"https:\/\/maryandthewax.com\/#website","url":"https:\/\/maryandthewax.com\/","name":"maryandthewax.com","description":"","publisher":{"@id":"https:\/\/maryandthewax.com\/#organization"},"potentialAction":[{"@type":"SearchAction","target":{"@type":"EntryPoint","urlTemplate":"https:\/\/maryandthewax.com\/?s={search_term_string}"},"query-input":{"@type":"PropertyValueSpecification","valueRequired":true,"valueName":"search_term_string"}}],"inLanguage":"fr-FR"},{"@type":"Organization","@id":"https:\/\/maryandthewax.com\/#organization","name":"maryandthewax.com","url":"https:\/\/maryandthewax.com\/","logo":{"@type":"ImageObject","inLanguage":"fr-FR","@id":"https:\/\/maryandthewax.com\/#\/schema\/logo\/image\/","url":"https:\/\/maryandthewax.com\/wp-content\/uploads\/2023\/11\/LOGO-MATW-THE-WC-ROND-COULEUR-1080x1080-1.jpg","contentUrl":"https:\/\/maryandthewax.com\/wp-content\/uploads\/2023\/11\/LOGO-MATW-THE-WC-ROND-COULEUR-1080x1080-1.jpg","width":1080,"height":1080,"caption":"maryandthewax.com"},"image":{"@id":"https:\/\/maryandthewax.com\/#\/schema\/logo\/image\/"},"sameAs":["https:\/\/www.instagram.com\/maryandthewax\/"]}]}},"_links":{"self":[{"href":"https:\/\/maryandthewax.com\/index.php?rest_route=\/wp\/v2\/product\/257321","targetHints":{"allow":["GET"]}}],"collection":[{"href":"https:\/\/maryandthewax.com\/index.php?rest_route=\/wp\/v2\/product"}],"about":[{"href":"https:\/\/maryandthewax.com\/index.php?rest_route=\/wp\/v2\/types\/product"}],"replies":[{"embeddable":true,"href":"https:\/\/maryandthewax.com\/index.php?rest_route=%2Fwp%2Fv2%2Fcomments&post=257321"}],"wp:featuredmedia":[{"embeddable":true,"href":"https:\/\/maryandthewax.com\/index.php?rest_route=\/wp\/v2\/media\/257325"}],"wp:attachment":[{"href":"https:\/\/maryandthewax.com\/index.php?rest_route=%2Fwp%2Fv2%2Fmedia&parent=257321"}],"wp:term":[{"taxonomy":"product_cat","embeddable":true,"href":"https:\/\/maryandthewax.com\/index.php?rest_route=%2Fwp%2Fv2%2Fproduct_cat&post=257321"},{"taxonomy":"product_tag","embeddable":true,"href":"https:\/\/maryandthewax.com\/index.php?rest_route=%2Fwp%2Fv2%2Fproduct_tag&post=257321"}],"curies":[{"name":"wp","href":"https:\/\/api.w.org\/{rel}","templated":true}]}}