{"id":256409,"date":"2023-10-09T06:54:10","date_gmt":"2023-10-09T10:54:10","guid":{"rendered":"https:\/\/maryandthewax.com\/?post_type=product&#038;p=256409"},"modified":"2023-12-22T10:07:44","modified_gmt":"2023-12-22T14:07:44","slug":"bandeau-7","status":"publish","type":"product","link":"https:\/\/maryandthewax.com\/?product=bandeau-7","title":{"rendered":"Chemins de lit"},"content":{"rendered":"<p class=\"p1\">Mary vous propose de sublimer la d\u00e9coration de vos chambres avec un chemin de lit fa\u00e7on wax. Il embellira votre lit mais pourra aussi \u00eatre d\u00e9tourn\u00e9 en chemin de table\u00a0! Sa doublure en coton unie lui donne une meilleure tenue. Ses dimensions sont adapt\u00e9es \u00e0 votre besoin.<span class=\"Apple-converted-space\">\u00a0<\/span><\/p>\n<p class=\"p1\">Le grand choix de tissus de Mary laissera libre court \u00e0 vos envies de couleurs des plus funky aux plus sobres.<\/p>\n<p class=\"p1\">D\u00e9clin\u00e9 sous diff\u00e9rentes longueurs (selon la taille de votre lit), il dispose d\u2019une largeur de 52cm (env.).<span class=\"Apple-converted-space\">\u00a0 <\/span>Une belle id\u00e9e pour votre int\u00e9rieur mais aussi pour vos locations saisonni\u00e8res.<\/p>\n<p class=\"p1\">Fait main dans l\u2019atelier de Mary, votre chemin de lit est fabriqu\u00e9 avec soin. La position du motif peut varier selon le mod\u00e8le.<\/p>\n<p class=\"p1\">Vous trouverez votre bonheur en passant <span class=\"s1\"><b>commande<\/b><\/span> dans l\u2019onglet \u00ab\u00a0sur commande\u00a0\u00bb vous permettant de pr\u00e9ciser le format souhait\u00e9 et le tissu adapt\u00e9 \u00e0 votre ambiance.<\/p>\n","protected":false},"excerpt":{"rendered":"<p class=\"p1\">Mary vous propose de sublimer la d\u00e9coration de vos chambres avec un chemin de lit fa\u00e7on wax. Il embellira votre lit mais pourra aussi \u00eatre d\u00e9tourn\u00e9 en chemin de table\u00a0! Sa doublure en coton unie lui donne une meilleure tenue. Ses dimensions sont adapt\u00e9es \u00e0 votre besoin.<span class=\"Apple-converted-space\">\u00a0<\/span><\/p>\n<p class=\"p1\">Le grand choix de tissus de Mary laissera libre court \u00e0 vos envies de couleurs des plus funky aux plus sobres.<\/p>\n<p class=\"p1\">D\u00e9clin\u00e9 sous diff\u00e9rentes longueurs (selon la taille de votre lit), il dispose d\u2019une largeur de 52cm (env.).<span class=\"Apple-converted-space\">\u00a0 <\/span>Une belle id\u00e9e pour votre int\u00e9rieur mais aussi pour vos locations saisonni\u00e8res.<\/p>\n<p class=\"p1\">Fait main dans l\u2019atelier de Mary, votre chemin de lit est fabriqu\u00e9 avec soin. La position du motif peut varier selon le mod\u00e8le.<\/p>\n<p class=\"p1\">Vous trouverez votre bonheur en passant <span class=\"s1\"><b>commande<\/b><\/span> dans l\u2019onglet \u00ab\u00a0sur commande\u00a0\u00bb vous permettant de pr\u00e9ciser le format souhait\u00e9 et le tissu adapt\u00e9 \u00e0 votre ambiance.<\/p>\n","protected":false},"featured_media":256402,"comment_status":"open","ping_status":"closed","template":"","meta":{"_acf_changed":false,"_et_pb_use_builder":"off","_et_pb_old_content":"<p class=\"p1\">Ce porte cl\u00e9 vous accompagnera partout. Ses couleurs vives en feront un atout ind\u00e9niable pour rep\u00e9rer vos pr\u00e9cieuses cl\u00e9s que vous ne trouvez jamais. Il pourra \u00e9galement agr\u00e9menter vos sacs tel un bijou mais aussi les sacs et cartables des plus petits. Offert, il vous permettra de faire passer les messages les plus inattendus. Un petit canard pour les canailles ou un c\u0153ur pour d\u00e9clarer vos sentiments, il peut faire tout cela \u00e0 la fois.<\/p>\r\n<p class=\"p1\">Son rembourrage made in France est dense. Il suffit de lui enlever son anneau ou mousqueton pour le laver. Il vous accompagnera dans votre quotidien ou dans vos occasions sp\u00e9ciales et vous permettra de rep\u00e9rer vos sacs et accessoires en un coup d\u2019\u0153il. Finitions soign\u00e9es et couleurs originales sont \u00e9galement ses atouts majeurs.<\/p>\r\n<p class=\"p1\">Fait main dans l\u2019atelier de Mary, ce porte cl\u00e9 est fabriqu\u00e9 en tr\u00e8s petite quantit\u00e9 voire en mod\u00e8le unique. La position du motif peut varier selon le mod\u00e8le.<\/p>","_et_gb_content_width":""},"product_cat":[49,26],"product_tag":[202],"class_list":{"0":"post-256409","1":"product","2":"type-product","3":"status-publish","4":"has-post-thumbnail","6":"product_cat-chemins-de-lit","7":"product_cat-linge-de-maison","8":"product_tag-fabric-holland-fushia-and-light-lagoon-flowers","10":"first","11":"instock","12":"product-type-simple"},"acf":[],"yoast_head":"<!-- This site is optimized with the Yoast SEO plugin v27.1.1 - https:\/\/yoast.com\/product\/yoast-seo-wordpress\/ -->\n<title>Chemins de lit - maryandthewax.com<\/title>\n<meta name=\"robots\" content=\"index, follow, max-snippet:-1, max-image-preview:large, max-video-preview:-1\" \/>\n<link rel=\"canonical\" href=\"https:\/\/maryandthewax.com\/?product=bandeau-7\" \/>\n<meta property=\"og:locale\" content=\"fr_FR\" \/>\n<meta property=\"og:type\" content=\"article\" \/>\n<meta property=\"og:title\" content=\"Chemins de lit - maryandthewax.com\" \/>\n<meta property=\"og:description\" content=\"Mary vous propose de sublimer la d\u00e9coration de vos chambres avec un chemin de lit fa\u00e7on wax. Il embellira votre lit mais pourra aussi \u00eatre d\u00e9tourn\u00e9 en chemin de table\u00a0! Sa doublure en coton unie lui donne une meilleure tenue. Ses dimensions sont adapt\u00e9es \u00e0 votre besoin.\u00a0 Le grand choix de tissus de Mary laissera libre court \u00e0 vos envies de couleurs des plus funky aux plus sobres. D\u00e9clin\u00e9 sous diff\u00e9rentes longueurs (selon la taille de votre lit), il dispose d\u2019une largeur de 52cm (env.).\u00a0 Une belle id\u00e9e pour votre int\u00e9rieur mais aussi pour vos locations saisonni\u00e8res. Fait main dans l\u2019atelier de Mary, votre chemin de lit est fabriqu\u00e9 avec soin. La position du motif peut varier selon le mod\u00e8le. Vous trouverez votre bonheur en passant commande dans l\u2019onglet \u00ab\u00a0sur commande\u00a0\u00bb vous permettant de pr\u00e9ciser le format souhait\u00e9 et le tissu adapt\u00e9 \u00e0 votre ambiance.\" \/>\n<meta property=\"og:url\" content=\"https:\/\/maryandthewax.com\/?product=bandeau-7\" \/>\n<meta property=\"og:site_name\" content=\"maryandthewax.com\" \/>\n<meta property=\"article:modified_time\" content=\"2023-12-22T14:07:44+00:00\" \/>\n<meta property=\"og:image\" content=\"https:\/\/maryandthewax.com\/wp-content\/uploads\/2023\/10\/L1-PHOTO-12-BANDEAU-min.jpg\" \/>\n\t<meta property=\"og:image:width\" content=\"1920\" \/>\n\t<meta property=\"og:image:height\" content=\"1282\" \/>\n\t<meta property=\"og:image:type\" content=\"image\/jpeg\" \/>\n<meta name=\"twitter:card\" content=\"summary_large_image\" \/>\n<meta name=\"twitter:label1\" content=\"Dur\u00e9e de lecture estim\u00e9e\" \/>\n\t<meta name=\"twitter:data1\" content=\"1 minute\" \/>\n<script type=\"application\/ld+json\" class=\"yoast-schema-graph\">{\"@context\":\"https:\/\/schema.org\",\"@graph\":[{\"@type\":\"WebPage\",\"@id\":\"https:\/\/maryandthewax.com\/?product=bandeau-7\",\"url\":\"https:\/\/maryandthewax.com\/?product=bandeau-7\",\"name\":\"Chemins de lit - maryandthewax.com\",\"isPartOf\":{\"@id\":\"https:\/\/maryandthewax.com\/#website\"},\"primaryImageOfPage\":{\"@id\":\"https:\/\/maryandthewax.com\/?product=bandeau-7#primaryimage\"},\"image\":{\"@id\":\"https:\/\/maryandthewax.com\/?product=bandeau-7#primaryimage\"},\"thumbnailUrl\":\"https:\/\/maryandthewax.com\/wp-content\/uploads\/2023\/10\/L1-PHOTO-12-BANDEAU-min.jpg\",\"datePublished\":\"2023-10-09T10:54:10+00:00\",\"dateModified\":\"2023-12-22T14:07:44+00:00\",\"breadcrumb\":{\"@id\":\"https:\/\/maryandthewax.com\/?product=bandeau-7#breadcrumb\"},\"inLanguage\":\"fr-FR\",\"potentialAction\":[{\"@type\":\"ReadAction\",\"target\":[\"https:\/\/maryandthewax.com\/?product=bandeau-7\"]}]},{\"@type\":\"ImageObject\",\"inLanguage\":\"fr-FR\",\"@id\":\"https:\/\/maryandthewax.com\/?product=bandeau-7#primaryimage\",\"url\":\"https:\/\/maryandthewax.com\/wp-content\/uploads\/2023\/10\/L1-PHOTO-12-BANDEAU-min.jpg\",\"contentUrl\":\"https:\/\/maryandthewax.com\/wp-content\/uploads\/2023\/10\/L1-PHOTO-12-BANDEAU-min.jpg\",\"width\":1920,\"height\":1282},{\"@type\":\"BreadcrumbList\",\"@id\":\"https:\/\/maryandthewax.com\/?product=bandeau-7#breadcrumb\",\"itemListElement\":[{\"@type\":\"ListItem\",\"position\":1,\"name\":\"Accueil\",\"item\":\"https:\/\/maryandthewax.com\/\"},{\"@type\":\"ListItem\",\"position\":2,\"name\":\"Shop\",\"item\":\"https:\/\/maryandthewax.com\/?page_id=252790\"},{\"@type\":\"ListItem\",\"position\":3,\"name\":\"Chemins de lit\"}]},{\"@type\":\"WebSite\",\"@id\":\"https:\/\/maryandthewax.com\/#website\",\"url\":\"https:\/\/maryandthewax.com\/\",\"name\":\"maryandthewax.com\",\"description\":\"\",\"publisher\":{\"@id\":\"https:\/\/maryandthewax.com\/#organization\"},\"potentialAction\":[{\"@type\":\"SearchAction\",\"target\":{\"@type\":\"EntryPoint\",\"urlTemplate\":\"https:\/\/maryandthewax.com\/?s={search_term_string}\"},\"query-input\":{\"@type\":\"PropertyValueSpecification\",\"valueRequired\":true,\"valueName\":\"search_term_string\"}}],\"inLanguage\":\"fr-FR\"},{\"@type\":\"Organization\",\"@id\":\"https:\/\/maryandthewax.com\/#organization\",\"name\":\"maryandthewax.com\",\"url\":\"https:\/\/maryandthewax.com\/\",\"logo\":{\"@type\":\"ImageObject\",\"inLanguage\":\"fr-FR\",\"@id\":\"https:\/\/maryandthewax.com\/#\/schema\/logo\/image\/\",\"url\":\"https:\/\/maryandthewax.com\/wp-content\/uploads\/2023\/11\/LOGO-MATW-THE-WC-ROND-COULEUR-1080x1080-1.jpg\",\"contentUrl\":\"https:\/\/maryandthewax.com\/wp-content\/uploads\/2023\/11\/LOGO-MATW-THE-WC-ROND-COULEUR-1080x1080-1.jpg\",\"width\":1080,\"height\":1080,\"caption\":\"maryandthewax.com\"},\"image\":{\"@id\":\"https:\/\/maryandthewax.com\/#\/schema\/logo\/image\/\"},\"sameAs\":[\"https:\/\/www.instagram.com\/maryandthewax\/\"]}]}<\/script>\n<!-- \/ Yoast SEO plugin. -->","yoast_head_json":{"title":"Chemins de lit - maryandthewax.com","robots":{"index":"index","follow":"follow","max-snippet":"max-snippet:-1","max-image-preview":"max-image-preview:large","max-video-preview":"max-video-preview:-1"},"canonical":"https:\/\/maryandthewax.com\/?product=bandeau-7","og_locale":"fr_FR","og_type":"article","og_title":"Chemins de lit - maryandthewax.com","og_description":"Mary vous propose de sublimer la d\u00e9coration de vos chambres avec un chemin de lit fa\u00e7on wax. Il embellira votre lit mais pourra aussi \u00eatre d\u00e9tourn\u00e9 en chemin de table\u00a0! Sa doublure en coton unie lui donne une meilleure tenue. Ses dimensions sont adapt\u00e9es \u00e0 votre besoin.\u00a0 Le grand choix de tissus de Mary laissera libre court \u00e0 vos envies de couleurs des plus funky aux plus sobres. D\u00e9clin\u00e9 sous diff\u00e9rentes longueurs (selon la taille de votre lit), il dispose d\u2019une largeur de 52cm (env.).\u00a0 Une belle id\u00e9e pour votre int\u00e9rieur mais aussi pour vos locations saisonni\u00e8res. Fait main dans l\u2019atelier de Mary, votre chemin de lit est fabriqu\u00e9 avec soin. La position du motif peut varier selon le mod\u00e8le. Vous trouverez votre bonheur en passant commande dans l\u2019onglet \u00ab\u00a0sur commande\u00a0\u00bb vous permettant de pr\u00e9ciser le format souhait\u00e9 et le tissu adapt\u00e9 \u00e0 votre ambiance.","og_url":"https:\/\/maryandthewax.com\/?product=bandeau-7","og_site_name":"maryandthewax.com","article_modified_time":"2023-12-22T14:07:44+00:00","og_image":[{"width":1920,"height":1282,"url":"https:\/\/maryandthewax.com\/wp-content\/uploads\/2023\/10\/L1-PHOTO-12-BANDEAU-min.jpg","type":"image\/jpeg"}],"twitter_card":"summary_large_image","twitter_misc":{"Dur\u00e9e de lecture estim\u00e9e":"1 minute"},"schema":{"@context":"https:\/\/schema.org","@graph":[{"@type":"WebPage","@id":"https:\/\/maryandthewax.com\/?product=bandeau-7","url":"https:\/\/maryandthewax.com\/?product=bandeau-7","name":"Chemins de lit - maryandthewax.com","isPartOf":{"@id":"https:\/\/maryandthewax.com\/#website"},"primaryImageOfPage":{"@id":"https:\/\/maryandthewax.com\/?product=bandeau-7#primaryimage"},"image":{"@id":"https:\/\/maryandthewax.com\/?product=bandeau-7#primaryimage"},"thumbnailUrl":"https:\/\/maryandthewax.com\/wp-content\/uploads\/2023\/10\/L1-PHOTO-12-BANDEAU-min.jpg","datePublished":"2023-10-09T10:54:10+00:00","dateModified":"2023-12-22T14:07:44+00:00","breadcrumb":{"@id":"https:\/\/maryandthewax.com\/?product=bandeau-7#breadcrumb"},"inLanguage":"fr-FR","potentialAction":[{"@type":"ReadAction","target":["https:\/\/maryandthewax.com\/?product=bandeau-7"]}]},{"@type":"ImageObject","inLanguage":"fr-FR","@id":"https:\/\/maryandthewax.com\/?product=bandeau-7#primaryimage","url":"https:\/\/maryandthewax.com\/wp-content\/uploads\/2023\/10\/L1-PHOTO-12-BANDEAU-min.jpg","contentUrl":"https:\/\/maryandthewax.com\/wp-content\/uploads\/2023\/10\/L1-PHOTO-12-BANDEAU-min.jpg","width":1920,"height":1282},{"@type":"BreadcrumbList","@id":"https:\/\/maryandthewax.com\/?product=bandeau-7#breadcrumb","itemListElement":[{"@type":"ListItem","position":1,"name":"Accueil","item":"https:\/\/maryandthewax.com\/"},{"@type":"ListItem","position":2,"name":"Shop","item":"https:\/\/maryandthewax.com\/?page_id=252790"},{"@type":"ListItem","position":3,"name":"Chemins de lit"}]},{"@type":"WebSite","@id":"https:\/\/maryandthewax.com\/#website","url":"https:\/\/maryandthewax.com\/","name":"maryandthewax.com","description":"","publisher":{"@id":"https:\/\/maryandthewax.com\/#organization"},"potentialAction":[{"@type":"SearchAction","target":{"@type":"EntryPoint","urlTemplate":"https:\/\/maryandthewax.com\/?s={search_term_string}"},"query-input":{"@type":"PropertyValueSpecification","valueRequired":true,"valueName":"search_term_string"}}],"inLanguage":"fr-FR"},{"@type":"Organization","@id":"https:\/\/maryandthewax.com\/#organization","name":"maryandthewax.com","url":"https:\/\/maryandthewax.com\/","logo":{"@type":"ImageObject","inLanguage":"fr-FR","@id":"https:\/\/maryandthewax.com\/#\/schema\/logo\/image\/","url":"https:\/\/maryandthewax.com\/wp-content\/uploads\/2023\/11\/LOGO-MATW-THE-WC-ROND-COULEUR-1080x1080-1.jpg","contentUrl":"https:\/\/maryandthewax.com\/wp-content\/uploads\/2023\/11\/LOGO-MATW-THE-WC-ROND-COULEUR-1080x1080-1.jpg","width":1080,"height":1080,"caption":"maryandthewax.com"},"image":{"@id":"https:\/\/maryandthewax.com\/#\/schema\/logo\/image\/"},"sameAs":["https:\/\/www.instagram.com\/maryandthewax\/"]}]}},"_links":{"self":[{"href":"https:\/\/maryandthewax.com\/index.php?rest_route=\/wp\/v2\/product\/256409","targetHints":{"allow":["GET"]}}],"collection":[{"href":"https:\/\/maryandthewax.com\/index.php?rest_route=\/wp\/v2\/product"}],"about":[{"href":"https:\/\/maryandthewax.com\/index.php?rest_route=\/wp\/v2\/types\/product"}],"replies":[{"embeddable":true,"href":"https:\/\/maryandthewax.com\/index.php?rest_route=%2Fwp%2Fv2%2Fcomments&post=256409"}],"wp:featuredmedia":[{"embeddable":true,"href":"https:\/\/maryandthewax.com\/index.php?rest_route=\/wp\/v2\/media\/256402"}],"wp:attachment":[{"href":"https:\/\/maryandthewax.com\/index.php?rest_route=%2Fwp%2Fv2%2Fmedia&parent=256409"}],"wp:term":[{"taxonomy":"product_cat","embeddable":true,"href":"https:\/\/maryandthewax.com\/index.php?rest_route=%2Fwp%2Fv2%2Fproduct_cat&post=256409"},{"taxonomy":"product_tag","embeddable":true,"href":"https:\/\/maryandthewax.com\/index.php?rest_route=%2Fwp%2Fv2%2Fproduct_tag&post=256409"}],"curies":[{"name":"wp","href":"https:\/\/api.w.org\/{rel}","templated":true}]}}