{"id":256381,"date":"2023-10-09T06:31:21","date_gmt":"2023-10-09T10:31:21","guid":{"rendered":"https:\/\/maryandthewax.com\/?post_type=product&#038;p=256381"},"modified":"2024-01-05T04:33:20","modified_gmt":"2024-01-05T08:33:20","slug":"lingette-flashy-green-awoulaba","status":"publish","type":"product","link":"https:\/\/maryandthewax.com\/?product=lingette-flashy-green-awoulaba","title":{"rendered":"LINGETTE  FLASHY GREEN AWOULABA"},"content":{"rendered":"<p class=\"p1\">Les lingettes lavables sont un must-have dans votre routine de soin de la peau. Pourquoi les adopter\u00a0?<\/p>\n<p class=\"p1\">First of all, vous direz adieu \u00e0 vos disques coton. Vos lingettes lavables les remplaceront sans regret ! Elles constituent une alternative durable pour votre routine maquillage et autres soins de peau des plus grands comme des plus petits. En plus \u00a0d\u2019un geste \u00e9cologique g\u00e9n\u00e9r\u00e9 par la r\u00e9duction de vos d\u00e9chets, elles vous permettront de faire une \u00e9conomie sur le long terme.<br \/>\nElles sont pratiques et faciles \u00e0 transporter. Last but not least, elles sont tellement agr\u00e9ables\u00a0! Elles disposent d\u2019une face en Wax ou tissu imprim\u00e9 pour le style et d\u2019une face en \u00e9ponge bambou toute douce pour le soin de votre peau.<br \/>\nVous ne pourrez plus vous passer de cet outil du quotidien disponible dans plusieurs imprim\u00e9s s\u00e9lectionn\u00e9s par Mary.<span class=\"Apple-converted-space\">\u00a0<\/span><\/p>\n<p class=\"p1\">Fait main dans l\u2019atelier de Mary, vos lingettes sont fabriqu\u00e9es en tr\u00e8s petite quantit\u00e9. La position du motif peut varier selon le mod\u00e8le.<\/p>\n","protected":false},"excerpt":{"rendered":"<p class=\"p1\">Les lingettes lavables sont un must-have dans votre routine de soin de la peau. Pourquoi les adopter\u00a0?<\/p>\n<p class=\"p1\">First of all, vous direz adieu \u00e0 vos disques coton. Vos lingettes lavables les remplaceront sans regret\u00a0! Elles constituent une alternative durable pour votre routine maquillage et autres soins de peau.<span class=\"Apple-converted-space\">\u00a0<\/span><\/p>\n<p class=\"p1\">En plus d\u2019un faire un geste \u00e9cologique de r\u00e9duction des d\u00e9chets, elles vous permettront \u00e9galement de faire une \u00e9conomie sur le long terme.<\/p>\n<p class=\"p1\">Elles sont pratiques et faciles \u00e0 transporter. Last but not least, elles sont tellement agr\u00e9ables\u00a0! Elles disposent d\u2019une face en Wax ou tissu imprim\u00e9 pour le style et d\u2019une face en \u00e9ponge bambou toute douce pour le soin de votre peau.<\/p>\n<p class=\"p1\">Vous ne pourrez plus vous passer de cet outil du quotidien disponible dans plusieurs imprim\u00e9s s\u00e9lectionn\u00e9s par Mary.<span class=\"Apple-converted-space\">\u00a0<\/span><\/p>\n<p class=\"p1\">Fait main dans l\u2019atelier de Mary, vos lingettes sont fabriqu\u00e9es en tr\u00e8s petite quantit\u00e9. La position du motif peut varier selon le mod\u00e8le.<\/p>\n","protected":false},"featured_media":256361,"comment_status":"open","ping_status":"closed","template":"","meta":{"_acf_changed":false,"_et_pb_use_builder":"off","_et_pb_old_content":"<p class=\"p1\">Ce porte cl\u00e9 vous accompagnera partout. Ses couleurs vives en feront un atout ind\u00e9niable pour rep\u00e9rer vos pr\u00e9cieuses cl\u00e9s que vous ne trouvez jamais. Il pourra \u00e9galement agr\u00e9menter vos sacs tel un bijou mais aussi les sacs et cartables des plus petits. Offert, il vous permettra de faire passer les messages les plus inattendus. Un petit canard pour les canailles ou un c\u0153ur pour d\u00e9clarer vos sentiments, il peut faire tout cela \u00e0 la fois.<\/p>\r\n<p class=\"p1\">Son rembourrage made in France est dense. Il suffit de lui enlever son anneau ou mousqueton pour le laver. Il vous accompagnera dans votre quotidien ou dans vos occasions sp\u00e9ciales et vous permettra de rep\u00e9rer vos sacs et accessoires en un coup d\u2019\u0153il. Finitions soign\u00e9es et couleurs originales sont \u00e9galement ses atouts majeurs.<\/p>\r\n<p class=\"p1\">Fait main dans l\u2019atelier de Mary, ce porte cl\u00e9 est fabriqu\u00e9 en tr\u00e8s petite quantit\u00e9 voire en mod\u00e8le unique. La position du motif peut varier selon le mod\u00e8le.<\/p>","_et_gb_content_width":""},"product_cat":[26,51],"product_tag":[105],"class_list":{"0":"post-256381","1":"product","2":"type-product","3":"status-publish","4":"has-post-thumbnail","6":"product_cat-linge-de-maison","7":"product_cat-lingettes-demaquillantes","8":"product_tag-fabric-flashy-green-awoulaba","10":"first","11":"instock","12":"purchasable","13":"product-type-simple"},"acf":[],"yoast_head":"<!-- This site is optimized with the Yoast SEO plugin v27.1.1 - https:\/\/yoast.com\/product\/yoast-seo-wordpress\/ -->\n<title>LINGETTE FLASHY GREEN AWOULABA - maryandthewax.com<\/title>\n<meta name=\"robots\" content=\"index, follow, max-snippet:-1, max-image-preview:large, max-video-preview:-1\" \/>\n<link rel=\"canonical\" href=\"https:\/\/maryandthewax.com\/?product=lingette-flashy-green-awoulaba\" \/>\n<meta property=\"og:locale\" content=\"fr_FR\" \/>\n<meta property=\"og:type\" content=\"article\" \/>\n<meta property=\"og:title\" content=\"LINGETTE FLASHY GREEN AWOULABA - maryandthewax.com\" \/>\n<meta property=\"og:description\" content=\"Les lingettes lavables sont un must-have dans votre routine de soin de la peau. Pourquoi les adopter\u00a0? First of all, vous direz adieu \u00e0 vos disques coton. Vos lingettes lavables les remplaceront sans regret\u00a0! Elles constituent une alternative durable pour votre routine maquillage et autres soins de peau.\u00a0 En plus d\u2019un faire un geste \u00e9cologique de r\u00e9duction des d\u00e9chets, elles vous permettront \u00e9galement de faire une \u00e9conomie sur le long terme. Elles sont pratiques et faciles \u00e0 transporter. Last but not least, elles sont tellement agr\u00e9ables\u00a0! Elles disposent d\u2019une face en Wax ou tissu imprim\u00e9 pour le style et d\u2019une face en \u00e9ponge bambou toute douce pour le soin de votre peau. Vous ne pourrez plus vous passer de cet outil du quotidien disponible dans plusieurs imprim\u00e9s s\u00e9lectionn\u00e9s par Mary.\u00a0 Fait main dans l\u2019atelier de Mary, vos lingettes sont fabriqu\u00e9es en tr\u00e8s petite quantit\u00e9. La position du motif peut varier selon le mod\u00e8le.\" \/>\n<meta property=\"og:url\" content=\"https:\/\/maryandthewax.com\/?product=lingette-flashy-green-awoulaba\" \/>\n<meta property=\"og:site_name\" content=\"maryandthewax.com\" \/>\n<meta property=\"article:modified_time\" content=\"2024-01-05T08:33:20+00:00\" \/>\n<meta property=\"og:image\" content=\"https:\/\/maryandthewax.com\/wp-content\/uploads\/2023\/10\/L3-006-LINGETTE-FLASHY-GREEN-AWOULABA-4-PHOTO-1-min.jpg\" \/>\n\t<meta property=\"og:image:width\" content=\"1920\" \/>\n\t<meta property=\"og:image:height\" content=\"1916\" \/>\n\t<meta property=\"og:image:type\" content=\"image\/jpeg\" \/>\n<meta name=\"twitter:card\" content=\"summary_large_image\" \/>\n<meta name=\"twitter:label1\" content=\"Dur\u00e9e de lecture estim\u00e9e\" \/>\n\t<meta name=\"twitter:data1\" content=\"1 minute\" \/>\n<script type=\"application\/ld+json\" class=\"yoast-schema-graph\">{\"@context\":\"https:\/\/schema.org\",\"@graph\":[{\"@type\":\"WebPage\",\"@id\":\"https:\/\/maryandthewax.com\/?product=lingette-flashy-green-awoulaba\",\"url\":\"https:\/\/maryandthewax.com\/?product=lingette-flashy-green-awoulaba\",\"name\":\"LINGETTE FLASHY GREEN AWOULABA - maryandthewax.com\",\"isPartOf\":{\"@id\":\"https:\/\/maryandthewax.com\/#website\"},\"primaryImageOfPage\":{\"@id\":\"https:\/\/maryandthewax.com\/?product=lingette-flashy-green-awoulaba#primaryimage\"},\"image\":{\"@id\":\"https:\/\/maryandthewax.com\/?product=lingette-flashy-green-awoulaba#primaryimage\"},\"thumbnailUrl\":\"https:\/\/maryandthewax.com\/wp-content\/uploads\/2023\/10\/L3-006-LINGETTE-FLASHY-GREEN-AWOULABA-4-PHOTO-1-min.jpg\",\"datePublished\":\"2023-10-09T10:31:21+00:00\",\"dateModified\":\"2024-01-05T08:33:20+00:00\",\"breadcrumb\":{\"@id\":\"https:\/\/maryandthewax.com\/?product=lingette-flashy-green-awoulaba#breadcrumb\"},\"inLanguage\":\"fr-FR\",\"potentialAction\":[{\"@type\":\"ReadAction\",\"target\":[\"https:\/\/maryandthewax.com\/?product=lingette-flashy-green-awoulaba\"]}]},{\"@type\":\"ImageObject\",\"inLanguage\":\"fr-FR\",\"@id\":\"https:\/\/maryandthewax.com\/?product=lingette-flashy-green-awoulaba#primaryimage\",\"url\":\"https:\/\/maryandthewax.com\/wp-content\/uploads\/2023\/10\/L3-006-LINGETTE-FLASHY-GREEN-AWOULABA-4-PHOTO-1-min.jpg\",\"contentUrl\":\"https:\/\/maryandthewax.com\/wp-content\/uploads\/2023\/10\/L3-006-LINGETTE-FLASHY-GREEN-AWOULABA-4-PHOTO-1-min.jpg\",\"width\":1920,\"height\":1916},{\"@type\":\"BreadcrumbList\",\"@id\":\"https:\/\/maryandthewax.com\/?product=lingette-flashy-green-awoulaba#breadcrumb\",\"itemListElement\":[{\"@type\":\"ListItem\",\"position\":1,\"name\":\"Accueil\",\"item\":\"https:\/\/maryandthewax.com\/\"},{\"@type\":\"ListItem\",\"position\":2,\"name\":\"Shop\",\"item\":\"https:\/\/maryandthewax.com\/?page_id=252790\"},{\"@type\":\"ListItem\",\"position\":3,\"name\":\"LINGETTE FLASHY GREEN AWOULABA\"}]},{\"@type\":\"WebSite\",\"@id\":\"https:\/\/maryandthewax.com\/#website\",\"url\":\"https:\/\/maryandthewax.com\/\",\"name\":\"maryandthewax.com\",\"description\":\"\",\"publisher\":{\"@id\":\"https:\/\/maryandthewax.com\/#organization\"},\"potentialAction\":[{\"@type\":\"SearchAction\",\"target\":{\"@type\":\"EntryPoint\",\"urlTemplate\":\"https:\/\/maryandthewax.com\/?s={search_term_string}\"},\"query-input\":{\"@type\":\"PropertyValueSpecification\",\"valueRequired\":true,\"valueName\":\"search_term_string\"}}],\"inLanguage\":\"fr-FR\"},{\"@type\":\"Organization\",\"@id\":\"https:\/\/maryandthewax.com\/#organization\",\"name\":\"maryandthewax.com\",\"url\":\"https:\/\/maryandthewax.com\/\",\"logo\":{\"@type\":\"ImageObject\",\"inLanguage\":\"fr-FR\",\"@id\":\"https:\/\/maryandthewax.com\/#\/schema\/logo\/image\/\",\"url\":\"https:\/\/maryandthewax.com\/wp-content\/uploads\/2023\/11\/LOGO-MATW-THE-WC-ROND-COULEUR-1080x1080-1.jpg\",\"contentUrl\":\"https:\/\/maryandthewax.com\/wp-content\/uploads\/2023\/11\/LOGO-MATW-THE-WC-ROND-COULEUR-1080x1080-1.jpg\",\"width\":1080,\"height\":1080,\"caption\":\"maryandthewax.com\"},\"image\":{\"@id\":\"https:\/\/maryandthewax.com\/#\/schema\/logo\/image\/\"},\"sameAs\":[\"https:\/\/www.instagram.com\/maryandthewax\/\"]}]}<\/script>\n<!-- \/ Yoast SEO plugin. -->","yoast_head_json":{"title":"LINGETTE FLASHY GREEN AWOULABA - maryandthewax.com","robots":{"index":"index","follow":"follow","max-snippet":"max-snippet:-1","max-image-preview":"max-image-preview:large","max-video-preview":"max-video-preview:-1"},"canonical":"https:\/\/maryandthewax.com\/?product=lingette-flashy-green-awoulaba","og_locale":"fr_FR","og_type":"article","og_title":"LINGETTE FLASHY GREEN AWOULABA - maryandthewax.com","og_description":"Les lingettes lavables sont un must-have dans votre routine de soin de la peau. Pourquoi les adopter\u00a0? First of all, vous direz adieu \u00e0 vos disques coton. Vos lingettes lavables les remplaceront sans regret\u00a0! Elles constituent une alternative durable pour votre routine maquillage et autres soins de peau.\u00a0 En plus d\u2019un faire un geste \u00e9cologique de r\u00e9duction des d\u00e9chets, elles vous permettront \u00e9galement de faire une \u00e9conomie sur le long terme. Elles sont pratiques et faciles \u00e0 transporter. Last but not least, elles sont tellement agr\u00e9ables\u00a0! Elles disposent d\u2019une face en Wax ou tissu imprim\u00e9 pour le style et d\u2019une face en \u00e9ponge bambou toute douce pour le soin de votre peau. Vous ne pourrez plus vous passer de cet outil du quotidien disponible dans plusieurs imprim\u00e9s s\u00e9lectionn\u00e9s par Mary.\u00a0 Fait main dans l\u2019atelier de Mary, vos lingettes sont fabriqu\u00e9es en tr\u00e8s petite quantit\u00e9. La position du motif peut varier selon le mod\u00e8le.","og_url":"https:\/\/maryandthewax.com\/?product=lingette-flashy-green-awoulaba","og_site_name":"maryandthewax.com","article_modified_time":"2024-01-05T08:33:20+00:00","og_image":[{"width":1920,"height":1916,"url":"https:\/\/maryandthewax.com\/wp-content\/uploads\/2023\/10\/L3-006-LINGETTE-FLASHY-GREEN-AWOULABA-4-PHOTO-1-min.jpg","type":"image\/jpeg"}],"twitter_card":"summary_large_image","twitter_misc":{"Dur\u00e9e de lecture estim\u00e9e":"1 minute"},"schema":{"@context":"https:\/\/schema.org","@graph":[{"@type":"WebPage","@id":"https:\/\/maryandthewax.com\/?product=lingette-flashy-green-awoulaba","url":"https:\/\/maryandthewax.com\/?product=lingette-flashy-green-awoulaba","name":"LINGETTE FLASHY GREEN AWOULABA - maryandthewax.com","isPartOf":{"@id":"https:\/\/maryandthewax.com\/#website"},"primaryImageOfPage":{"@id":"https:\/\/maryandthewax.com\/?product=lingette-flashy-green-awoulaba#primaryimage"},"image":{"@id":"https:\/\/maryandthewax.com\/?product=lingette-flashy-green-awoulaba#primaryimage"},"thumbnailUrl":"https:\/\/maryandthewax.com\/wp-content\/uploads\/2023\/10\/L3-006-LINGETTE-FLASHY-GREEN-AWOULABA-4-PHOTO-1-min.jpg","datePublished":"2023-10-09T10:31:21+00:00","dateModified":"2024-01-05T08:33:20+00:00","breadcrumb":{"@id":"https:\/\/maryandthewax.com\/?product=lingette-flashy-green-awoulaba#breadcrumb"},"inLanguage":"fr-FR","potentialAction":[{"@type":"ReadAction","target":["https:\/\/maryandthewax.com\/?product=lingette-flashy-green-awoulaba"]}]},{"@type":"ImageObject","inLanguage":"fr-FR","@id":"https:\/\/maryandthewax.com\/?product=lingette-flashy-green-awoulaba#primaryimage","url":"https:\/\/maryandthewax.com\/wp-content\/uploads\/2023\/10\/L3-006-LINGETTE-FLASHY-GREEN-AWOULABA-4-PHOTO-1-min.jpg","contentUrl":"https:\/\/maryandthewax.com\/wp-content\/uploads\/2023\/10\/L3-006-LINGETTE-FLASHY-GREEN-AWOULABA-4-PHOTO-1-min.jpg","width":1920,"height":1916},{"@type":"BreadcrumbList","@id":"https:\/\/maryandthewax.com\/?product=lingette-flashy-green-awoulaba#breadcrumb","itemListElement":[{"@type":"ListItem","position":1,"name":"Accueil","item":"https:\/\/maryandthewax.com\/"},{"@type":"ListItem","position":2,"name":"Shop","item":"https:\/\/maryandthewax.com\/?page_id=252790"},{"@type":"ListItem","position":3,"name":"LINGETTE FLASHY GREEN AWOULABA"}]},{"@type":"WebSite","@id":"https:\/\/maryandthewax.com\/#website","url":"https:\/\/maryandthewax.com\/","name":"maryandthewax.com","description":"","publisher":{"@id":"https:\/\/maryandthewax.com\/#organization"},"potentialAction":[{"@type":"SearchAction","target":{"@type":"EntryPoint","urlTemplate":"https:\/\/maryandthewax.com\/?s={search_term_string}"},"query-input":{"@type":"PropertyValueSpecification","valueRequired":true,"valueName":"search_term_string"}}],"inLanguage":"fr-FR"},{"@type":"Organization","@id":"https:\/\/maryandthewax.com\/#organization","name":"maryandthewax.com","url":"https:\/\/maryandthewax.com\/","logo":{"@type":"ImageObject","inLanguage":"fr-FR","@id":"https:\/\/maryandthewax.com\/#\/schema\/logo\/image\/","url":"https:\/\/maryandthewax.com\/wp-content\/uploads\/2023\/11\/LOGO-MATW-THE-WC-ROND-COULEUR-1080x1080-1.jpg","contentUrl":"https:\/\/maryandthewax.com\/wp-content\/uploads\/2023\/11\/LOGO-MATW-THE-WC-ROND-COULEUR-1080x1080-1.jpg","width":1080,"height":1080,"caption":"maryandthewax.com"},"image":{"@id":"https:\/\/maryandthewax.com\/#\/schema\/logo\/image\/"},"sameAs":["https:\/\/www.instagram.com\/maryandthewax\/"]}]}},"_links":{"self":[{"href":"https:\/\/maryandthewax.com\/index.php?rest_route=\/wp\/v2\/product\/256381","targetHints":{"allow":["GET"]}}],"collection":[{"href":"https:\/\/maryandthewax.com\/index.php?rest_route=\/wp\/v2\/product"}],"about":[{"href":"https:\/\/maryandthewax.com\/index.php?rest_route=\/wp\/v2\/types\/product"}],"replies":[{"embeddable":true,"href":"https:\/\/maryandthewax.com\/index.php?rest_route=%2Fwp%2Fv2%2Fcomments&post=256381"}],"wp:featuredmedia":[{"embeddable":true,"href":"https:\/\/maryandthewax.com\/index.php?rest_route=\/wp\/v2\/media\/256361"}],"wp:attachment":[{"href":"https:\/\/maryandthewax.com\/index.php?rest_route=%2Fwp%2Fv2%2Fmedia&parent=256381"}],"wp:term":[{"taxonomy":"product_cat","embeddable":true,"href":"https:\/\/maryandthewax.com\/index.php?rest_route=%2Fwp%2Fv2%2Fproduct_cat&post=256381"},{"taxonomy":"product_tag","embeddable":true,"href":"https:\/\/maryandthewax.com\/index.php?rest_route=%2Fwp%2Fv2%2Fproduct_tag&post=256381"}],"curies":[{"name":"wp","href":"https:\/\/api.w.org\/{rel}","templated":true}]}}