{"id":256238,"date":"2023-10-05T11:55:48","date_gmt":"2023-10-05T15:55:48","guid":{"rendered":"https:\/\/maryandthewax.com\/?post_type=product&#038;p=256238"},"modified":"2024-01-05T04:09:50","modified_gmt":"2024-01-05T08:09:50","slug":"panier-chawawax-holland-fushia-and-light-lagoon-flowers","status":"publish","type":"product","link":"https:\/\/maryandthewax.com\/?product=panier-chawawax-holland-fushia-and-light-lagoon-flowers","title":{"rendered":"PANIER CHAWAWAX HOLLAND FUSHIA AND LIGHT LAGOON FLOWERS"},"content":{"rendered":"<p class=\"p1\">Comment parfaire votre d\u00e9coration par une touche originale de Wax\u00a0? Le Panier CHAWAWAX sera l\u2019objet id\u00e9al pour allier l\u2019utile \u00e0 l\u2019agr\u00e9able d\u00e9co. Il vous permettra d\u2019y ranger vos petits objets, votre petit linge mais aussi vos petites plantes d\u2019int\u00e9rieur. Il saura s\u2019adapter \u00e0 vos diff\u00e9rentes ambiances de d\u00e9coration tout en y rajoutant le petit suppl\u00e9ment piment.<span class=\"Apple-converted-space\">\u00a0 <\/span>Dans une chambre d\u2019enfant ou dans le salon voire au bureau, il saura mettre du peps dans sa pi\u00e8ce de destination.<\/p>\n<p class=\"p1\"><span class=\"Apple-converted-space\">\u00a0<\/span>D\u00e9clin\u00e9 sous diff\u00e9rents formats, S (Small), M (Medium) et L (Large), il est l\u00e9g\u00e8rement renforc\u00e9 pour une meilleure tenue. Sa doublure unie le rend r\u00e9versible et participe \u00e0 son maintien ainsi qu\u2019\u00e0 ses jolies finitions.<span class=\"Apple-converted-space\">\u00a0<\/span><\/p>\n<p class=\"p1\">Fait main dans l\u2019atelier de Mary, votre MIAWAX est fabriqu\u00e9 en tr\u00e8s petite quantit\u00e9 voire en mod\u00e8le unique. La position du motif peut varier selon le mod\u00e8le.<\/p>\n","protected":false},"excerpt":{"rendered":"<p class=\"p1\">Comment parfaire votre d\u00e9coration par une touche originale de Wax\u00a0? Le Panier CHAWAWAX sera l\u2019objet id\u00e9al pour allier l\u2019utile \u00e0 l\u2019agr\u00e9able d\u00e9co. Il vous permettra d\u2019y ranger vos petits objets, votre petit linge mais aussi vos petites plantes d\u2019int\u00e9rieur. Il saura s\u2019adapter \u00e0 vos diff\u00e9rentes ambiances de d\u00e9coration tout en y rajoutant le petit suppl\u00e9ment piment.<span class=\"Apple-converted-space\">\u00a0 <\/span>Dans une chambre d\u2019enfant ou dans le salon voire au bureau, il saura mettre du peps dans sa pi\u00e8ce de destination.<\/p>\n<p class=\"p1\">D\u00e9clin\u00e9 sous diff\u00e9rents formats, S (Small), M (Medium) et L (Large), il est l\u00e9g\u00e8rement renforc\u00e9 pour une meilleure tenue. Sa doublure unie le rend r\u00e9versible et participe \u00e0 son maintien ainsi qu\u2019\u00e0 ses jolies finitions.<\/p>\n<p class=\"p1\">Fait main dans l\u2019atelier de Mary, votre MIAWAX est fabriqu\u00e9 en tr\u00e8s petite quantit\u00e9 voire en mod\u00e8le unique. La position du motif peut varier selon le mod\u00e8le.<\/p>\n","protected":false},"featured_media":256180,"comment_status":"open","ping_status":"closed","template":"","meta":{"_acf_changed":false,"_et_pb_use_builder":"off","_et_pb_old_content":"<p class=\"p1\">Ce porte cl\u00e9 vous accompagnera partout. Ses couleurs vives en feront un atout ind\u00e9niable pour rep\u00e9rer vos pr\u00e9cieuses cl\u00e9s que vous ne trouvez jamais. Il pourra \u00e9galement agr\u00e9menter vos sacs tel un bijou mais aussi les sacs et cartables des plus petits. Offert, il vous permettra de faire passer les messages les plus inattendus. Un petit canard pour les canailles ou un c\u0153ur pour d\u00e9clarer vos sentiments, il peut faire tout cela \u00e0 la fois.<\/p>\r\n<p class=\"p1\">Son rembourrage made in France est dense. Il suffit de lui enlever son anneau ou mousqueton pour le laver. Il vous accompagnera dans votre quotidien ou dans vos occasions sp\u00e9ciales et vous permettra de rep\u00e9rer vos sacs et accessoires en un coup d\u2019\u0153il. Finitions soign\u00e9es et couleurs originales sont \u00e9galement ses atouts majeurs.<\/p>\r\n<p class=\"p1\">Fait main dans l\u2019atelier de Mary, ce porte cl\u00e9 est fabriqu\u00e9 en tr\u00e8s petite quantit\u00e9 voire en mod\u00e8le unique. La position du motif peut varier selon le mod\u00e8le.<\/p>","_et_gb_content_width":""},"product_cat":[23,43],"product_tag":[202],"class_list":{"0":"post-256238","1":"product","2":"type-product","3":"status-publish","4":"has-post-thumbnail","6":"product_cat-decoration","7":"product_cat-paniers-cache-pots","8":"product_tag-fabric-holland-fushia-and-light-lagoon-flowers","10":"first","11":"instock","12":"purchasable","13":"product-type-variable"},"acf":[],"yoast_head":"<!-- This site is optimized with the Yoast SEO plugin v27.1.1 - https:\/\/yoast.com\/product\/yoast-seo-wordpress\/ -->\n<title>PANIER CHAWAWAX HOLLAND FUSHIA AND LIGHT LAGOON FLOWERS - maryandthewax.com<\/title>\n<meta name=\"robots\" content=\"index, follow, max-snippet:-1, max-image-preview:large, max-video-preview:-1\" \/>\n<link rel=\"canonical\" href=\"https:\/\/maryandthewax.com\/?product=panier-chawawax-holland-fushia-and-light-lagoon-flowers\" \/>\n<meta property=\"og:locale\" content=\"fr_FR\" \/>\n<meta property=\"og:type\" content=\"article\" \/>\n<meta property=\"og:title\" content=\"PANIER CHAWAWAX HOLLAND FUSHIA AND LIGHT LAGOON FLOWERS - maryandthewax.com\" \/>\n<meta property=\"og:description\" content=\"Comment parfaire votre d\u00e9coration par une touche originale de Wax\u00a0? Le Panier CHAWAWAX sera l\u2019objet id\u00e9al pour allier l\u2019utile \u00e0 l\u2019agr\u00e9able d\u00e9co. Il vous permettra d\u2019y ranger vos petits objets, votre petit linge mais aussi vos petites plantes d\u2019int\u00e9rieur. Il saura s\u2019adapter \u00e0 vos diff\u00e9rentes ambiances de d\u00e9coration tout en y rajoutant le petit suppl\u00e9ment piment.\u00a0 Dans une chambre d\u2019enfant ou dans le salon voire au bureau, il saura mettre du peps dans sa pi\u00e8ce de destination. D\u00e9clin\u00e9 sous diff\u00e9rents formats, S (Small), M (Medium) et L (Large), il est l\u00e9g\u00e8rement renforc\u00e9 pour une meilleure tenue. Sa doublure unie le rend r\u00e9versible et participe \u00e0 son maintien ainsi qu\u2019\u00e0 ses jolies finitions. Fait main dans l\u2019atelier de Mary, votre MIAWAX est fabriqu\u00e9 en tr\u00e8s petite quantit\u00e9 voire en mod\u00e8le unique. La position du motif peut varier selon le mod\u00e8le.\" \/>\n<meta property=\"og:url\" content=\"https:\/\/maryandthewax.com\/?product=panier-chawawax-holland-fushia-and-light-lagoon-flowers\" \/>\n<meta property=\"og:site_name\" content=\"maryandthewax.com\" \/>\n<meta property=\"article:modified_time\" content=\"2024-01-05T08:09:50+00:00\" \/>\n<meta property=\"og:image\" content=\"https:\/\/maryandthewax.com\/wp-content\/uploads\/2023\/10\/D3-153-PANIER-CHAWAWAX-HOLLAND-FUSHIA-AND-LIGHT-LAGOON-FLOWERS-1L-PHOTO-1-min.jpg\" \/>\n\t<meta property=\"og:image:width\" content=\"1920\" \/>\n\t<meta property=\"og:image:height\" content=\"1916\" \/>\n\t<meta property=\"og:image:type\" content=\"image\/jpeg\" \/>\n<meta name=\"twitter:card\" content=\"summary_large_image\" \/>\n<meta name=\"twitter:label1\" content=\"Dur\u00e9e de lecture estim\u00e9e\" \/>\n\t<meta name=\"twitter:data1\" content=\"1 minute\" \/>\n<script type=\"application\/ld+json\" class=\"yoast-schema-graph\">{\"@context\":\"https:\/\/schema.org\",\"@graph\":[{\"@type\":\"WebPage\",\"@id\":\"https:\/\/maryandthewax.com\/?product=panier-chawawax-holland-fushia-and-light-lagoon-flowers\",\"url\":\"https:\/\/maryandthewax.com\/?product=panier-chawawax-holland-fushia-and-light-lagoon-flowers\",\"name\":\"PANIER CHAWAWAX HOLLAND FUSHIA AND LIGHT LAGOON FLOWERS - maryandthewax.com\",\"isPartOf\":{\"@id\":\"https:\/\/maryandthewax.com\/#website\"},\"primaryImageOfPage\":{\"@id\":\"https:\/\/maryandthewax.com\/?product=panier-chawawax-holland-fushia-and-light-lagoon-flowers#primaryimage\"},\"image\":{\"@id\":\"https:\/\/maryandthewax.com\/?product=panier-chawawax-holland-fushia-and-light-lagoon-flowers#primaryimage\"},\"thumbnailUrl\":\"https:\/\/maryandthewax.com\/wp-content\/uploads\/2023\/10\/D3-153-PANIER-CHAWAWAX-HOLLAND-FUSHIA-AND-LIGHT-LAGOON-FLOWERS-1L-PHOTO-1-min.jpg\",\"datePublished\":\"2023-10-05T15:55:48+00:00\",\"dateModified\":\"2024-01-05T08:09:50+00:00\",\"breadcrumb\":{\"@id\":\"https:\/\/maryandthewax.com\/?product=panier-chawawax-holland-fushia-and-light-lagoon-flowers#breadcrumb\"},\"inLanguage\":\"fr-FR\",\"potentialAction\":[{\"@type\":\"ReadAction\",\"target\":[\"https:\/\/maryandthewax.com\/?product=panier-chawawax-holland-fushia-and-light-lagoon-flowers\"]}]},{\"@type\":\"ImageObject\",\"inLanguage\":\"fr-FR\",\"@id\":\"https:\/\/maryandthewax.com\/?product=panier-chawawax-holland-fushia-and-light-lagoon-flowers#primaryimage\",\"url\":\"https:\/\/maryandthewax.com\/wp-content\/uploads\/2023\/10\/D3-153-PANIER-CHAWAWAX-HOLLAND-FUSHIA-AND-LIGHT-LAGOON-FLOWERS-1L-PHOTO-1-min.jpg\",\"contentUrl\":\"https:\/\/maryandthewax.com\/wp-content\/uploads\/2023\/10\/D3-153-PANIER-CHAWAWAX-HOLLAND-FUSHIA-AND-LIGHT-LAGOON-FLOWERS-1L-PHOTO-1-min.jpg\",\"width\":1920,\"height\":1916},{\"@type\":\"BreadcrumbList\",\"@id\":\"https:\/\/maryandthewax.com\/?product=panier-chawawax-holland-fushia-and-light-lagoon-flowers#breadcrumb\",\"itemListElement\":[{\"@type\":\"ListItem\",\"position\":1,\"name\":\"Accueil\",\"item\":\"https:\/\/maryandthewax.com\/\"},{\"@type\":\"ListItem\",\"position\":2,\"name\":\"Shop\",\"item\":\"https:\/\/maryandthewax.com\/?page_id=252790\"},{\"@type\":\"ListItem\",\"position\":3,\"name\":\"PANIER CHAWAWAX HOLLAND FUSHIA AND LIGHT LAGOON FLOWERS\"}]},{\"@type\":\"WebSite\",\"@id\":\"https:\/\/maryandthewax.com\/#website\",\"url\":\"https:\/\/maryandthewax.com\/\",\"name\":\"maryandthewax.com\",\"description\":\"\",\"publisher\":{\"@id\":\"https:\/\/maryandthewax.com\/#organization\"},\"potentialAction\":[{\"@type\":\"SearchAction\",\"target\":{\"@type\":\"EntryPoint\",\"urlTemplate\":\"https:\/\/maryandthewax.com\/?s={search_term_string}\"},\"query-input\":{\"@type\":\"PropertyValueSpecification\",\"valueRequired\":true,\"valueName\":\"search_term_string\"}}],\"inLanguage\":\"fr-FR\"},{\"@type\":\"Organization\",\"@id\":\"https:\/\/maryandthewax.com\/#organization\",\"name\":\"maryandthewax.com\",\"url\":\"https:\/\/maryandthewax.com\/\",\"logo\":{\"@type\":\"ImageObject\",\"inLanguage\":\"fr-FR\",\"@id\":\"https:\/\/maryandthewax.com\/#\/schema\/logo\/image\/\",\"url\":\"https:\/\/maryandthewax.com\/wp-content\/uploads\/2023\/11\/LOGO-MATW-THE-WC-ROND-COULEUR-1080x1080-1.jpg\",\"contentUrl\":\"https:\/\/maryandthewax.com\/wp-content\/uploads\/2023\/11\/LOGO-MATW-THE-WC-ROND-COULEUR-1080x1080-1.jpg\",\"width\":1080,\"height\":1080,\"caption\":\"maryandthewax.com\"},\"image\":{\"@id\":\"https:\/\/maryandthewax.com\/#\/schema\/logo\/image\/\"},\"sameAs\":[\"https:\/\/www.instagram.com\/maryandthewax\/\"]}]}<\/script>\n<!-- \/ Yoast SEO plugin. -->","yoast_head_json":{"title":"PANIER CHAWAWAX HOLLAND FUSHIA AND LIGHT LAGOON FLOWERS - maryandthewax.com","robots":{"index":"index","follow":"follow","max-snippet":"max-snippet:-1","max-image-preview":"max-image-preview:large","max-video-preview":"max-video-preview:-1"},"canonical":"https:\/\/maryandthewax.com\/?product=panier-chawawax-holland-fushia-and-light-lagoon-flowers","og_locale":"fr_FR","og_type":"article","og_title":"PANIER CHAWAWAX HOLLAND FUSHIA AND LIGHT LAGOON FLOWERS - maryandthewax.com","og_description":"Comment parfaire votre d\u00e9coration par une touche originale de Wax\u00a0? Le Panier CHAWAWAX sera l\u2019objet id\u00e9al pour allier l\u2019utile \u00e0 l\u2019agr\u00e9able d\u00e9co. Il vous permettra d\u2019y ranger vos petits objets, votre petit linge mais aussi vos petites plantes d\u2019int\u00e9rieur. Il saura s\u2019adapter \u00e0 vos diff\u00e9rentes ambiances de d\u00e9coration tout en y rajoutant le petit suppl\u00e9ment piment.\u00a0 Dans une chambre d\u2019enfant ou dans le salon voire au bureau, il saura mettre du peps dans sa pi\u00e8ce de destination. D\u00e9clin\u00e9 sous diff\u00e9rents formats, S (Small), M (Medium) et L (Large), il est l\u00e9g\u00e8rement renforc\u00e9 pour une meilleure tenue. Sa doublure unie le rend r\u00e9versible et participe \u00e0 son maintien ainsi qu\u2019\u00e0 ses jolies finitions. Fait main dans l\u2019atelier de Mary, votre MIAWAX est fabriqu\u00e9 en tr\u00e8s petite quantit\u00e9 voire en mod\u00e8le unique. La position du motif peut varier selon le mod\u00e8le.","og_url":"https:\/\/maryandthewax.com\/?product=panier-chawawax-holland-fushia-and-light-lagoon-flowers","og_site_name":"maryandthewax.com","article_modified_time":"2024-01-05T08:09:50+00:00","og_image":[{"width":1920,"height":1916,"url":"https:\/\/maryandthewax.com\/wp-content\/uploads\/2023\/10\/D3-153-PANIER-CHAWAWAX-HOLLAND-FUSHIA-AND-LIGHT-LAGOON-FLOWERS-1L-PHOTO-1-min.jpg","type":"image\/jpeg"}],"twitter_card":"summary_large_image","twitter_misc":{"Dur\u00e9e de lecture estim\u00e9e":"1 minute"},"schema":{"@context":"https:\/\/schema.org","@graph":[{"@type":"WebPage","@id":"https:\/\/maryandthewax.com\/?product=panier-chawawax-holland-fushia-and-light-lagoon-flowers","url":"https:\/\/maryandthewax.com\/?product=panier-chawawax-holland-fushia-and-light-lagoon-flowers","name":"PANIER CHAWAWAX HOLLAND FUSHIA AND LIGHT LAGOON FLOWERS - maryandthewax.com","isPartOf":{"@id":"https:\/\/maryandthewax.com\/#website"},"primaryImageOfPage":{"@id":"https:\/\/maryandthewax.com\/?product=panier-chawawax-holland-fushia-and-light-lagoon-flowers#primaryimage"},"image":{"@id":"https:\/\/maryandthewax.com\/?product=panier-chawawax-holland-fushia-and-light-lagoon-flowers#primaryimage"},"thumbnailUrl":"https:\/\/maryandthewax.com\/wp-content\/uploads\/2023\/10\/D3-153-PANIER-CHAWAWAX-HOLLAND-FUSHIA-AND-LIGHT-LAGOON-FLOWERS-1L-PHOTO-1-min.jpg","datePublished":"2023-10-05T15:55:48+00:00","dateModified":"2024-01-05T08:09:50+00:00","breadcrumb":{"@id":"https:\/\/maryandthewax.com\/?product=panier-chawawax-holland-fushia-and-light-lagoon-flowers#breadcrumb"},"inLanguage":"fr-FR","potentialAction":[{"@type":"ReadAction","target":["https:\/\/maryandthewax.com\/?product=panier-chawawax-holland-fushia-and-light-lagoon-flowers"]}]},{"@type":"ImageObject","inLanguage":"fr-FR","@id":"https:\/\/maryandthewax.com\/?product=panier-chawawax-holland-fushia-and-light-lagoon-flowers#primaryimage","url":"https:\/\/maryandthewax.com\/wp-content\/uploads\/2023\/10\/D3-153-PANIER-CHAWAWAX-HOLLAND-FUSHIA-AND-LIGHT-LAGOON-FLOWERS-1L-PHOTO-1-min.jpg","contentUrl":"https:\/\/maryandthewax.com\/wp-content\/uploads\/2023\/10\/D3-153-PANIER-CHAWAWAX-HOLLAND-FUSHIA-AND-LIGHT-LAGOON-FLOWERS-1L-PHOTO-1-min.jpg","width":1920,"height":1916},{"@type":"BreadcrumbList","@id":"https:\/\/maryandthewax.com\/?product=panier-chawawax-holland-fushia-and-light-lagoon-flowers#breadcrumb","itemListElement":[{"@type":"ListItem","position":1,"name":"Accueil","item":"https:\/\/maryandthewax.com\/"},{"@type":"ListItem","position":2,"name":"Shop","item":"https:\/\/maryandthewax.com\/?page_id=252790"},{"@type":"ListItem","position":3,"name":"PANIER CHAWAWAX HOLLAND FUSHIA AND LIGHT LAGOON FLOWERS"}]},{"@type":"WebSite","@id":"https:\/\/maryandthewax.com\/#website","url":"https:\/\/maryandthewax.com\/","name":"maryandthewax.com","description":"","publisher":{"@id":"https:\/\/maryandthewax.com\/#organization"},"potentialAction":[{"@type":"SearchAction","target":{"@type":"EntryPoint","urlTemplate":"https:\/\/maryandthewax.com\/?s={search_term_string}"},"query-input":{"@type":"PropertyValueSpecification","valueRequired":true,"valueName":"search_term_string"}}],"inLanguage":"fr-FR"},{"@type":"Organization","@id":"https:\/\/maryandthewax.com\/#organization","name":"maryandthewax.com","url":"https:\/\/maryandthewax.com\/","logo":{"@type":"ImageObject","inLanguage":"fr-FR","@id":"https:\/\/maryandthewax.com\/#\/schema\/logo\/image\/","url":"https:\/\/maryandthewax.com\/wp-content\/uploads\/2023\/11\/LOGO-MATW-THE-WC-ROND-COULEUR-1080x1080-1.jpg","contentUrl":"https:\/\/maryandthewax.com\/wp-content\/uploads\/2023\/11\/LOGO-MATW-THE-WC-ROND-COULEUR-1080x1080-1.jpg","width":1080,"height":1080,"caption":"maryandthewax.com"},"image":{"@id":"https:\/\/maryandthewax.com\/#\/schema\/logo\/image\/"},"sameAs":["https:\/\/www.instagram.com\/maryandthewax\/"]}]}},"_links":{"self":[{"href":"https:\/\/maryandthewax.com\/index.php?rest_route=\/wp\/v2\/product\/256238","targetHints":{"allow":["GET"]}}],"collection":[{"href":"https:\/\/maryandthewax.com\/index.php?rest_route=\/wp\/v2\/product"}],"about":[{"href":"https:\/\/maryandthewax.com\/index.php?rest_route=\/wp\/v2\/types\/product"}],"replies":[{"embeddable":true,"href":"https:\/\/maryandthewax.com\/index.php?rest_route=%2Fwp%2Fv2%2Fcomments&post=256238"}],"wp:featuredmedia":[{"embeddable":true,"href":"https:\/\/maryandthewax.com\/index.php?rest_route=\/wp\/v2\/media\/256180"}],"wp:attachment":[{"href":"https:\/\/maryandthewax.com\/index.php?rest_route=%2Fwp%2Fv2%2Fmedia&parent=256238"}],"wp:term":[{"taxonomy":"product_cat","embeddable":true,"href":"https:\/\/maryandthewax.com\/index.php?rest_route=%2Fwp%2Fv2%2Fproduct_cat&post=256238"},{"taxonomy":"product_tag","embeddable":true,"href":"https:\/\/maryandthewax.com\/index.php?rest_route=%2Fwp%2Fv2%2Fproduct_tag&post=256238"}],"curies":[{"name":"wp","href":"https:\/\/api.w.org\/{rel}","templated":true}]}}