{"id":256000,"date":"2023-09-29T06:22:48","date_gmt":"2023-09-29T10:22:48","guid":{"rendered":"https:\/\/maryandthewax.com\/?post_type=product&#038;p=256000"},"modified":"2023-12-04T07:42:31","modified_gmt":"2023-12-04T11:42:31","slug":"luminaire-2-copie","status":"publish","type":"product","link":"https:\/\/maryandthewax.com\/?product=luminaire-2-copie","title":{"rendered":"POUF MODELE W ORANGE AND YELLOW NIGERIA LIBELLULE"},"content":{"rendered":"<p class=\"p1\">Le pouf sap\u00e9 en wax s\u2019invite lui aussi dans l\u2019inspiration d\u00e9co wax de Mary. Encore un accessoire d\u00e9co sap\u00e9 en wax qui donnera style \u00e0 sa pi\u00e8ce de destination. Dans la chambre ou au salon, il trouvera sa place et son utilit\u00e9.<span class=\"Apple-converted-space\">\u00a0<\/span><\/p>\n<p class=\"p1\">Le grand choix de tissus de Mary laissera libre court \u00e0 vos envies de couleurs des plus funkys aux plus sobres. Le pouf est d\u00e9houssable afin d\u2019en permettre l\u2019entretien facile, mais aussi, pourquoi pas, afin de vous permettre de varier sur les habillages selon votre humeur.<\/p>\n<p class=\"p1\">Mary vous propose des mod\u00e8les de poufs de sa s\u00e9lection.<\/p>\n<p class=\"p1\">Votre pouf est sap\u00e9 avec soin dans l\u2019atelier de Mary. La position du motif peut varier selon le mod\u00e8le.<\/p>\n<p class=\"p1\">Vous trouverez votre bonheur dans la s\u00e9lection disponible sur le site ou en passant <span class=\"s1\"><b>commande<\/b><\/span> dans l\u2019onglet \u00ab\u00a0sur commande\u00a0\u00bb vous permettant d\u2019\u00e9largir le choix de tissus.<span class=\"Apple-converted-space\">\u00a0<\/span><\/p>\n<p class=\"p2\"><span class=\"Apple-converted-space\">\u00a0<\/span><\/p>\n","protected":false},"excerpt":{"rendered":"<p class=\"p1\">Le pouf sap\u00e9 en wax s\u2019invite lui aussi dans l\u2019inspiration d\u00e9co wax de Mary. Encore un accessoire d\u00e9co sap\u00e9 en wax qui donnera style \u00e0 sa pi\u00e8ce de destination. Dans la chambre ou au salon, il trouvera sa place et son utilit\u00e9.<span class=\"Apple-converted-space\">\u00a0<\/span><\/p>\n<p class=\"p1\">Le grand choix de tissus de Mary laissera libre court \u00e0 vos envies de couleurs des plus funkys aux plus sobres. Le pouf est d\u00e9houssable afin d\u2019en permettre l\u2019entretien facile, mais aussi, pourquoi pas, afin de vous permettre de varier sur les habillages selon votre humeur.<\/p>\n<p class=\"p1\">Mary vous propose des mod\u00e8les de poufs de sa s\u00e9lection.<\/p>\n<p class=\"p1\">Votre pouf est sap\u00e9 avec soin dans l\u2019atelier de Mary. La position du motif peut varier selon le mod\u00e8le.<\/p>\n<p class=\"p1\">Vous trouverez votre bonheur dans la s\u00e9lection disponible sur le site ou en passant <span class=\"s1\"><b>commande<\/b><\/span> dans l\u2019onglet \u00ab\u00a0sur commande\u00a0\u00bb vous permettant d\u2019\u00e9largir le choix de tissus.<span class=\"Apple-converted-space\">\u00a0<\/span><\/p>\n<p class=\"p2\"><span class=\"Apple-converted-space\">\u00a0<\/span><\/p>\n","protected":false},"featured_media":256001,"comment_status":"open","ping_status":"closed","template":"","meta":{"_acf_changed":false,"_et_pb_use_builder":"off","_et_pb_old_content":"<p class=\"p1\">Ce porte cl\u00e9 vous accompagnera partout. Ses couleurs vives en feront un atout ind\u00e9niable pour rep\u00e9rer vos pr\u00e9cieuses cl\u00e9s que vous ne trouvez jamais. Il pourra \u00e9galement agr\u00e9menter vos sacs tel un bijou mais aussi les sacs et cartables des plus petits. Offert, il vous permettra de faire passer les messages les plus inattendus. Un petit canard pour les canailles ou un c\u0153ur pour d\u00e9clarer vos sentiments, il peut faire tout cela \u00e0 la fois.<\/p>\r\n<p class=\"p1\">Son rembourrage made in France est dense. Il suffit de lui enlever son anneau ou mousqueton pour le laver. Il vous accompagnera dans votre quotidien ou dans vos occasions sp\u00e9ciales et vous permettra de rep\u00e9rer vos sacs et accessoires en un coup d\u2019\u0153il. Finitions soign\u00e9es et couleurs originales sont \u00e9galement ses atouts majeurs.<\/p>\r\n<p class=\"p1\">Fait main dans l\u2019atelier de Mary, ce porte cl\u00e9 est fabriqu\u00e9 en tr\u00e8s petite quantit\u00e9 voire en mod\u00e8le unique. La position du motif peut varier selon le mod\u00e8le.<\/p>","_et_gb_content_width":""},"product_cat":[23,48],"product_tag":[178],"class_list":{"0":"post-256000","1":"product","2":"type-product","3":"status-publish","4":"has-post-thumbnail","6":"product_cat-decoration","7":"product_cat-poufs","8":"product_tag-fabric-orange-and-yellow-nigeria-libellule","9":"product_shipping_class-pru","11":"first","12":"instock","13":"purchasable","14":"product-type-simple"},"acf":[],"yoast_head":"<!-- This site is optimized with the Yoast SEO plugin v27.1.1 - https:\/\/yoast.com\/product\/yoast-seo-wordpress\/ -->\n<title>POUF MODELE W ORANGE AND YELLOW NIGERIA LIBELLULE - maryandthewax.com<\/title>\n<meta name=\"robots\" content=\"index, follow, max-snippet:-1, max-image-preview:large, max-video-preview:-1\" \/>\n<link rel=\"canonical\" href=\"https:\/\/maryandthewax.com\/?product=luminaire-2-copie\" \/>\n<meta property=\"og:locale\" content=\"fr_FR\" \/>\n<meta property=\"og:type\" content=\"article\" \/>\n<meta property=\"og:title\" content=\"POUF MODELE W ORANGE AND YELLOW NIGERIA LIBELLULE - maryandthewax.com\" \/>\n<meta property=\"og:description\" content=\"Le pouf sap\u00e9 en wax s\u2019invite lui aussi dans l\u2019inspiration d\u00e9co wax de Mary. Encore un accessoire d\u00e9co sap\u00e9 en wax qui donnera style \u00e0 sa pi\u00e8ce de destination. Dans la chambre ou au salon, il trouvera sa place et son utilit\u00e9.\u00a0 Le grand choix de tissus de Mary laissera libre court \u00e0 vos envies de couleurs des plus funkys aux plus sobres. Le pouf est d\u00e9houssable afin d\u2019en permettre l\u2019entretien facile, mais aussi, pourquoi pas, afin de vous permettre de varier sur les habillages selon votre humeur. Mary vous propose des mod\u00e8les de poufs de sa s\u00e9lection. Votre pouf est sap\u00e9 avec soin dans l\u2019atelier de Mary. La position du motif peut varier selon le mod\u00e8le. Vous trouverez votre bonheur dans la s\u00e9lection disponible sur le site ou en passant commande dans l\u2019onglet \u00ab\u00a0sur commande\u00a0\u00bb vous permettant d\u2019\u00e9largir le choix de tissus.\u00a0 \u00a0\" \/>\n<meta property=\"og:url\" content=\"https:\/\/maryandthewax.com\/?product=luminaire-2-copie\" \/>\n<meta property=\"og:site_name\" content=\"maryandthewax.com\" \/>\n<meta property=\"article:modified_time\" content=\"2023-12-04T11:42:31+00:00\" \/>\n<meta property=\"og:image\" content=\"https:\/\/maryandthewax.com\/wp-content\/uploads\/2023\/09\/D7-001-POUF-MODELE-W-ORANGE-AND-YELLOW-NIGERIA-LIBELLULE-1-PHOTO-1-min.jpg\" \/>\n\t<meta property=\"og:image:width\" content=\"1920\" \/>\n\t<meta property=\"og:image:height\" content=\"1916\" \/>\n\t<meta property=\"og:image:type\" content=\"image\/jpeg\" \/>\n<meta name=\"twitter:card\" content=\"summary_large_image\" \/>\n<meta name=\"twitter:label1\" content=\"Dur\u00e9e de lecture estim\u00e9e\" \/>\n\t<meta name=\"twitter:data1\" content=\"1 minute\" \/>\n<script type=\"application\/ld+json\" class=\"yoast-schema-graph\">{\"@context\":\"https:\/\/schema.org\",\"@graph\":[{\"@type\":\"WebPage\",\"@id\":\"https:\/\/maryandthewax.com\/?product=luminaire-2-copie\",\"url\":\"https:\/\/maryandthewax.com\/?product=luminaire-2-copie\",\"name\":\"POUF MODELE W ORANGE AND YELLOW NIGERIA LIBELLULE - maryandthewax.com\",\"isPartOf\":{\"@id\":\"https:\/\/maryandthewax.com\/#website\"},\"primaryImageOfPage\":{\"@id\":\"https:\/\/maryandthewax.com\/?product=luminaire-2-copie#primaryimage\"},\"image\":{\"@id\":\"https:\/\/maryandthewax.com\/?product=luminaire-2-copie#primaryimage\"},\"thumbnailUrl\":\"https:\/\/maryandthewax.com\/wp-content\/uploads\/2023\/09\/D7-001-POUF-MODELE-W-ORANGE-AND-YELLOW-NIGERIA-LIBELLULE-1-PHOTO-1-min.jpg\",\"datePublished\":\"2023-09-29T10:22:48+00:00\",\"dateModified\":\"2023-12-04T11:42:31+00:00\",\"breadcrumb\":{\"@id\":\"https:\/\/maryandthewax.com\/?product=luminaire-2-copie#breadcrumb\"},\"inLanguage\":\"fr-FR\",\"potentialAction\":[{\"@type\":\"ReadAction\",\"target\":[\"https:\/\/maryandthewax.com\/?product=luminaire-2-copie\"]}]},{\"@type\":\"ImageObject\",\"inLanguage\":\"fr-FR\",\"@id\":\"https:\/\/maryandthewax.com\/?product=luminaire-2-copie#primaryimage\",\"url\":\"https:\/\/maryandthewax.com\/wp-content\/uploads\/2023\/09\/D7-001-POUF-MODELE-W-ORANGE-AND-YELLOW-NIGERIA-LIBELLULE-1-PHOTO-1-min.jpg\",\"contentUrl\":\"https:\/\/maryandthewax.com\/wp-content\/uploads\/2023\/09\/D7-001-POUF-MODELE-W-ORANGE-AND-YELLOW-NIGERIA-LIBELLULE-1-PHOTO-1-min.jpg\",\"width\":1920,\"height\":1916},{\"@type\":\"BreadcrumbList\",\"@id\":\"https:\/\/maryandthewax.com\/?product=luminaire-2-copie#breadcrumb\",\"itemListElement\":[{\"@type\":\"ListItem\",\"position\":1,\"name\":\"Accueil\",\"item\":\"https:\/\/maryandthewax.com\/\"},{\"@type\":\"ListItem\",\"position\":2,\"name\":\"Shop\",\"item\":\"https:\/\/maryandthewax.com\/?page_id=252790\"},{\"@type\":\"ListItem\",\"position\":3,\"name\":\"POUF MODELE W ORANGE AND YELLOW NIGERIA LIBELLULE\"}]},{\"@type\":\"WebSite\",\"@id\":\"https:\/\/maryandthewax.com\/#website\",\"url\":\"https:\/\/maryandthewax.com\/\",\"name\":\"maryandthewax.com\",\"description\":\"\",\"publisher\":{\"@id\":\"https:\/\/maryandthewax.com\/#organization\"},\"potentialAction\":[{\"@type\":\"SearchAction\",\"target\":{\"@type\":\"EntryPoint\",\"urlTemplate\":\"https:\/\/maryandthewax.com\/?s={search_term_string}\"},\"query-input\":{\"@type\":\"PropertyValueSpecification\",\"valueRequired\":true,\"valueName\":\"search_term_string\"}}],\"inLanguage\":\"fr-FR\"},{\"@type\":\"Organization\",\"@id\":\"https:\/\/maryandthewax.com\/#organization\",\"name\":\"maryandthewax.com\",\"url\":\"https:\/\/maryandthewax.com\/\",\"logo\":{\"@type\":\"ImageObject\",\"inLanguage\":\"fr-FR\",\"@id\":\"https:\/\/maryandthewax.com\/#\/schema\/logo\/image\/\",\"url\":\"https:\/\/maryandthewax.com\/wp-content\/uploads\/2023\/11\/LOGO-MATW-THE-WC-ROND-COULEUR-1080x1080-1.jpg\",\"contentUrl\":\"https:\/\/maryandthewax.com\/wp-content\/uploads\/2023\/11\/LOGO-MATW-THE-WC-ROND-COULEUR-1080x1080-1.jpg\",\"width\":1080,\"height\":1080,\"caption\":\"maryandthewax.com\"},\"image\":{\"@id\":\"https:\/\/maryandthewax.com\/#\/schema\/logo\/image\/\"},\"sameAs\":[\"https:\/\/www.instagram.com\/maryandthewax\/\"]}]}<\/script>\n<!-- \/ Yoast SEO plugin. -->","yoast_head_json":{"title":"POUF MODELE W ORANGE AND YELLOW NIGERIA LIBELLULE - maryandthewax.com","robots":{"index":"index","follow":"follow","max-snippet":"max-snippet:-1","max-image-preview":"max-image-preview:large","max-video-preview":"max-video-preview:-1"},"canonical":"https:\/\/maryandthewax.com\/?product=luminaire-2-copie","og_locale":"fr_FR","og_type":"article","og_title":"POUF MODELE W ORANGE AND YELLOW NIGERIA LIBELLULE - maryandthewax.com","og_description":"Le pouf sap\u00e9 en wax s\u2019invite lui aussi dans l\u2019inspiration d\u00e9co wax de Mary. Encore un accessoire d\u00e9co sap\u00e9 en wax qui donnera style \u00e0 sa pi\u00e8ce de destination. Dans la chambre ou au salon, il trouvera sa place et son utilit\u00e9.\u00a0 Le grand choix de tissus de Mary laissera libre court \u00e0 vos envies de couleurs des plus funkys aux plus sobres. Le pouf est d\u00e9houssable afin d\u2019en permettre l\u2019entretien facile, mais aussi, pourquoi pas, afin de vous permettre de varier sur les habillages selon votre humeur. Mary vous propose des mod\u00e8les de poufs de sa s\u00e9lection. Votre pouf est sap\u00e9 avec soin dans l\u2019atelier de Mary. La position du motif peut varier selon le mod\u00e8le. Vous trouverez votre bonheur dans la s\u00e9lection disponible sur le site ou en passant commande dans l\u2019onglet \u00ab\u00a0sur commande\u00a0\u00bb vous permettant d\u2019\u00e9largir le choix de tissus.\u00a0 \u00a0","og_url":"https:\/\/maryandthewax.com\/?product=luminaire-2-copie","og_site_name":"maryandthewax.com","article_modified_time":"2023-12-04T11:42:31+00:00","og_image":[{"width":1920,"height":1916,"url":"https:\/\/maryandthewax.com\/wp-content\/uploads\/2023\/09\/D7-001-POUF-MODELE-W-ORANGE-AND-YELLOW-NIGERIA-LIBELLULE-1-PHOTO-1-min.jpg","type":"image\/jpeg"}],"twitter_card":"summary_large_image","twitter_misc":{"Dur\u00e9e de lecture estim\u00e9e":"1 minute"},"schema":{"@context":"https:\/\/schema.org","@graph":[{"@type":"WebPage","@id":"https:\/\/maryandthewax.com\/?product=luminaire-2-copie","url":"https:\/\/maryandthewax.com\/?product=luminaire-2-copie","name":"POUF MODELE W ORANGE AND YELLOW NIGERIA LIBELLULE - maryandthewax.com","isPartOf":{"@id":"https:\/\/maryandthewax.com\/#website"},"primaryImageOfPage":{"@id":"https:\/\/maryandthewax.com\/?product=luminaire-2-copie#primaryimage"},"image":{"@id":"https:\/\/maryandthewax.com\/?product=luminaire-2-copie#primaryimage"},"thumbnailUrl":"https:\/\/maryandthewax.com\/wp-content\/uploads\/2023\/09\/D7-001-POUF-MODELE-W-ORANGE-AND-YELLOW-NIGERIA-LIBELLULE-1-PHOTO-1-min.jpg","datePublished":"2023-09-29T10:22:48+00:00","dateModified":"2023-12-04T11:42:31+00:00","breadcrumb":{"@id":"https:\/\/maryandthewax.com\/?product=luminaire-2-copie#breadcrumb"},"inLanguage":"fr-FR","potentialAction":[{"@type":"ReadAction","target":["https:\/\/maryandthewax.com\/?product=luminaire-2-copie"]}]},{"@type":"ImageObject","inLanguage":"fr-FR","@id":"https:\/\/maryandthewax.com\/?product=luminaire-2-copie#primaryimage","url":"https:\/\/maryandthewax.com\/wp-content\/uploads\/2023\/09\/D7-001-POUF-MODELE-W-ORANGE-AND-YELLOW-NIGERIA-LIBELLULE-1-PHOTO-1-min.jpg","contentUrl":"https:\/\/maryandthewax.com\/wp-content\/uploads\/2023\/09\/D7-001-POUF-MODELE-W-ORANGE-AND-YELLOW-NIGERIA-LIBELLULE-1-PHOTO-1-min.jpg","width":1920,"height":1916},{"@type":"BreadcrumbList","@id":"https:\/\/maryandthewax.com\/?product=luminaire-2-copie#breadcrumb","itemListElement":[{"@type":"ListItem","position":1,"name":"Accueil","item":"https:\/\/maryandthewax.com\/"},{"@type":"ListItem","position":2,"name":"Shop","item":"https:\/\/maryandthewax.com\/?page_id=252790"},{"@type":"ListItem","position":3,"name":"POUF MODELE W ORANGE AND YELLOW NIGERIA LIBELLULE"}]},{"@type":"WebSite","@id":"https:\/\/maryandthewax.com\/#website","url":"https:\/\/maryandthewax.com\/","name":"maryandthewax.com","description":"","publisher":{"@id":"https:\/\/maryandthewax.com\/#organization"},"potentialAction":[{"@type":"SearchAction","target":{"@type":"EntryPoint","urlTemplate":"https:\/\/maryandthewax.com\/?s={search_term_string}"},"query-input":{"@type":"PropertyValueSpecification","valueRequired":true,"valueName":"search_term_string"}}],"inLanguage":"fr-FR"},{"@type":"Organization","@id":"https:\/\/maryandthewax.com\/#organization","name":"maryandthewax.com","url":"https:\/\/maryandthewax.com\/","logo":{"@type":"ImageObject","inLanguage":"fr-FR","@id":"https:\/\/maryandthewax.com\/#\/schema\/logo\/image\/","url":"https:\/\/maryandthewax.com\/wp-content\/uploads\/2023\/11\/LOGO-MATW-THE-WC-ROND-COULEUR-1080x1080-1.jpg","contentUrl":"https:\/\/maryandthewax.com\/wp-content\/uploads\/2023\/11\/LOGO-MATW-THE-WC-ROND-COULEUR-1080x1080-1.jpg","width":1080,"height":1080,"caption":"maryandthewax.com"},"image":{"@id":"https:\/\/maryandthewax.com\/#\/schema\/logo\/image\/"},"sameAs":["https:\/\/www.instagram.com\/maryandthewax\/"]}]}},"_links":{"self":[{"href":"https:\/\/maryandthewax.com\/index.php?rest_route=\/wp\/v2\/product\/256000","targetHints":{"allow":["GET"]}}],"collection":[{"href":"https:\/\/maryandthewax.com\/index.php?rest_route=\/wp\/v2\/product"}],"about":[{"href":"https:\/\/maryandthewax.com\/index.php?rest_route=\/wp\/v2\/types\/product"}],"replies":[{"embeddable":true,"href":"https:\/\/maryandthewax.com\/index.php?rest_route=%2Fwp%2Fv2%2Fcomments&post=256000"}],"wp:featuredmedia":[{"embeddable":true,"href":"https:\/\/maryandthewax.com\/index.php?rest_route=\/wp\/v2\/media\/256001"}],"wp:attachment":[{"href":"https:\/\/maryandthewax.com\/index.php?rest_route=%2Fwp%2Fv2%2Fmedia&parent=256000"}],"wp:term":[{"taxonomy":"product_cat","embeddable":true,"href":"https:\/\/maryandthewax.com\/index.php?rest_route=%2Fwp%2Fv2%2Fproduct_cat&post=256000"},{"taxonomy":"product_tag","embeddable":true,"href":"https:\/\/maryandthewax.com\/index.php?rest_route=%2Fwp%2Fv2%2Fproduct_tag&post=256000"}],"curies":[{"name":"wp","href":"https:\/\/api.w.org\/{rel}","templated":true}]}}