{"id":255964,"date":"2023-09-29T05:45:46","date_gmt":"2023-09-29T09:45:46","guid":{"rendered":"https:\/\/maryandthewax.com\/?post_type=product&#038;p=255964"},"modified":"2023-12-24T12:16:51","modified_gmt":"2023-12-24T16:16:51","slug":"coussin-tche-light-blue-conseiller","status":"publish","type":"product","link":"https:\/\/maryandthewax.com\/?product=coussin-tche-light-blue-conseiller","title":{"rendered":"COUSSIN TCHE LIGHT BLUE CONSEILLER"},"content":{"rendered":"<p class=\"p1\">Le coussin est un des \u00e9l\u00e9ments de d\u00e9coration capable \u00e0 lui tout seul de donner un caract\u00e8re fort \u00e0 une pi\u00e8ce. Mais quand il prend la forme d\u2019un c\u0153ur, il surprend et laisse sans voix\u00a0! Particuli\u00e8rement dodu, il est ferme pour une tenue \u00e0 la hauteur de ce qu\u2019il exprime\u2026<\/p>\n<p class=\"p1\">Le grand choix de tissus, et donc de couleurs, de Mary laissera libre court \u00e0 vos envies.<\/p>\n<p class=\"p1\">D\u00e9clin\u00e9 sous un format unique, il n\u2019est pas d\u00e9houssable. Sa doublure et ses double-coutures lui assurent une meilleure tenue dans le temps. Son rembourrage made in France est dense, lavable, antiallergique et imputrescible.<\/p>\n<p class=\"p1\">Fait main dans l\u2019atelier de Mary, votre coussin c\u0153ur est fabriqu\u00e9e avec soin en tr\u00e8s petite quantit\u00e9 voire en mod\u00e8le unique. La position du motif peut varier selon le mod\u00e8le.<\/p>\n","protected":false},"excerpt":{"rendered":"<p class=\"p1\">Le coussin est un des \u00e9l\u00e9ments de d\u00e9coration capable \u00e0 lui tout seul de donner un caract\u00e8re fort \u00e0 une pi\u00e8ce. Mais quand il prend la forme d\u2019un c\u0153ur, il surprend et laisse sans voix\u00a0! Particuli\u00e8rement dodu, il est ferme pour une tenue \u00e0 la hauteur de ce qu\u2019il exprime\u2026<\/p>\n<p class=\"p1\">Le grand choix de tissus, et donc de couleurs, de Mary laissera libre court \u00e0 vos envies.<\/p>\n<p class=\"p1\">D\u00e9clin\u00e9 sous un format unique, il n\u2019est pas d\u00e9houssable. Sa doublure et ses double-coutures lui assurent une meilleure tenue dans le temps. Son rembourrage made in France est dense, lavable, antiallergique et imputrescible.<\/p>\n<p class=\"p1\">Fait main dans l\u2019atelier de Mary, votre coussin c\u0153ur est fabriqu\u00e9e avec soin en tr\u00e8s petite quantit\u00e9 voire en mod\u00e8le unique. La position du motif peut varier selon le mod\u00e8le.<\/p>\n","protected":false},"featured_media":255959,"comment_status":"open","ping_status":"closed","template":"","meta":{"_acf_changed":false,"_et_pb_use_builder":"off","_et_pb_old_content":"<p class=\"p1\">Ce porte cl\u00e9 vous accompagnera partout. Ses couleurs vives en feront un atout ind\u00e9niable pour rep\u00e9rer vos pr\u00e9cieuses cl\u00e9s que vous ne trouvez jamais. Il pourra \u00e9galement agr\u00e9menter vos sacs tel un bijou mais aussi les sacs et cartables des plus petits. Offert, il vous permettra de faire passer les messages les plus inattendus. Un petit canard pour les canailles ou un c\u0153ur pour d\u00e9clarer vos sentiments, il peut faire tout cela \u00e0 la fois.<\/p>\r\n<p class=\"p1\">Son rembourrage made in France est dense. Il suffit de lui enlever son anneau ou mousqueton pour le laver. Il vous accompagnera dans votre quotidien ou dans vos occasions sp\u00e9ciales et vous permettra de rep\u00e9rer vos sacs et accessoires en un coup d\u2019\u0153il. Finitions soign\u00e9es et couleurs originales sont \u00e9galement ses atouts majeurs.<\/p>\r\n<p class=\"p1\">Fait main dans l\u2019atelier de Mary, ce porte cl\u00e9 est fabriqu\u00e9 en tr\u00e8s petite quantit\u00e9 voire en mod\u00e8le unique. La position du motif peut varier selon le mod\u00e8le.<\/p>","_et_gb_content_width":""},"product_cat":[97,23],"product_tag":[115],"class_list":{"0":"post-255964","1":"product","2":"type-product","3":"status-publish","4":"has-post-thumbnail","6":"product_cat-coussins-coeur","7":"product_cat-decoration","8":"product_tag-fabric-light-blue-conseiller","10":"first","11":"instock","12":"purchasable","13":"product-type-simple"},"acf":[],"yoast_head":"<!-- This site is optimized with the Yoast SEO plugin v27.1.1 - https:\/\/yoast.com\/product\/yoast-seo-wordpress\/ -->\n<title>COUSSIN TCHE LIGHT BLUE CONSEILLER - maryandthewax.com<\/title>\n<meta name=\"robots\" content=\"index, follow, max-snippet:-1, max-image-preview:large, max-video-preview:-1\" \/>\n<link rel=\"canonical\" href=\"https:\/\/maryandthewax.com\/?product=coussin-tche-light-blue-conseiller\" \/>\n<meta property=\"og:locale\" content=\"fr_FR\" \/>\n<meta property=\"og:type\" content=\"article\" \/>\n<meta property=\"og:title\" content=\"COUSSIN TCHE LIGHT BLUE CONSEILLER - maryandthewax.com\" \/>\n<meta property=\"og:description\" content=\"Le coussin est un des \u00e9l\u00e9ments de d\u00e9coration capable \u00e0 lui tout seul de donner un caract\u00e8re fort \u00e0 une pi\u00e8ce. Mais quand il prend la forme d\u2019un c\u0153ur, il surprend et laisse sans voix\u00a0! Particuli\u00e8rement dodu, il est ferme pour une tenue \u00e0 la hauteur de ce qu\u2019il exprime\u2026 Le grand choix de tissus, et donc de couleurs, de Mary laissera libre court \u00e0 vos envies. D\u00e9clin\u00e9 sous un format unique, il n\u2019est pas d\u00e9houssable. Sa doublure et ses double-coutures lui assurent une meilleure tenue dans le temps. Son rembourrage made in France est dense, lavable, antiallergique et imputrescible. Fait main dans l\u2019atelier de Mary, votre coussin c\u0153ur est fabriqu\u00e9e avec soin en tr\u00e8s petite quantit\u00e9 voire en mod\u00e8le unique. La position du motif peut varier selon le mod\u00e8le.\" \/>\n<meta property=\"og:url\" content=\"https:\/\/maryandthewax.com\/?product=coussin-tche-light-blue-conseiller\" \/>\n<meta property=\"og:site_name\" content=\"maryandthewax.com\" \/>\n<meta property=\"article:modified_time\" content=\"2023-12-24T16:16:51+00:00\" \/>\n<meta property=\"og:image\" content=\"https:\/\/maryandthewax.com\/wp-content\/uploads\/2023\/09\/D2-004-COUSSIN-TCHE-LIGHT-BLUE-CONSEILLER-1-PHOTO-1-min.jpg\" \/>\n\t<meta property=\"og:image:width\" content=\"1920\" \/>\n\t<meta property=\"og:image:height\" content=\"1916\" \/>\n\t<meta property=\"og:image:type\" content=\"image\/jpeg\" \/>\n<meta name=\"twitter:card\" content=\"summary_large_image\" \/>\n<meta name=\"twitter:label1\" content=\"Dur\u00e9e de lecture estim\u00e9e\" \/>\n\t<meta name=\"twitter:data1\" content=\"1 minute\" \/>\n<script type=\"application\/ld+json\" class=\"yoast-schema-graph\">{\"@context\":\"https:\/\/schema.org\",\"@graph\":[{\"@type\":\"WebPage\",\"@id\":\"https:\/\/maryandthewax.com\/?product=coussin-tche-light-blue-conseiller\",\"url\":\"https:\/\/maryandthewax.com\/?product=coussin-tche-light-blue-conseiller\",\"name\":\"COUSSIN TCHE LIGHT BLUE CONSEILLER - maryandthewax.com\",\"isPartOf\":{\"@id\":\"https:\/\/maryandthewax.com\/#website\"},\"primaryImageOfPage\":{\"@id\":\"https:\/\/maryandthewax.com\/?product=coussin-tche-light-blue-conseiller#primaryimage\"},\"image\":{\"@id\":\"https:\/\/maryandthewax.com\/?product=coussin-tche-light-blue-conseiller#primaryimage\"},\"thumbnailUrl\":\"https:\/\/maryandthewax.com\/wp-content\/uploads\/2023\/09\/D2-004-COUSSIN-TCHE-LIGHT-BLUE-CONSEILLER-1-PHOTO-1-min.jpg\",\"datePublished\":\"2023-09-29T09:45:46+00:00\",\"dateModified\":\"2023-12-24T16:16:51+00:00\",\"breadcrumb\":{\"@id\":\"https:\/\/maryandthewax.com\/?product=coussin-tche-light-blue-conseiller#breadcrumb\"},\"inLanguage\":\"fr-FR\",\"potentialAction\":[{\"@type\":\"ReadAction\",\"target\":[\"https:\/\/maryandthewax.com\/?product=coussin-tche-light-blue-conseiller\"]}]},{\"@type\":\"ImageObject\",\"inLanguage\":\"fr-FR\",\"@id\":\"https:\/\/maryandthewax.com\/?product=coussin-tche-light-blue-conseiller#primaryimage\",\"url\":\"https:\/\/maryandthewax.com\/wp-content\/uploads\/2023\/09\/D2-004-COUSSIN-TCHE-LIGHT-BLUE-CONSEILLER-1-PHOTO-1-min.jpg\",\"contentUrl\":\"https:\/\/maryandthewax.com\/wp-content\/uploads\/2023\/09\/D2-004-COUSSIN-TCHE-LIGHT-BLUE-CONSEILLER-1-PHOTO-1-min.jpg\",\"width\":1920,\"height\":1916},{\"@type\":\"BreadcrumbList\",\"@id\":\"https:\/\/maryandthewax.com\/?product=coussin-tche-light-blue-conseiller#breadcrumb\",\"itemListElement\":[{\"@type\":\"ListItem\",\"position\":1,\"name\":\"Accueil\",\"item\":\"https:\/\/maryandthewax.com\/\"},{\"@type\":\"ListItem\",\"position\":2,\"name\":\"Shop\",\"item\":\"https:\/\/maryandthewax.com\/?page_id=252790\"},{\"@type\":\"ListItem\",\"position\":3,\"name\":\"COUSSIN TCHE LIGHT BLUE CONSEILLER\"}]},{\"@type\":\"WebSite\",\"@id\":\"https:\/\/maryandthewax.com\/#website\",\"url\":\"https:\/\/maryandthewax.com\/\",\"name\":\"maryandthewax.com\",\"description\":\"\",\"publisher\":{\"@id\":\"https:\/\/maryandthewax.com\/#organization\"},\"potentialAction\":[{\"@type\":\"SearchAction\",\"target\":{\"@type\":\"EntryPoint\",\"urlTemplate\":\"https:\/\/maryandthewax.com\/?s={search_term_string}\"},\"query-input\":{\"@type\":\"PropertyValueSpecification\",\"valueRequired\":true,\"valueName\":\"search_term_string\"}}],\"inLanguage\":\"fr-FR\"},{\"@type\":\"Organization\",\"@id\":\"https:\/\/maryandthewax.com\/#organization\",\"name\":\"maryandthewax.com\",\"url\":\"https:\/\/maryandthewax.com\/\",\"logo\":{\"@type\":\"ImageObject\",\"inLanguage\":\"fr-FR\",\"@id\":\"https:\/\/maryandthewax.com\/#\/schema\/logo\/image\/\",\"url\":\"https:\/\/maryandthewax.com\/wp-content\/uploads\/2023\/11\/LOGO-MATW-THE-WC-ROND-COULEUR-1080x1080-1.jpg\",\"contentUrl\":\"https:\/\/maryandthewax.com\/wp-content\/uploads\/2023\/11\/LOGO-MATW-THE-WC-ROND-COULEUR-1080x1080-1.jpg\",\"width\":1080,\"height\":1080,\"caption\":\"maryandthewax.com\"},\"image\":{\"@id\":\"https:\/\/maryandthewax.com\/#\/schema\/logo\/image\/\"},\"sameAs\":[\"https:\/\/www.instagram.com\/maryandthewax\/\"]}]}<\/script>\n<!-- \/ Yoast SEO plugin. -->","yoast_head_json":{"title":"COUSSIN TCHE LIGHT BLUE CONSEILLER - maryandthewax.com","robots":{"index":"index","follow":"follow","max-snippet":"max-snippet:-1","max-image-preview":"max-image-preview:large","max-video-preview":"max-video-preview:-1"},"canonical":"https:\/\/maryandthewax.com\/?product=coussin-tche-light-blue-conseiller","og_locale":"fr_FR","og_type":"article","og_title":"COUSSIN TCHE LIGHT BLUE CONSEILLER - maryandthewax.com","og_description":"Le coussin est un des \u00e9l\u00e9ments de d\u00e9coration capable \u00e0 lui tout seul de donner un caract\u00e8re fort \u00e0 une pi\u00e8ce. Mais quand il prend la forme d\u2019un c\u0153ur, il surprend et laisse sans voix\u00a0! Particuli\u00e8rement dodu, il est ferme pour une tenue \u00e0 la hauteur de ce qu\u2019il exprime\u2026 Le grand choix de tissus, et donc de couleurs, de Mary laissera libre court \u00e0 vos envies. D\u00e9clin\u00e9 sous un format unique, il n\u2019est pas d\u00e9houssable. Sa doublure et ses double-coutures lui assurent une meilleure tenue dans le temps. Son rembourrage made in France est dense, lavable, antiallergique et imputrescible. Fait main dans l\u2019atelier de Mary, votre coussin c\u0153ur est fabriqu\u00e9e avec soin en tr\u00e8s petite quantit\u00e9 voire en mod\u00e8le unique. La position du motif peut varier selon le mod\u00e8le.","og_url":"https:\/\/maryandthewax.com\/?product=coussin-tche-light-blue-conseiller","og_site_name":"maryandthewax.com","article_modified_time":"2023-12-24T16:16:51+00:00","og_image":[{"width":1920,"height":1916,"url":"https:\/\/maryandthewax.com\/wp-content\/uploads\/2023\/09\/D2-004-COUSSIN-TCHE-LIGHT-BLUE-CONSEILLER-1-PHOTO-1-min.jpg","type":"image\/jpeg"}],"twitter_card":"summary_large_image","twitter_misc":{"Dur\u00e9e de lecture estim\u00e9e":"1 minute"},"schema":{"@context":"https:\/\/schema.org","@graph":[{"@type":"WebPage","@id":"https:\/\/maryandthewax.com\/?product=coussin-tche-light-blue-conseiller","url":"https:\/\/maryandthewax.com\/?product=coussin-tche-light-blue-conseiller","name":"COUSSIN TCHE LIGHT BLUE CONSEILLER - maryandthewax.com","isPartOf":{"@id":"https:\/\/maryandthewax.com\/#website"},"primaryImageOfPage":{"@id":"https:\/\/maryandthewax.com\/?product=coussin-tche-light-blue-conseiller#primaryimage"},"image":{"@id":"https:\/\/maryandthewax.com\/?product=coussin-tche-light-blue-conseiller#primaryimage"},"thumbnailUrl":"https:\/\/maryandthewax.com\/wp-content\/uploads\/2023\/09\/D2-004-COUSSIN-TCHE-LIGHT-BLUE-CONSEILLER-1-PHOTO-1-min.jpg","datePublished":"2023-09-29T09:45:46+00:00","dateModified":"2023-12-24T16:16:51+00:00","breadcrumb":{"@id":"https:\/\/maryandthewax.com\/?product=coussin-tche-light-blue-conseiller#breadcrumb"},"inLanguage":"fr-FR","potentialAction":[{"@type":"ReadAction","target":["https:\/\/maryandthewax.com\/?product=coussin-tche-light-blue-conseiller"]}]},{"@type":"ImageObject","inLanguage":"fr-FR","@id":"https:\/\/maryandthewax.com\/?product=coussin-tche-light-blue-conseiller#primaryimage","url":"https:\/\/maryandthewax.com\/wp-content\/uploads\/2023\/09\/D2-004-COUSSIN-TCHE-LIGHT-BLUE-CONSEILLER-1-PHOTO-1-min.jpg","contentUrl":"https:\/\/maryandthewax.com\/wp-content\/uploads\/2023\/09\/D2-004-COUSSIN-TCHE-LIGHT-BLUE-CONSEILLER-1-PHOTO-1-min.jpg","width":1920,"height":1916},{"@type":"BreadcrumbList","@id":"https:\/\/maryandthewax.com\/?product=coussin-tche-light-blue-conseiller#breadcrumb","itemListElement":[{"@type":"ListItem","position":1,"name":"Accueil","item":"https:\/\/maryandthewax.com\/"},{"@type":"ListItem","position":2,"name":"Shop","item":"https:\/\/maryandthewax.com\/?page_id=252790"},{"@type":"ListItem","position":3,"name":"COUSSIN TCHE LIGHT BLUE CONSEILLER"}]},{"@type":"WebSite","@id":"https:\/\/maryandthewax.com\/#website","url":"https:\/\/maryandthewax.com\/","name":"maryandthewax.com","description":"","publisher":{"@id":"https:\/\/maryandthewax.com\/#organization"},"potentialAction":[{"@type":"SearchAction","target":{"@type":"EntryPoint","urlTemplate":"https:\/\/maryandthewax.com\/?s={search_term_string}"},"query-input":{"@type":"PropertyValueSpecification","valueRequired":true,"valueName":"search_term_string"}}],"inLanguage":"fr-FR"},{"@type":"Organization","@id":"https:\/\/maryandthewax.com\/#organization","name":"maryandthewax.com","url":"https:\/\/maryandthewax.com\/","logo":{"@type":"ImageObject","inLanguage":"fr-FR","@id":"https:\/\/maryandthewax.com\/#\/schema\/logo\/image\/","url":"https:\/\/maryandthewax.com\/wp-content\/uploads\/2023\/11\/LOGO-MATW-THE-WC-ROND-COULEUR-1080x1080-1.jpg","contentUrl":"https:\/\/maryandthewax.com\/wp-content\/uploads\/2023\/11\/LOGO-MATW-THE-WC-ROND-COULEUR-1080x1080-1.jpg","width":1080,"height":1080,"caption":"maryandthewax.com"},"image":{"@id":"https:\/\/maryandthewax.com\/#\/schema\/logo\/image\/"},"sameAs":["https:\/\/www.instagram.com\/maryandthewax\/"]}]}},"_links":{"self":[{"href":"https:\/\/maryandthewax.com\/index.php?rest_route=\/wp\/v2\/product\/255964","targetHints":{"allow":["GET"]}}],"collection":[{"href":"https:\/\/maryandthewax.com\/index.php?rest_route=\/wp\/v2\/product"}],"about":[{"href":"https:\/\/maryandthewax.com\/index.php?rest_route=\/wp\/v2\/types\/product"}],"replies":[{"embeddable":true,"href":"https:\/\/maryandthewax.com\/index.php?rest_route=%2Fwp%2Fv2%2Fcomments&post=255964"}],"wp:featuredmedia":[{"embeddable":true,"href":"https:\/\/maryandthewax.com\/index.php?rest_route=\/wp\/v2\/media\/255959"}],"wp:attachment":[{"href":"https:\/\/maryandthewax.com\/index.php?rest_route=%2Fwp%2Fv2%2Fmedia&parent=255964"}],"wp:term":[{"taxonomy":"product_cat","embeddable":true,"href":"https:\/\/maryandthewax.com\/index.php?rest_route=%2Fwp%2Fv2%2Fproduct_cat&post=255964"},{"taxonomy":"product_tag","embeddable":true,"href":"https:\/\/maryandthewax.com\/index.php?rest_route=%2Fwp%2Fv2%2Fproduct_tag&post=255964"}],"curies":[{"name":"wp","href":"https:\/\/api.w.org\/{rel}","templated":true}]}}