{"id":255930,"date":"2023-09-29T04:17:51","date_gmt":"2023-09-29T08:17:51","guid":{"rendered":"https:\/\/maryandthewax.com\/?post_type=product&#038;p=255930"},"modified":"2024-01-05T04:03:02","modified_gmt":"2024-01-05T08:03:02","slug":"tote-bag-classic-one-yellow-and-blue-feuilles-ecailles","status":"publish","type":"product","link":"https:\/\/maryandthewax.com\/?product=tote-bag-classic-one-yellow-and-blue-feuilles-ecailles","title":{"rendered":"TOTE BAG CLASSIC ONE YELLOW AND BLUE FEUILLES ECAILLES"},"content":{"rendered":"<p class=\"p1\">Des petites courses inattendues, le transport de quelques dossiers de travail ou de vos accessoires du quotidien ? Votre tote bag \u2013 the basic one &#8211; vous sauvera en toute situation.<span class=\"Apple-converted-space\">\u00a0<\/span><\/p>\n<p class=\"p1\">Facile \u00e0 plier et \u00e0 glisser dans votre sac, il vous accompagnera dans vos nombreuses activit\u00e9s. Votre n\u00e9cessaire ne sera jamais bien loin.<span class=\"Apple-converted-space\">\u00a0 <\/span>Facilement identifiable, il s\u2019adaptera \u00e0 vos besoins les plus vari\u00e9s de transport. Doubl\u00e9 pour une meilleure tenue mais aussi r\u00e9versible, il est double-cousu et dispose d\u2019une petite anse d\u2019accrochage c\u00f4t\u00e9 int\u00e9rieur (face unie) pour vos cl\u00e9s ou autre mini pochette.<\/p>\n<p class=\"p1\">Encore une id\u00e9e cadeau pratique qui ne passera pas inaper\u00e7ue.<span class=\"Apple-converted-space\">\u00a0<\/span><\/p>\n<p class=\"p1\">Ses finitions soign\u00e9es et ses couleurs originales en feront votre partenaire du quotidien.<span class=\"Apple-converted-space\">\u00a0 <\/span>Fait main dans l\u2019atelier de Mary, ce tote bag est fabriqu\u00e9 en tr\u00e8s petite quantit\u00e9 voire en mod\u00e8le unique. La position du motif peut varier selon le mod\u00e8le.<\/p>\n","protected":false},"excerpt":{"rendered":"<p class=\"p1\">Cette trousse est id\u00e9ale pour vos petites sorties ou \u00e0 glisser dans votre sac.<span class=\"Apple-converted-space\">\u00a0<\/span><\/p>\n<p class=\"p1\">L\u00e9g\u00e8rement molletonn\u00e9e et renforc\u00e9e, elle vous accompagnera dans votre quotidien ou dans vos occasions sp\u00e9ciales. Finitions soign\u00e9es et couleurs originales sont ses atouts majeurs. <span class=\"Apple-converted-space\">\u00a0<\/span><\/p>\n<p class=\"p1\">Fait main dans l\u2019atelier de Mary, cette pochette est fabriqu\u00e9e en tr\u00e8s petite quantit\u00e9 voire en mod\u00e8le unique. La position du motif peut varier selon le mod\u00e8le.<\/p>\n","protected":false},"featured_media":255931,"comment_status":"open","ping_status":"closed","template":"","meta":{"_acf_changed":false,"_et_pb_use_builder":"off","_et_pb_old_content":"<p class=\"p1\">Ce porte cl\u00e9 vous accompagnera partout. Ses couleurs vives en feront un atout ind\u00e9niable pour rep\u00e9rer vos pr\u00e9cieuses cl\u00e9s que vous ne trouvez jamais. Il pourra \u00e9galement agr\u00e9menter vos sacs tel un bijou mais aussi les sacs et cartables des plus petits. Offert, il vous permettra de faire passer les messages les plus inattendus. Un petit canard pour les canailles ou un c\u0153ur pour d\u00e9clarer vos sentiments, il peut faire tout cela \u00e0 la fois.<\/p>\r\n<p class=\"p1\">Son rembourrage made in France est dense. Il suffit de lui enlever son anneau ou mousqueton pour le laver. Il vous accompagnera dans votre quotidien ou dans vos occasions sp\u00e9ciales et vous permettra de rep\u00e9rer vos sacs et accessoires en un coup d\u2019\u0153il. Finitions soign\u00e9es et couleurs originales sont \u00e9galement ses atouts majeurs.<\/p>\r\n<p class=\"p1\">Fait main dans l\u2019atelier de Mary, ce porte cl\u00e9 est fabriqu\u00e9 en tr\u00e8s petite quantit\u00e9 voire en mod\u00e8le unique. La position du motif peut varier selon le mod\u00e8le.<\/p>","_et_gb_content_width":""},"product_cat":[22,41],"product_tag":[171],"class_list":{"0":"post-255930","1":"product","2":"type-product","3":"status-publish","4":"has-post-thumbnail","6":"product_cat-bagagerie","7":"product_cat-tote-bag","8":"product_tag-fabric-yellow-and-blue-feuilles-ecailles","10":"first","11":"instock","12":"purchasable","13":"product-type-simple"},"acf":[],"yoast_head":"<!-- This site is optimized with the Yoast SEO plugin v27.1.1 - https:\/\/yoast.com\/product\/yoast-seo-wordpress\/ -->\n<title>TOTE BAG CLASSIC ONE YELLOW AND BLUE FEUILLES ECAILLES - maryandthewax.com<\/title>\n<meta name=\"robots\" content=\"index, follow, max-snippet:-1, max-image-preview:large, max-video-preview:-1\" \/>\n<link rel=\"canonical\" href=\"https:\/\/maryandthewax.com\/?product=tote-bag-classic-one-yellow-and-blue-feuilles-ecailles\" \/>\n<meta property=\"og:locale\" content=\"fr_FR\" \/>\n<meta property=\"og:type\" content=\"article\" \/>\n<meta property=\"og:title\" content=\"TOTE BAG CLASSIC ONE YELLOW AND BLUE FEUILLES ECAILLES - maryandthewax.com\" \/>\n<meta property=\"og:description\" content=\"Cette trousse est id\u00e9ale pour vos petites sorties ou \u00e0 glisser dans votre sac.\u00a0 L\u00e9g\u00e8rement molletonn\u00e9e et renforc\u00e9e, elle vous accompagnera dans votre quotidien ou dans vos occasions sp\u00e9ciales. Finitions soign\u00e9es et couleurs originales sont ses atouts majeurs. \u00a0 Fait main dans l\u2019atelier de Mary, cette pochette est fabriqu\u00e9e en tr\u00e8s petite quantit\u00e9 voire en mod\u00e8le unique. La position du motif peut varier selon le mod\u00e8le.\" \/>\n<meta property=\"og:url\" content=\"https:\/\/maryandthewax.com\/?product=tote-bag-classic-one-yellow-and-blue-feuilles-ecailles\" \/>\n<meta property=\"og:site_name\" content=\"maryandthewax.com\" \/>\n<meta property=\"article:modified_time\" content=\"2024-01-05T08:03:02+00:00\" \/>\n<meta property=\"og:image\" content=\"https:\/\/maryandthewax.com\/wp-content\/uploads\/2023\/09\/B6-001-TOTE-BAG-CLASSIC-ONE-YELLOW-AND-BLUE-FEUILLES-ECAILLES-1-PHOTO-1-min.jpg\" \/>\n\t<meta property=\"og:image:width\" content=\"1920\" \/>\n\t<meta property=\"og:image:height\" content=\"1916\" \/>\n\t<meta property=\"og:image:type\" content=\"image\/jpeg\" \/>\n<meta name=\"twitter:card\" content=\"summary_large_image\" \/>\n<meta name=\"twitter:label1\" content=\"Dur\u00e9e de lecture estim\u00e9e\" \/>\n\t<meta name=\"twitter:data1\" content=\"1 minute\" \/>\n<script type=\"application\/ld+json\" class=\"yoast-schema-graph\">{\"@context\":\"https:\/\/schema.org\",\"@graph\":[{\"@type\":\"WebPage\",\"@id\":\"https:\/\/maryandthewax.com\/?product=tote-bag-classic-one-yellow-and-blue-feuilles-ecailles\",\"url\":\"https:\/\/maryandthewax.com\/?product=tote-bag-classic-one-yellow-and-blue-feuilles-ecailles\",\"name\":\"TOTE BAG CLASSIC ONE YELLOW AND BLUE FEUILLES ECAILLES - maryandthewax.com\",\"isPartOf\":{\"@id\":\"https:\/\/maryandthewax.com\/#website\"},\"primaryImageOfPage\":{\"@id\":\"https:\/\/maryandthewax.com\/?product=tote-bag-classic-one-yellow-and-blue-feuilles-ecailles#primaryimage\"},\"image\":{\"@id\":\"https:\/\/maryandthewax.com\/?product=tote-bag-classic-one-yellow-and-blue-feuilles-ecailles#primaryimage\"},\"thumbnailUrl\":\"https:\/\/maryandthewax.com\/wp-content\/uploads\/2023\/09\/B6-001-TOTE-BAG-CLASSIC-ONE-YELLOW-AND-BLUE-FEUILLES-ECAILLES-1-PHOTO-1-min.jpg\",\"datePublished\":\"2023-09-29T08:17:51+00:00\",\"dateModified\":\"2024-01-05T08:03:02+00:00\",\"breadcrumb\":{\"@id\":\"https:\/\/maryandthewax.com\/?product=tote-bag-classic-one-yellow-and-blue-feuilles-ecailles#breadcrumb\"},\"inLanguage\":\"fr-FR\",\"potentialAction\":[{\"@type\":\"ReadAction\",\"target\":[\"https:\/\/maryandthewax.com\/?product=tote-bag-classic-one-yellow-and-blue-feuilles-ecailles\"]}]},{\"@type\":\"ImageObject\",\"inLanguage\":\"fr-FR\",\"@id\":\"https:\/\/maryandthewax.com\/?product=tote-bag-classic-one-yellow-and-blue-feuilles-ecailles#primaryimage\",\"url\":\"https:\/\/maryandthewax.com\/wp-content\/uploads\/2023\/09\/B6-001-TOTE-BAG-CLASSIC-ONE-YELLOW-AND-BLUE-FEUILLES-ECAILLES-1-PHOTO-1-min.jpg\",\"contentUrl\":\"https:\/\/maryandthewax.com\/wp-content\/uploads\/2023\/09\/B6-001-TOTE-BAG-CLASSIC-ONE-YELLOW-AND-BLUE-FEUILLES-ECAILLES-1-PHOTO-1-min.jpg\",\"width\":1920,\"height\":1916},{\"@type\":\"BreadcrumbList\",\"@id\":\"https:\/\/maryandthewax.com\/?product=tote-bag-classic-one-yellow-and-blue-feuilles-ecailles#breadcrumb\",\"itemListElement\":[{\"@type\":\"ListItem\",\"position\":1,\"name\":\"Accueil\",\"item\":\"https:\/\/maryandthewax.com\/\"},{\"@type\":\"ListItem\",\"position\":2,\"name\":\"Shop\",\"item\":\"https:\/\/maryandthewax.com\/?page_id=252790\"},{\"@type\":\"ListItem\",\"position\":3,\"name\":\"TOTE BAG CLASSIC ONE YELLOW AND BLUE FEUILLES ECAILLES\"}]},{\"@type\":\"WebSite\",\"@id\":\"https:\/\/maryandthewax.com\/#website\",\"url\":\"https:\/\/maryandthewax.com\/\",\"name\":\"maryandthewax.com\",\"description\":\"\",\"publisher\":{\"@id\":\"https:\/\/maryandthewax.com\/#organization\"},\"potentialAction\":[{\"@type\":\"SearchAction\",\"target\":{\"@type\":\"EntryPoint\",\"urlTemplate\":\"https:\/\/maryandthewax.com\/?s={search_term_string}\"},\"query-input\":{\"@type\":\"PropertyValueSpecification\",\"valueRequired\":true,\"valueName\":\"search_term_string\"}}],\"inLanguage\":\"fr-FR\"},{\"@type\":\"Organization\",\"@id\":\"https:\/\/maryandthewax.com\/#organization\",\"name\":\"maryandthewax.com\",\"url\":\"https:\/\/maryandthewax.com\/\",\"logo\":{\"@type\":\"ImageObject\",\"inLanguage\":\"fr-FR\",\"@id\":\"https:\/\/maryandthewax.com\/#\/schema\/logo\/image\/\",\"url\":\"https:\/\/maryandthewax.com\/wp-content\/uploads\/2023\/11\/LOGO-MATW-THE-WC-ROND-COULEUR-1080x1080-1.jpg\",\"contentUrl\":\"https:\/\/maryandthewax.com\/wp-content\/uploads\/2023\/11\/LOGO-MATW-THE-WC-ROND-COULEUR-1080x1080-1.jpg\",\"width\":1080,\"height\":1080,\"caption\":\"maryandthewax.com\"},\"image\":{\"@id\":\"https:\/\/maryandthewax.com\/#\/schema\/logo\/image\/\"},\"sameAs\":[\"https:\/\/www.instagram.com\/maryandthewax\/\"]}]}<\/script>\n<!-- \/ Yoast SEO plugin. -->","yoast_head_json":{"title":"TOTE BAG CLASSIC ONE YELLOW AND BLUE FEUILLES ECAILLES - maryandthewax.com","robots":{"index":"index","follow":"follow","max-snippet":"max-snippet:-1","max-image-preview":"max-image-preview:large","max-video-preview":"max-video-preview:-1"},"canonical":"https:\/\/maryandthewax.com\/?product=tote-bag-classic-one-yellow-and-blue-feuilles-ecailles","og_locale":"fr_FR","og_type":"article","og_title":"TOTE BAG CLASSIC ONE YELLOW AND BLUE FEUILLES ECAILLES - maryandthewax.com","og_description":"Cette trousse est id\u00e9ale pour vos petites sorties ou \u00e0 glisser dans votre sac.\u00a0 L\u00e9g\u00e8rement molletonn\u00e9e et renforc\u00e9e, elle vous accompagnera dans votre quotidien ou dans vos occasions sp\u00e9ciales. Finitions soign\u00e9es et couleurs originales sont ses atouts majeurs. \u00a0 Fait main dans l\u2019atelier de Mary, cette pochette est fabriqu\u00e9e en tr\u00e8s petite quantit\u00e9 voire en mod\u00e8le unique. La position du motif peut varier selon le mod\u00e8le.","og_url":"https:\/\/maryandthewax.com\/?product=tote-bag-classic-one-yellow-and-blue-feuilles-ecailles","og_site_name":"maryandthewax.com","article_modified_time":"2024-01-05T08:03:02+00:00","og_image":[{"width":1920,"height":1916,"url":"https:\/\/maryandthewax.com\/wp-content\/uploads\/2023\/09\/B6-001-TOTE-BAG-CLASSIC-ONE-YELLOW-AND-BLUE-FEUILLES-ECAILLES-1-PHOTO-1-min.jpg","type":"image\/jpeg"}],"twitter_card":"summary_large_image","twitter_misc":{"Dur\u00e9e de lecture estim\u00e9e":"1 minute"},"schema":{"@context":"https:\/\/schema.org","@graph":[{"@type":"WebPage","@id":"https:\/\/maryandthewax.com\/?product=tote-bag-classic-one-yellow-and-blue-feuilles-ecailles","url":"https:\/\/maryandthewax.com\/?product=tote-bag-classic-one-yellow-and-blue-feuilles-ecailles","name":"TOTE BAG CLASSIC ONE YELLOW AND BLUE FEUILLES ECAILLES - maryandthewax.com","isPartOf":{"@id":"https:\/\/maryandthewax.com\/#website"},"primaryImageOfPage":{"@id":"https:\/\/maryandthewax.com\/?product=tote-bag-classic-one-yellow-and-blue-feuilles-ecailles#primaryimage"},"image":{"@id":"https:\/\/maryandthewax.com\/?product=tote-bag-classic-one-yellow-and-blue-feuilles-ecailles#primaryimage"},"thumbnailUrl":"https:\/\/maryandthewax.com\/wp-content\/uploads\/2023\/09\/B6-001-TOTE-BAG-CLASSIC-ONE-YELLOW-AND-BLUE-FEUILLES-ECAILLES-1-PHOTO-1-min.jpg","datePublished":"2023-09-29T08:17:51+00:00","dateModified":"2024-01-05T08:03:02+00:00","breadcrumb":{"@id":"https:\/\/maryandthewax.com\/?product=tote-bag-classic-one-yellow-and-blue-feuilles-ecailles#breadcrumb"},"inLanguage":"fr-FR","potentialAction":[{"@type":"ReadAction","target":["https:\/\/maryandthewax.com\/?product=tote-bag-classic-one-yellow-and-blue-feuilles-ecailles"]}]},{"@type":"ImageObject","inLanguage":"fr-FR","@id":"https:\/\/maryandthewax.com\/?product=tote-bag-classic-one-yellow-and-blue-feuilles-ecailles#primaryimage","url":"https:\/\/maryandthewax.com\/wp-content\/uploads\/2023\/09\/B6-001-TOTE-BAG-CLASSIC-ONE-YELLOW-AND-BLUE-FEUILLES-ECAILLES-1-PHOTO-1-min.jpg","contentUrl":"https:\/\/maryandthewax.com\/wp-content\/uploads\/2023\/09\/B6-001-TOTE-BAG-CLASSIC-ONE-YELLOW-AND-BLUE-FEUILLES-ECAILLES-1-PHOTO-1-min.jpg","width":1920,"height":1916},{"@type":"BreadcrumbList","@id":"https:\/\/maryandthewax.com\/?product=tote-bag-classic-one-yellow-and-blue-feuilles-ecailles#breadcrumb","itemListElement":[{"@type":"ListItem","position":1,"name":"Accueil","item":"https:\/\/maryandthewax.com\/"},{"@type":"ListItem","position":2,"name":"Shop","item":"https:\/\/maryandthewax.com\/?page_id=252790"},{"@type":"ListItem","position":3,"name":"TOTE BAG CLASSIC ONE YELLOW AND BLUE FEUILLES ECAILLES"}]},{"@type":"WebSite","@id":"https:\/\/maryandthewax.com\/#website","url":"https:\/\/maryandthewax.com\/","name":"maryandthewax.com","description":"","publisher":{"@id":"https:\/\/maryandthewax.com\/#organization"},"potentialAction":[{"@type":"SearchAction","target":{"@type":"EntryPoint","urlTemplate":"https:\/\/maryandthewax.com\/?s={search_term_string}"},"query-input":{"@type":"PropertyValueSpecification","valueRequired":true,"valueName":"search_term_string"}}],"inLanguage":"fr-FR"},{"@type":"Organization","@id":"https:\/\/maryandthewax.com\/#organization","name":"maryandthewax.com","url":"https:\/\/maryandthewax.com\/","logo":{"@type":"ImageObject","inLanguage":"fr-FR","@id":"https:\/\/maryandthewax.com\/#\/schema\/logo\/image\/","url":"https:\/\/maryandthewax.com\/wp-content\/uploads\/2023\/11\/LOGO-MATW-THE-WC-ROND-COULEUR-1080x1080-1.jpg","contentUrl":"https:\/\/maryandthewax.com\/wp-content\/uploads\/2023\/11\/LOGO-MATW-THE-WC-ROND-COULEUR-1080x1080-1.jpg","width":1080,"height":1080,"caption":"maryandthewax.com"},"image":{"@id":"https:\/\/maryandthewax.com\/#\/schema\/logo\/image\/"},"sameAs":["https:\/\/www.instagram.com\/maryandthewax\/"]}]}},"_links":{"self":[{"href":"https:\/\/maryandthewax.com\/index.php?rest_route=\/wp\/v2\/product\/255930","targetHints":{"allow":["GET"]}}],"collection":[{"href":"https:\/\/maryandthewax.com\/index.php?rest_route=\/wp\/v2\/product"}],"about":[{"href":"https:\/\/maryandthewax.com\/index.php?rest_route=\/wp\/v2\/types\/product"}],"replies":[{"embeddable":true,"href":"https:\/\/maryandthewax.com\/index.php?rest_route=%2Fwp%2Fv2%2Fcomments&post=255930"}],"wp:featuredmedia":[{"embeddable":true,"href":"https:\/\/maryandthewax.com\/index.php?rest_route=\/wp\/v2\/media\/255931"}],"wp:attachment":[{"href":"https:\/\/maryandthewax.com\/index.php?rest_route=%2Fwp%2Fv2%2Fmedia&parent=255930"}],"wp:term":[{"taxonomy":"product_cat","embeddable":true,"href":"https:\/\/maryandthewax.com\/index.php?rest_route=%2Fwp%2Fv2%2Fproduct_cat&post=255930"},{"taxonomy":"product_tag","embeddable":true,"href":"https:\/\/maryandthewax.com\/index.php?rest_route=%2Fwp%2Fv2%2Fproduct_tag&post=255930"}],"curies":[{"name":"wp","href":"https:\/\/api.w.org\/{rel}","templated":true}]}}