{"id":255914,"date":"2023-09-29T04:01:41","date_gmt":"2023-09-29T08:01:41","guid":{"rendered":"https:\/\/maryandthewax.com\/?post_type=product&#038;p=255914"},"modified":"2024-01-05T03:28:25","modified_gmt":"2024-01-05T07:28:25","slug":"porte-cartes-orange-and-beige-awoulaba-copie","status":"publish","type":"product","link":"https:\/\/maryandthewax.com\/?product=porte-cartes-orange-and-beige-awoulaba-copie","title":{"rendered":"SAC POCHON BORDEAUX HIRONDELLES"},"content":{"rendered":"<p class=\"p1\">Encore un essentiel\u00a0! Ce sac pochon est un \u00e9l\u00e9ment incontournable de votre bagagerie. Vous le d\u00e9dierez au transport de vos petits objets ou votre petit linge. En sortie pour la journ\u00e9e ou en voyage pour un week-end ou plusieurs jours, vous pourrez en un clin d\u2019\u0153il identifier vos \u00e9quipements. Pour les plus grands ou pour les plus petits, il vous accompagnera dans vos nombreuses activit\u00e9s. Votre n\u00e9cessaire ne sera jamais bien loin. Facile \u00e0 ouvrir et \u00e0 fermer par cordelettes coulissantes orn\u00e9es de boules en bois, Il existe en trois formats\u00a0: S, M ou XL.<span class=\"Apple-converted-space\">\u00a0 <\/span>Facilement identifiable, il s\u2019adaptera \u00e0 vos besoins les plus vari\u00e9s de transport (v\u00eatements, lingerie et linge de nuit, chaussettes, petit mat\u00e9riel, etc.)<\/p>\n<p class=\"p1\">Encore une id\u00e9e cadeau pratique qui ne passera pas inaper\u00e7ue.<span class=\"Apple-converted-space\">\u00a0<\/span><\/p>\n<p class=\"p1\">Doubl\u00e9 pour une meilleure tenue, ses finitions soign\u00e9es et couleurs originales sont \u00e9galement ses atouts majeurs. <span class=\"Apple-converted-space\">\u00a0<\/span><\/p>\n<p class=\"p1\">Fait main dans l\u2019atelier de Mary, ce sac pochon est fabriqu\u00e9 en tr\u00e8s petite quantit\u00e9 voire en mod\u00e8le unique. La position du motif peut varier selon le mod\u00e8le.<\/p>\n","protected":false},"excerpt":{"rendered":"<p class=\"p1\">Encore un essentiel\u00a0! Ce sac pochon est un \u00e9l\u00e9ment incontournable de votre bagagerie. Vous le d\u00e9dierez au transport de vos petits objets ou votre petit linge. En sortie pour la journ\u00e9e ou en voyage pour un week-end ou plusieurs jours, vous pourrez en un clin d\u2019\u0153il identifier vos \u00e9quipements. Pour les plus grands ou pour les plus petits, il vous accompagnera dans vos nombreuses activit\u00e9s. Votre n\u00e9cessaire ne sera jamais bien loin. Facile \u00e0 ouvrir et \u00e0 fermer par cordelettes coulissantes orn\u00e9es de boules en bois, Il existe en trois formats\u00a0: S, M ou XL.<span class=\"Apple-converted-space\">\u00a0 <\/span>Facilement identifiable, il s\u2019adaptera \u00e0 vos besoins les plus vari\u00e9s de transport (v\u00eatements, lingerie et linge de nuit, chaussettes, petit mat\u00e9riel, etc.)<\/p>\n<p class=\"p1\">Encore une id\u00e9e cadeau pratique qui ne passera pas inaper\u00e7ue.<span class=\"Apple-converted-space\">\u00a0<\/span><\/p>\n<p class=\"p1\">Doubl\u00e9 pour une meilleure tenue, ses finitions soign\u00e9es et couleurs originales sont \u00e9galement ses atouts majeurs. <span class=\"Apple-converted-space\">\u00a0<\/span><\/p>\n<p class=\"p1\">Fait main dans l\u2019atelier de Mary, ce sac pochon est fabriqu\u00e9 en tr\u00e8s petite quantit\u00e9 voire en mod\u00e8le unique. La position du motif peut varier selon le mod\u00e8le.<\/p>\n","protected":false},"featured_media":255917,"comment_status":"open","ping_status":"closed","template":"","meta":{"_acf_changed":false,"_et_pb_use_builder":"","_et_pb_old_content":"","_et_gb_content_width":""},"product_cat":[22,96],"product_tag":[170],"class_list":{"0":"post-255914","1":"product","2":"type-product","3":"status-publish","4":"has-post-thumbnail","6":"product_cat-bagagerie","7":"product_cat-sac-pochons","8":"product_tag-fabric-bordeaux-hirondelles","10":"first","11":"instock","12":"purchasable","13":"product-type-variable","14":"has-default-attributes"},"acf":[],"yoast_head":"<!-- This site is optimized with the Yoast SEO plugin v27.1.1 - https:\/\/yoast.com\/product\/yoast-seo-wordpress\/ -->\n<title>SAC POCHON BORDEAUX HIRONDELLES - maryandthewax.com<\/title>\n<meta name=\"robots\" content=\"index, follow, max-snippet:-1, max-image-preview:large, max-video-preview:-1\" \/>\n<link rel=\"canonical\" href=\"https:\/\/maryandthewax.com\/?product=porte-cartes-orange-and-beige-awoulaba-copie\" \/>\n<meta property=\"og:locale\" content=\"fr_FR\" \/>\n<meta property=\"og:type\" content=\"article\" \/>\n<meta property=\"og:title\" content=\"SAC POCHON BORDEAUX HIRONDELLES - maryandthewax.com\" \/>\n<meta property=\"og:description\" content=\"Encore un essentiel\u00a0! Ce sac pochon est un \u00e9l\u00e9ment incontournable de votre bagagerie. Vous le d\u00e9dierez au transport de vos petits objets ou votre petit linge. En sortie pour la journ\u00e9e ou en voyage pour un week-end ou plusieurs jours, vous pourrez en un clin d\u2019\u0153il identifier vos \u00e9quipements. Pour les plus grands ou pour les plus petits, il vous accompagnera dans vos nombreuses activit\u00e9s. Votre n\u00e9cessaire ne sera jamais bien loin. Facile \u00e0 ouvrir et \u00e0 fermer par cordelettes coulissantes orn\u00e9es de boules en bois, Il existe en trois formats\u00a0: S, M ou XL.\u00a0 Facilement identifiable, il s\u2019adaptera \u00e0 vos besoins les plus vari\u00e9s de transport (v\u00eatements, lingerie et linge de nuit, chaussettes, petit mat\u00e9riel, etc.) Encore une id\u00e9e cadeau pratique qui ne passera pas inaper\u00e7ue.\u00a0 Doubl\u00e9 pour une meilleure tenue, ses finitions soign\u00e9es et couleurs originales sont \u00e9galement ses atouts majeurs. \u00a0 Fait main dans l\u2019atelier de Mary, ce sac pochon est fabriqu\u00e9 en tr\u00e8s petite quantit\u00e9 voire en mod\u00e8le unique. La position du motif peut varier selon le mod\u00e8le.\" \/>\n<meta property=\"og:url\" content=\"https:\/\/maryandthewax.com\/?product=porte-cartes-orange-and-beige-awoulaba-copie\" \/>\n<meta property=\"og:site_name\" content=\"maryandthewax.com\" \/>\n<meta property=\"article:modified_time\" content=\"2024-01-05T07:28:25+00:00\" \/>\n<meta property=\"og:image\" content=\"https:\/\/maryandthewax.com\/wp-content\/uploads\/2023\/09\/B5-001-SAC-POCHON-XL-BORDEAUX-HIRONDELLES-1-PHOTO-1.jpg\" \/>\n\t<meta property=\"og:image:width\" content=\"1920\" \/>\n\t<meta property=\"og:image:height\" content=\"1916\" \/>\n\t<meta property=\"og:image:type\" content=\"image\/jpeg\" \/>\n<meta name=\"twitter:card\" content=\"summary_large_image\" \/>\n<meta name=\"twitter:label1\" content=\"Dur\u00e9e de lecture estim\u00e9e\" \/>\n\t<meta name=\"twitter:data1\" content=\"1 minute\" \/>\n<script type=\"application\/ld+json\" class=\"yoast-schema-graph\">{\"@context\":\"https:\/\/schema.org\",\"@graph\":[{\"@type\":\"WebPage\",\"@id\":\"https:\/\/maryandthewax.com\/?product=porte-cartes-orange-and-beige-awoulaba-copie\",\"url\":\"https:\/\/maryandthewax.com\/?product=porte-cartes-orange-and-beige-awoulaba-copie\",\"name\":\"SAC POCHON BORDEAUX HIRONDELLES - maryandthewax.com\",\"isPartOf\":{\"@id\":\"https:\/\/maryandthewax.com\/#website\"},\"primaryImageOfPage\":{\"@id\":\"https:\/\/maryandthewax.com\/?product=porte-cartes-orange-and-beige-awoulaba-copie#primaryimage\"},\"image\":{\"@id\":\"https:\/\/maryandthewax.com\/?product=porte-cartes-orange-and-beige-awoulaba-copie#primaryimage\"},\"thumbnailUrl\":\"https:\/\/maryandthewax.com\/wp-content\/uploads\/2023\/09\/B5-001-SAC-POCHON-XL-BORDEAUX-HIRONDELLES-1-PHOTO-1.jpg\",\"datePublished\":\"2023-09-29T08:01:41+00:00\",\"dateModified\":\"2024-01-05T07:28:25+00:00\",\"breadcrumb\":{\"@id\":\"https:\/\/maryandthewax.com\/?product=porte-cartes-orange-and-beige-awoulaba-copie#breadcrumb\"},\"inLanguage\":\"fr-FR\",\"potentialAction\":[{\"@type\":\"ReadAction\",\"target\":[\"https:\/\/maryandthewax.com\/?product=porte-cartes-orange-and-beige-awoulaba-copie\"]}]},{\"@type\":\"ImageObject\",\"inLanguage\":\"fr-FR\",\"@id\":\"https:\/\/maryandthewax.com\/?product=porte-cartes-orange-and-beige-awoulaba-copie#primaryimage\",\"url\":\"https:\/\/maryandthewax.com\/wp-content\/uploads\/2023\/09\/B5-001-SAC-POCHON-XL-BORDEAUX-HIRONDELLES-1-PHOTO-1.jpg\",\"contentUrl\":\"https:\/\/maryandthewax.com\/wp-content\/uploads\/2023\/09\/B5-001-SAC-POCHON-XL-BORDEAUX-HIRONDELLES-1-PHOTO-1.jpg\",\"width\":1920,\"height\":1916},{\"@type\":\"BreadcrumbList\",\"@id\":\"https:\/\/maryandthewax.com\/?product=porte-cartes-orange-and-beige-awoulaba-copie#breadcrumb\",\"itemListElement\":[{\"@type\":\"ListItem\",\"position\":1,\"name\":\"Accueil\",\"item\":\"https:\/\/maryandthewax.com\/\"},{\"@type\":\"ListItem\",\"position\":2,\"name\":\"Shop\",\"item\":\"https:\/\/maryandthewax.com\/?page_id=252790\"},{\"@type\":\"ListItem\",\"position\":3,\"name\":\"SAC POCHON BORDEAUX HIRONDELLES\"}]},{\"@type\":\"WebSite\",\"@id\":\"https:\/\/maryandthewax.com\/#website\",\"url\":\"https:\/\/maryandthewax.com\/\",\"name\":\"maryandthewax.com\",\"description\":\"\",\"publisher\":{\"@id\":\"https:\/\/maryandthewax.com\/#organization\"},\"potentialAction\":[{\"@type\":\"SearchAction\",\"target\":{\"@type\":\"EntryPoint\",\"urlTemplate\":\"https:\/\/maryandthewax.com\/?s={search_term_string}\"},\"query-input\":{\"@type\":\"PropertyValueSpecification\",\"valueRequired\":true,\"valueName\":\"search_term_string\"}}],\"inLanguage\":\"fr-FR\"},{\"@type\":\"Organization\",\"@id\":\"https:\/\/maryandthewax.com\/#organization\",\"name\":\"maryandthewax.com\",\"url\":\"https:\/\/maryandthewax.com\/\",\"logo\":{\"@type\":\"ImageObject\",\"inLanguage\":\"fr-FR\",\"@id\":\"https:\/\/maryandthewax.com\/#\/schema\/logo\/image\/\",\"url\":\"https:\/\/maryandthewax.com\/wp-content\/uploads\/2023\/11\/LOGO-MATW-THE-WC-ROND-COULEUR-1080x1080-1.jpg\",\"contentUrl\":\"https:\/\/maryandthewax.com\/wp-content\/uploads\/2023\/11\/LOGO-MATW-THE-WC-ROND-COULEUR-1080x1080-1.jpg\",\"width\":1080,\"height\":1080,\"caption\":\"maryandthewax.com\"},\"image\":{\"@id\":\"https:\/\/maryandthewax.com\/#\/schema\/logo\/image\/\"},\"sameAs\":[\"https:\/\/www.instagram.com\/maryandthewax\/\"]}]}<\/script>\n<!-- \/ Yoast SEO plugin. -->","yoast_head_json":{"title":"SAC POCHON BORDEAUX HIRONDELLES - maryandthewax.com","robots":{"index":"index","follow":"follow","max-snippet":"max-snippet:-1","max-image-preview":"max-image-preview:large","max-video-preview":"max-video-preview:-1"},"canonical":"https:\/\/maryandthewax.com\/?product=porte-cartes-orange-and-beige-awoulaba-copie","og_locale":"fr_FR","og_type":"article","og_title":"SAC POCHON BORDEAUX HIRONDELLES - maryandthewax.com","og_description":"Encore un essentiel\u00a0! Ce sac pochon est un \u00e9l\u00e9ment incontournable de votre bagagerie. Vous le d\u00e9dierez au transport de vos petits objets ou votre petit linge. En sortie pour la journ\u00e9e ou en voyage pour un week-end ou plusieurs jours, vous pourrez en un clin d\u2019\u0153il identifier vos \u00e9quipements. Pour les plus grands ou pour les plus petits, il vous accompagnera dans vos nombreuses activit\u00e9s. Votre n\u00e9cessaire ne sera jamais bien loin. Facile \u00e0 ouvrir et \u00e0 fermer par cordelettes coulissantes orn\u00e9es de boules en bois, Il existe en trois formats\u00a0: S, M ou XL.\u00a0 Facilement identifiable, il s\u2019adaptera \u00e0 vos besoins les plus vari\u00e9s de transport (v\u00eatements, lingerie et linge de nuit, chaussettes, petit mat\u00e9riel, etc.) Encore une id\u00e9e cadeau pratique qui ne passera pas inaper\u00e7ue.\u00a0 Doubl\u00e9 pour une meilleure tenue, ses finitions soign\u00e9es et couleurs originales sont \u00e9galement ses atouts majeurs. \u00a0 Fait main dans l\u2019atelier de Mary, ce sac pochon est fabriqu\u00e9 en tr\u00e8s petite quantit\u00e9 voire en mod\u00e8le unique. La position du motif peut varier selon le mod\u00e8le.","og_url":"https:\/\/maryandthewax.com\/?product=porte-cartes-orange-and-beige-awoulaba-copie","og_site_name":"maryandthewax.com","article_modified_time":"2024-01-05T07:28:25+00:00","og_image":[{"width":1920,"height":1916,"url":"https:\/\/maryandthewax.com\/wp-content\/uploads\/2023\/09\/B5-001-SAC-POCHON-XL-BORDEAUX-HIRONDELLES-1-PHOTO-1.jpg","type":"image\/jpeg"}],"twitter_card":"summary_large_image","twitter_misc":{"Dur\u00e9e de lecture estim\u00e9e":"1 minute"},"schema":{"@context":"https:\/\/schema.org","@graph":[{"@type":"WebPage","@id":"https:\/\/maryandthewax.com\/?product=porte-cartes-orange-and-beige-awoulaba-copie","url":"https:\/\/maryandthewax.com\/?product=porte-cartes-orange-and-beige-awoulaba-copie","name":"SAC POCHON BORDEAUX HIRONDELLES - maryandthewax.com","isPartOf":{"@id":"https:\/\/maryandthewax.com\/#website"},"primaryImageOfPage":{"@id":"https:\/\/maryandthewax.com\/?product=porte-cartes-orange-and-beige-awoulaba-copie#primaryimage"},"image":{"@id":"https:\/\/maryandthewax.com\/?product=porte-cartes-orange-and-beige-awoulaba-copie#primaryimage"},"thumbnailUrl":"https:\/\/maryandthewax.com\/wp-content\/uploads\/2023\/09\/B5-001-SAC-POCHON-XL-BORDEAUX-HIRONDELLES-1-PHOTO-1.jpg","datePublished":"2023-09-29T08:01:41+00:00","dateModified":"2024-01-05T07:28:25+00:00","breadcrumb":{"@id":"https:\/\/maryandthewax.com\/?product=porte-cartes-orange-and-beige-awoulaba-copie#breadcrumb"},"inLanguage":"fr-FR","potentialAction":[{"@type":"ReadAction","target":["https:\/\/maryandthewax.com\/?product=porte-cartes-orange-and-beige-awoulaba-copie"]}]},{"@type":"ImageObject","inLanguage":"fr-FR","@id":"https:\/\/maryandthewax.com\/?product=porte-cartes-orange-and-beige-awoulaba-copie#primaryimage","url":"https:\/\/maryandthewax.com\/wp-content\/uploads\/2023\/09\/B5-001-SAC-POCHON-XL-BORDEAUX-HIRONDELLES-1-PHOTO-1.jpg","contentUrl":"https:\/\/maryandthewax.com\/wp-content\/uploads\/2023\/09\/B5-001-SAC-POCHON-XL-BORDEAUX-HIRONDELLES-1-PHOTO-1.jpg","width":1920,"height":1916},{"@type":"BreadcrumbList","@id":"https:\/\/maryandthewax.com\/?product=porte-cartes-orange-and-beige-awoulaba-copie#breadcrumb","itemListElement":[{"@type":"ListItem","position":1,"name":"Accueil","item":"https:\/\/maryandthewax.com\/"},{"@type":"ListItem","position":2,"name":"Shop","item":"https:\/\/maryandthewax.com\/?page_id=252790"},{"@type":"ListItem","position":3,"name":"SAC POCHON BORDEAUX HIRONDELLES"}]},{"@type":"WebSite","@id":"https:\/\/maryandthewax.com\/#website","url":"https:\/\/maryandthewax.com\/","name":"maryandthewax.com","description":"","publisher":{"@id":"https:\/\/maryandthewax.com\/#organization"},"potentialAction":[{"@type":"SearchAction","target":{"@type":"EntryPoint","urlTemplate":"https:\/\/maryandthewax.com\/?s={search_term_string}"},"query-input":{"@type":"PropertyValueSpecification","valueRequired":true,"valueName":"search_term_string"}}],"inLanguage":"fr-FR"},{"@type":"Organization","@id":"https:\/\/maryandthewax.com\/#organization","name":"maryandthewax.com","url":"https:\/\/maryandthewax.com\/","logo":{"@type":"ImageObject","inLanguage":"fr-FR","@id":"https:\/\/maryandthewax.com\/#\/schema\/logo\/image\/","url":"https:\/\/maryandthewax.com\/wp-content\/uploads\/2023\/11\/LOGO-MATW-THE-WC-ROND-COULEUR-1080x1080-1.jpg","contentUrl":"https:\/\/maryandthewax.com\/wp-content\/uploads\/2023\/11\/LOGO-MATW-THE-WC-ROND-COULEUR-1080x1080-1.jpg","width":1080,"height":1080,"caption":"maryandthewax.com"},"image":{"@id":"https:\/\/maryandthewax.com\/#\/schema\/logo\/image\/"},"sameAs":["https:\/\/www.instagram.com\/maryandthewax\/"]}]}},"_links":{"self":[{"href":"https:\/\/maryandthewax.com\/index.php?rest_route=\/wp\/v2\/product\/255914","targetHints":{"allow":["GET"]}}],"collection":[{"href":"https:\/\/maryandthewax.com\/index.php?rest_route=\/wp\/v2\/product"}],"about":[{"href":"https:\/\/maryandthewax.com\/index.php?rest_route=\/wp\/v2\/types\/product"}],"replies":[{"embeddable":true,"href":"https:\/\/maryandthewax.com\/index.php?rest_route=%2Fwp%2Fv2%2Fcomments&post=255914"}],"wp:featuredmedia":[{"embeddable":true,"href":"https:\/\/maryandthewax.com\/index.php?rest_route=\/wp\/v2\/media\/255917"}],"wp:attachment":[{"href":"https:\/\/maryandthewax.com\/index.php?rest_route=%2Fwp%2Fv2%2Fmedia&parent=255914"}],"wp:term":[{"taxonomy":"product_cat","embeddable":true,"href":"https:\/\/maryandthewax.com\/index.php?rest_route=%2Fwp%2Fv2%2Fproduct_cat&post=255914"},{"taxonomy":"product_tag","embeddable":true,"href":"https:\/\/maryandthewax.com\/index.php?rest_route=%2Fwp%2Fv2%2Fproduct_tag&post=255914"}],"curies":[{"name":"wp","href":"https:\/\/api.w.org\/{rel}","templated":true}]}}