{"id":250059,"date":"2023-04-29T01:48:56","date_gmt":"2023-04-28T23:48:56","guid":{"rendered":"https:\/\/maryandthewax.com\/?post_type=product&#038;p=250059"},"modified":"2024-01-05T03:34:14","modified_gmt":"2024-01-05T07:34:14","slug":"miawax-koko-red-koi","status":"publish","type":"product","link":"https:\/\/maryandthewax.com\/?product=miawax-koko-red-koi","title":{"rendered":"MIAWAX KOKO"},"content":{"rendered":"<p>Le Doudou MIAWAX est le compagnon des d\u00e9buts de Mary. Il saura \u00eatre celui des petits comme des plus grands. Ses couleurs vives et ses motifs originaux en feront un atout ind\u00e9niable pour retenir l\u2019attention. Il existe en deux tailles S (Small) et M (Medium). Il constitue un cadeau de naissance id\u00e9al mais aussi un cadeau pour les plus grand(e)s.<\/p>\n<p>Bien dodu, il garde sa forme en toute circonstance. Sa doublure et ses doubles coutures lui assurent une meilleure tenue dans le temps.<\/p>\n<p>Son rembourrage made in France est dense, lavable, antiallergique et imputrescible.<\/p>\n<p>Ses Finitions soign\u00e9es, ses couleurs originales et son moelleux \u00e0 toute \u00e9preuve en feront un partenaire incontournable. Fait main dans l\u2019atelier de Mary, votre MIAWAX est fabriqu\u00e9 en tr\u00e8s petite quantit\u00e9 voire en mod\u00e8le unique. La position du motif peut varier selon le mod\u00e8le.<\/p>\n","protected":false},"excerpt":{"rendered":"<p>Le Doudou MIAWAX est le compagnon des d\u00e9buts de Mary. Il saura \u00eatre celui des petits comme des plus grands. Ses couleurs vives et ses motifs originaux en feront un atout ind\u00e9niable pour retenir l\u2019attention.<\/p>\n","protected":false},"featured_media":250062,"comment_status":"open","ping_status":"closed","template":"","meta":{"_acf_changed":false,"_et_pb_use_builder":"","_et_pb_old_content":"","_et_gb_content_width":""},"product_cat":[52,27],"product_tag":[106],"class_list":{"0":"post-250059","1":"product","2":"type-product","3":"status-publish","4":"has-post-thumbnail","6":"product_cat-doudous","7":"product_cat-pour-les-petits","8":"product_tag-fabric-red-koi","10":"first","11":"outofstock","12":"purchasable","13":"product-type-variable"},"acf":[],"yoast_head":"<!-- This site is optimized with the Yoast SEO plugin v27.1.1 - https:\/\/yoast.com\/product\/yoast-seo-wordpress\/ -->\n<title>MIAWAX KOKO - maryandthewax.com<\/title>\n<meta name=\"robots\" content=\"index, follow, max-snippet:-1, max-image-preview:large, max-video-preview:-1\" \/>\n<link rel=\"canonical\" href=\"https:\/\/maryandthewax.com\/?product=miawax-koko-red-koi\" \/>\n<meta property=\"og:locale\" content=\"fr_FR\" \/>\n<meta property=\"og:type\" content=\"article\" \/>\n<meta property=\"og:title\" content=\"MIAWAX KOKO - maryandthewax.com\" \/>\n<meta property=\"og:description\" content=\"Le Doudou MIAWAX est le compagnon des d\u00e9buts de Mary. Il saura \u00eatre celui des petits comme des plus grands. Ses couleurs vives et ses motifs originaux en feront un atout ind\u00e9niable pour retenir l\u2019attention.\" \/>\n<meta property=\"og:url\" content=\"https:\/\/maryandthewax.com\/?product=miawax-koko-red-koi\" \/>\n<meta property=\"og:site_name\" content=\"maryandthewax.com\" \/>\n<meta property=\"article:modified_time\" content=\"2024-01-05T07:34:14+00:00\" \/>\n<meta property=\"og:image\" content=\"http:\/\/maryandthewax.com\/wp-content\/uploads\/2023\/04\/K1-021-MIAWAX-KOKO-RED-KOI-0S-0M.jpg\" \/>\n\t<meta property=\"og:image:width\" content=\"960\" \/>\n\t<meta property=\"og:image:height\" content=\"958\" \/>\n\t<meta property=\"og:image:type\" content=\"image\/jpeg\" \/>\n<meta name=\"twitter:card\" content=\"summary_large_image\" \/>\n<meta name=\"twitter:label1\" content=\"Dur\u00e9e de lecture estim\u00e9e\" \/>\n\t<meta name=\"twitter:data1\" content=\"1 minute\" \/>\n<script type=\"application\/ld+json\" class=\"yoast-schema-graph\">{\"@context\":\"https:\/\/schema.org\",\"@graph\":[{\"@type\":\"WebPage\",\"@id\":\"https:\/\/maryandthewax.com\/?product=miawax-koko-red-koi\",\"url\":\"https:\/\/maryandthewax.com\/?product=miawax-koko-red-koi\",\"name\":\"MIAWAX KOKO - maryandthewax.com\",\"isPartOf\":{\"@id\":\"https:\/\/maryandthewax.com\/#website\"},\"primaryImageOfPage\":{\"@id\":\"https:\/\/maryandthewax.com\/?product=miawax-koko-red-koi#primaryimage\"},\"image\":{\"@id\":\"https:\/\/maryandthewax.com\/?product=miawax-koko-red-koi#primaryimage\"},\"thumbnailUrl\":\"https:\/\/maryandthewax.com\/wp-content\/uploads\/2023\/04\/K1-021-MIAWAX-KOKO-RED-KOI-0S-0M.jpg\",\"datePublished\":\"2023-04-28T23:48:56+00:00\",\"dateModified\":\"2024-01-05T07:34:14+00:00\",\"breadcrumb\":{\"@id\":\"https:\/\/maryandthewax.com\/?product=miawax-koko-red-koi#breadcrumb\"},\"inLanguage\":\"fr-FR\",\"potentialAction\":[{\"@type\":\"ReadAction\",\"target\":[\"https:\/\/maryandthewax.com\/?product=miawax-koko-red-koi\"]}]},{\"@type\":\"ImageObject\",\"inLanguage\":\"fr-FR\",\"@id\":\"https:\/\/maryandthewax.com\/?product=miawax-koko-red-koi#primaryimage\",\"url\":\"https:\/\/maryandthewax.com\/wp-content\/uploads\/2023\/04\/K1-021-MIAWAX-KOKO-RED-KOI-0S-0M.jpg\",\"contentUrl\":\"https:\/\/maryandthewax.com\/wp-content\/uploads\/2023\/04\/K1-021-MIAWAX-KOKO-RED-KOI-0S-0M.jpg\",\"width\":960,\"height\":958},{\"@type\":\"BreadcrumbList\",\"@id\":\"https:\/\/maryandthewax.com\/?product=miawax-koko-red-koi#breadcrumb\",\"itemListElement\":[{\"@type\":\"ListItem\",\"position\":1,\"name\":\"Accueil\",\"item\":\"https:\/\/maryandthewax.com\/\"},{\"@type\":\"ListItem\",\"position\":2,\"name\":\"Shop\",\"item\":\"https:\/\/maryandthewax.com\/?page_id=252790\"},{\"@type\":\"ListItem\",\"position\":3,\"name\":\"MIAWAX KOKO\"}]},{\"@type\":\"WebSite\",\"@id\":\"https:\/\/maryandthewax.com\/#website\",\"url\":\"https:\/\/maryandthewax.com\/\",\"name\":\"maryandthewax.com\",\"description\":\"\",\"publisher\":{\"@id\":\"https:\/\/maryandthewax.com\/#organization\"},\"potentialAction\":[{\"@type\":\"SearchAction\",\"target\":{\"@type\":\"EntryPoint\",\"urlTemplate\":\"https:\/\/maryandthewax.com\/?s={search_term_string}\"},\"query-input\":{\"@type\":\"PropertyValueSpecification\",\"valueRequired\":true,\"valueName\":\"search_term_string\"}}],\"inLanguage\":\"fr-FR\"},{\"@type\":\"Organization\",\"@id\":\"https:\/\/maryandthewax.com\/#organization\",\"name\":\"maryandthewax.com\",\"url\":\"https:\/\/maryandthewax.com\/\",\"logo\":{\"@type\":\"ImageObject\",\"inLanguage\":\"fr-FR\",\"@id\":\"https:\/\/maryandthewax.com\/#\/schema\/logo\/image\/\",\"url\":\"https:\/\/maryandthewax.com\/wp-content\/uploads\/2023\/11\/LOGO-MATW-THE-WC-ROND-COULEUR-1080x1080-1.jpg\",\"contentUrl\":\"https:\/\/maryandthewax.com\/wp-content\/uploads\/2023\/11\/LOGO-MATW-THE-WC-ROND-COULEUR-1080x1080-1.jpg\",\"width\":1080,\"height\":1080,\"caption\":\"maryandthewax.com\"},\"image\":{\"@id\":\"https:\/\/maryandthewax.com\/#\/schema\/logo\/image\/\"},\"sameAs\":[\"https:\/\/www.instagram.com\/maryandthewax\/\"]}]}<\/script>\n<!-- \/ Yoast SEO plugin. -->","yoast_head_json":{"title":"MIAWAX KOKO - maryandthewax.com","robots":{"index":"index","follow":"follow","max-snippet":"max-snippet:-1","max-image-preview":"max-image-preview:large","max-video-preview":"max-video-preview:-1"},"canonical":"https:\/\/maryandthewax.com\/?product=miawax-koko-red-koi","og_locale":"fr_FR","og_type":"article","og_title":"MIAWAX KOKO - maryandthewax.com","og_description":"Le Doudou MIAWAX est le compagnon des d\u00e9buts de Mary. Il saura \u00eatre celui des petits comme des plus grands. Ses couleurs vives et ses motifs originaux en feront un atout ind\u00e9niable pour retenir l\u2019attention.","og_url":"https:\/\/maryandthewax.com\/?product=miawax-koko-red-koi","og_site_name":"maryandthewax.com","article_modified_time":"2024-01-05T07:34:14+00:00","og_image":[{"width":960,"height":958,"url":"http:\/\/maryandthewax.com\/wp-content\/uploads\/2023\/04\/K1-021-MIAWAX-KOKO-RED-KOI-0S-0M.jpg","type":"image\/jpeg"}],"twitter_card":"summary_large_image","twitter_misc":{"Dur\u00e9e de lecture estim\u00e9e":"1 minute"},"schema":{"@context":"https:\/\/schema.org","@graph":[{"@type":"WebPage","@id":"https:\/\/maryandthewax.com\/?product=miawax-koko-red-koi","url":"https:\/\/maryandthewax.com\/?product=miawax-koko-red-koi","name":"MIAWAX KOKO - maryandthewax.com","isPartOf":{"@id":"https:\/\/maryandthewax.com\/#website"},"primaryImageOfPage":{"@id":"https:\/\/maryandthewax.com\/?product=miawax-koko-red-koi#primaryimage"},"image":{"@id":"https:\/\/maryandthewax.com\/?product=miawax-koko-red-koi#primaryimage"},"thumbnailUrl":"https:\/\/maryandthewax.com\/wp-content\/uploads\/2023\/04\/K1-021-MIAWAX-KOKO-RED-KOI-0S-0M.jpg","datePublished":"2023-04-28T23:48:56+00:00","dateModified":"2024-01-05T07:34:14+00:00","breadcrumb":{"@id":"https:\/\/maryandthewax.com\/?product=miawax-koko-red-koi#breadcrumb"},"inLanguage":"fr-FR","potentialAction":[{"@type":"ReadAction","target":["https:\/\/maryandthewax.com\/?product=miawax-koko-red-koi"]}]},{"@type":"ImageObject","inLanguage":"fr-FR","@id":"https:\/\/maryandthewax.com\/?product=miawax-koko-red-koi#primaryimage","url":"https:\/\/maryandthewax.com\/wp-content\/uploads\/2023\/04\/K1-021-MIAWAX-KOKO-RED-KOI-0S-0M.jpg","contentUrl":"https:\/\/maryandthewax.com\/wp-content\/uploads\/2023\/04\/K1-021-MIAWAX-KOKO-RED-KOI-0S-0M.jpg","width":960,"height":958},{"@type":"BreadcrumbList","@id":"https:\/\/maryandthewax.com\/?product=miawax-koko-red-koi#breadcrumb","itemListElement":[{"@type":"ListItem","position":1,"name":"Accueil","item":"https:\/\/maryandthewax.com\/"},{"@type":"ListItem","position":2,"name":"Shop","item":"https:\/\/maryandthewax.com\/?page_id=252790"},{"@type":"ListItem","position":3,"name":"MIAWAX KOKO"}]},{"@type":"WebSite","@id":"https:\/\/maryandthewax.com\/#website","url":"https:\/\/maryandthewax.com\/","name":"maryandthewax.com","description":"","publisher":{"@id":"https:\/\/maryandthewax.com\/#organization"},"potentialAction":[{"@type":"SearchAction","target":{"@type":"EntryPoint","urlTemplate":"https:\/\/maryandthewax.com\/?s={search_term_string}"},"query-input":{"@type":"PropertyValueSpecification","valueRequired":true,"valueName":"search_term_string"}}],"inLanguage":"fr-FR"},{"@type":"Organization","@id":"https:\/\/maryandthewax.com\/#organization","name":"maryandthewax.com","url":"https:\/\/maryandthewax.com\/","logo":{"@type":"ImageObject","inLanguage":"fr-FR","@id":"https:\/\/maryandthewax.com\/#\/schema\/logo\/image\/","url":"https:\/\/maryandthewax.com\/wp-content\/uploads\/2023\/11\/LOGO-MATW-THE-WC-ROND-COULEUR-1080x1080-1.jpg","contentUrl":"https:\/\/maryandthewax.com\/wp-content\/uploads\/2023\/11\/LOGO-MATW-THE-WC-ROND-COULEUR-1080x1080-1.jpg","width":1080,"height":1080,"caption":"maryandthewax.com"},"image":{"@id":"https:\/\/maryandthewax.com\/#\/schema\/logo\/image\/"},"sameAs":["https:\/\/www.instagram.com\/maryandthewax\/"]}]}},"_links":{"self":[{"href":"https:\/\/maryandthewax.com\/index.php?rest_route=\/wp\/v2\/product\/250059","targetHints":{"allow":["GET"]}}],"collection":[{"href":"https:\/\/maryandthewax.com\/index.php?rest_route=\/wp\/v2\/product"}],"about":[{"href":"https:\/\/maryandthewax.com\/index.php?rest_route=\/wp\/v2\/types\/product"}],"replies":[{"embeddable":true,"href":"https:\/\/maryandthewax.com\/index.php?rest_route=%2Fwp%2Fv2%2Fcomments&post=250059"}],"wp:featuredmedia":[{"embeddable":true,"href":"https:\/\/maryandthewax.com\/index.php?rest_route=\/wp\/v2\/media\/250062"}],"wp:attachment":[{"href":"https:\/\/maryandthewax.com\/index.php?rest_route=%2Fwp%2Fv2%2Fmedia&parent=250059"}],"wp:term":[{"taxonomy":"product_cat","embeddable":true,"href":"https:\/\/maryandthewax.com\/index.php?rest_route=%2Fwp%2Fv2%2Fproduct_cat&post=250059"},{"taxonomy":"product_tag","embeddable":true,"href":"https:\/\/maryandthewax.com\/index.php?rest_route=%2Fwp%2Fv2%2Fproduct_tag&post=250059"}],"curies":[{"name":"wp","href":"https:\/\/api.w.org\/{rel}","templated":true}]}}